{"id":715929,"date":"2025-08-27T17:36:22","date_gmt":"2025-08-27T14:36:22","guid":{"rendered":"https:\/\/roveyayinevi.com.tr\/index.php\/urun\/mete-kucuk-alp\/"},"modified":"2026-04-16T02:23:58","modified_gmt":"2026-04-15T23:23:58","slug":"mete-kucuk-alp","status":"publish","type":"product","link":"https:\/\/roveyayinevi.com.tr\/index.php\/urun\/mete-kucuk-alp\/","title":{"rendered":"Mete &#8211; K\u00fc\u00e7\u00fck Alp"},"content":{"rendered":"<p>Merhaba, benim ad\u0131m Mete. Sizden yakla\u015f\u0131k 2200 y\u0131l \u00f6nce \u00d6t\u00fcken\u2019de do\u011fdum. Orta Asya\u2019da Altay Da\u011flar\u0131 ile Orhun Nehri aras\u0131nda kalan geni\u015f bozk\u0131rda \u00f6zg\u00fcrce at ko\u015fturup maceralar ya\u015fad\u0131m. Ben de sizler gibi oyun oynamay\u0131, e\u011flenmeyi ve arkada\u015flar\u0131mla zaman ge\u00e7irmeyi \u00e7ok seviyordum.B\u00fcy\u00fcklerimden ve e\u011fitmenlerimden \u00e7ok \u015fey \u00f6\u011frendim. Maceralar\u0131m ve \u00f6\u011frendiklerim sayesinde b\u00fcy\u00fck bir ka\u011fan oldum. Hun Devleti\u2019ni bilinen en geni\u015f s\u0131n\u0131rlar\u0131na ula\u015ft\u0131r\u0131p b\u00fct\u00fcn T\u00fcrkleri tek bayrak alt\u0131nda toplad\u0131m. G\u00fcn\u00fcn\u00fczde bile ordularda benim buldu\u011fum onluk sistem kullan\u0131lmaya devam ediyor ve ad\u0131m dilden dile dola\u015f\u0131yor.Bu kitapta \u00e7ocukluk maceralar\u0131m\u0131n baz\u0131lar\u0131n\u0131 okurken \u00f6z T\u00fcrk\u00e7e kelimeler \u00f6\u011frenecek ve bulmacalarla e\u011fleneceksiniz. Ayr\u0131ca sahip oldu\u011fum de\u011ferlere de ortak olacaks\u0131n\u0131z.Milli Birlik ve Beraberlik\u00c7al\u0131\u015fkanl\u0131kVatan ve Millet SevgisiSorumlulukHayvan SevgisiAdaletMerhametD\u00fcr\u00fcstl\u00fck<\/p>\n","protected":false},"excerpt":{"rendered":"<p>Merhaba, benim ad\u0131m Mete. Sizden yakla\u015f\u0131k 2200 y\u0131l \u00f6nce \u00d6t\u00fcken\u2019de do\u011fdum. Orta Asya\u2019da Altay Da\u011flar\u0131 ile Orhun Nehri aras\u0131nda kalan geni\u015f bozk\u0131rda \u00f6zg\u00fcrce at ko\u015fturup maceralar<span class=\"excerpt-hellip\"> [\u2026]<\/span><\/p>\n","protected":false},"featured_media":0,"template":"","meta":{"_monsterinsights_skip_tracking":false,"_monsterinsights_sitenote_active":false,"_monsterinsights_sitenote_note":"","_monsterinsights_sitenote_category":0},"product_brand":[],"product_cat":[12291,12711],"product_tag":[],"class_list":{"0":"post-715929","1":"product","2":"type-product","3":"status-publish","5":"product_cat-edebiyat","6":"product_cat-roman-oyku","7":"pa_cilt-ciltsiz","8":"pa_tur-kitap","9":"pa_yayinevi-bilge-kultur-sanat","10":"pa_yazar-lokman-aydogan-murat-utku","12":"first","13":"instock","14":"sale","15":"shipping-taxable","16":"purchasable","17":"product-type-simple"},"_links":{"self":[{"href":"https:\/\/roveyayinevi.com.tr\/index.php\/wp-json\/wp\/v2\/product\/715929","targetHints":{"allow":["GET"]}}],"collection":[{"href":"https:\/\/roveyayinevi.com.tr\/index.php\/wp-json\/wp\/v2\/product"}],"about":[{"href":"https:\/\/roveyayinevi.com.tr\/index.php\/wp-json\/wp\/v2\/types\/product"}],"wp:attachment":[{"href":"https:\/\/roveyayinevi.com.tr\/index.php\/wp-json\/wp\/v2\/media?parent=715929"}],"wp:term":[{"taxonomy":"product_brand","embeddable":true,"href":"https:\/\/roveyayinevi.com.tr\/index.php\/wp-json\/wp\/v2\/product_brand?post=715929"},{"taxonomy":"product_cat","embeddable":true,"href":"https:\/\/roveyayinevi.com.tr\/index.php\/wp-json\/wp\/v2\/product_cat?post=715929"},{"taxonomy":"product_tag","embeddable":true,"href":"https:\/\/roveyayinevi.com.tr\/index.php\/wp-json\/wp\/v2\/product_tag?post=715929"}],"curies":[{"name":"wp","href":"https:\/\/api.w.org\/{rel}","templated":true}]}}