{"id":715926,"date":"2025-08-27T17:36:20","date_gmt":"2025-08-27T14:36:20","guid":{"rendered":"https:\/\/roveyayinevi.com.tr\/index.php\/urun\/deli-kiz\/"},"modified":"2026-04-08T02:31:00","modified_gmt":"2026-04-07T23:31:00","slug":"deli-kiz","status":"publish","type":"product","link":"https:\/\/roveyayinevi.com.tr\/index.php\/urun\/deli-kiz\/","title":{"rendered":"Deli K\u0131z"},"content":{"rendered":"<p>Siz hi\u00e7 kendinizi bir yaprak gibi hissettiniz mi? G\u00f6zlerimi kapat\u0131p o g\u00fcn olanlar\u0131 her hat\u0131rlad\u0131\u011f\u0131mda ayn\u0131 hissi ya\u015f\u0131yorum. R\u00fczg\u00e2rda iradem d\u0131\u015f\u0131nda savrulan bir yaprak gibiydim. Uzun s\u00fcre boyunca sonunu hi\u00e7 g\u00f6remeden ve ne olaca\u011f\u0131n\u0131 hi\u00e7 bilemeden, hayat\u0131m y\u00f6n de\u011fi\u015ftirip durdu. Sonra bir nehre d\u00fc\u015ft\u00fcm ve ya\u015fam\u0131m, o co\u015fkun ak\u0131\u015f\u0131n y\u00f6n vermesiyle devam etti. Yine se\u00e7imim d\u0131\u015f\u0131nda bir yolculu\u011fa devam ediyordum ama en az\u0131ndan gitti\u011fim y\u00f6n belliydi. Ak\u0131nt\u0131ya kar\u015f\u0131 koyma iste\u011fim ise cidden komikti. Bir yapra\u011f\u0131n koskoca nehir kar\u015f\u0131s\u0131ndaki \u015fans\u0131 nedir ki? Belki de benim hayatla ilgili, herkesin kendi hayat\u0131nda d\u00f6n\u00fcm noktas\u0131 dedi\u011fi ilah\u00ee mesaj\u0131m bu zor yolla gelmi\u015fti. Mesaj\u2026 Evet, her \u015fey bir mesajla ba\u015flam\u0131\u015ft\u0131 zaten. O g\u00fcn gelen ve aptal bir gen\u00e7lik heyecan\u0131yla ard\u0131n\u0131 hi\u00e7 sorgulamadan cevaplad\u0131\u011f\u0131m bir mesaj\u2026 Kadir, k\u0131z arkada\u015f\u0131ndan gelen mesaj \u00fczerine onun istedi\u011fi yere gider ancak i\u00e7ine \u00e7ekildi\u011fi \u015fey bekledi\u011fi gibi romantik bir bulu\u015fma olmayacakt\u0131r. \u00c7\u00fcnk\u00fc gitti\u011fi yerde onu bekleyen ki\u015fi sevgilisi de\u011fil Asl\u0131\u2019d\u0131r. Herkesin Deli K\u0131z diye bildi\u011fi Asl\u0131\u2026<\/p>\n","protected":false},"excerpt":{"rendered":"<p>Siz hi\u00e7 kendinizi bir yaprak gibi hissettiniz mi? G\u00f6zlerimi kapat\u0131p o g\u00fcn olanlar\u0131 her hat\u0131rlad\u0131\u011f\u0131mda ayn\u0131 hissi ya\u015f\u0131yorum. R\u00fczg\u00e2rda iradem d\u0131\u015f\u0131nda savrulan bir yaprak gibiydim. Uzun<span class=\"excerpt-hellip\"> [\u2026]<\/span><\/p>\n","protected":false},"featured_media":0,"template":"","meta":{"_monsterinsights_skip_tracking":false,"_monsterinsights_sitenote_active":false,"_monsterinsights_sitenote_note":"","_monsterinsights_sitenote_category":0},"product_brand":[],"product_cat":[12291,12711],"product_tag":[],"class_list":{"0":"post-715926","1":"product","2":"type-product","3":"status-publish","5":"product_cat-edebiyat","6":"product_cat-roman-oyku","7":"pa_cilt-ciltsiz","8":"pa_tur-kitap","9":"pa_yayinevi-nemesis-kitap","10":"pa_yazar-gulsen-kilicaslan","12":"first","13":"instock","14":"sale","15":"shipping-taxable","16":"purchasable","17":"product-type-simple"},"_links":{"self":[{"href":"https:\/\/roveyayinevi.com.tr\/index.php\/wp-json\/wp\/v2\/product\/715926","targetHints":{"allow":["GET"]}}],"collection":[{"href":"https:\/\/roveyayinevi.com.tr\/index.php\/wp-json\/wp\/v2\/product"}],"about":[{"href":"https:\/\/roveyayinevi.com.tr\/index.php\/wp-json\/wp\/v2\/types\/product"}],"wp:attachment":[{"href":"https:\/\/roveyayinevi.com.tr\/index.php\/wp-json\/wp\/v2\/media?parent=715926"}],"wp:term":[{"taxonomy":"product_brand","embeddable":true,"href":"https:\/\/roveyayinevi.com.tr\/index.php\/wp-json\/wp\/v2\/product_brand?post=715926"},{"taxonomy":"product_cat","embeddable":true,"href":"https:\/\/roveyayinevi.com.tr\/index.php\/wp-json\/wp\/v2\/product_cat?post=715926"},{"taxonomy":"product_tag","embeddable":true,"href":"https:\/\/roveyayinevi.com.tr\/index.php\/wp-json\/wp\/v2\/product_tag?post=715926"}],"curies":[{"name":"wp","href":"https:\/\/api.w.org\/{rel}","templated":true}]}}