{"id":715925,"date":"2025-08-27T17:36:19","date_gmt":"2025-08-27T14:36:19","guid":{"rendered":"https:\/\/roveyayinevi.com.tr\/index.php\/urun\/deli-2\/"},"modified":"2026-04-08T02:31:00","modified_gmt":"2026-04-07T23:31:00","slug":"deli-2","status":"publish","type":"product","link":"https:\/\/roveyayinevi.com.tr\/index.php\/urun\/deli-2\/","title":{"rendered":"Deli"},"content":{"rendered":"<p>Annem ve babam, bana kar\u015f\u0131 hi\u00e7bir zaman, o sevgi dolu ve ilgili anne babalar gibi olmad\u0131lar. O y\u00fczden ben de k\u00fc\u00e7\u00fckl\u00fc\u011f\u00fcmden beri kendimi, reng\u00e2renk hayaller kurarak mutlu etmeyi \u00f6\u011frendim. En sevdi\u011fim hayalin rengi ise beyazd\u0131. Beyaz bir gelinlik&#8230; Beyaz, mutlulu\u011fun, a\u015fk\u0131n ve bir g\u00fcn kendi yuvam\u0131 kurabilece\u011fimin m\u00fcjdecisiydi. Bu evde kavu\u015famad\u0131\u011f\u0131m huzura, kendi kurdu\u011fum yuvada sahip olaca\u011f\u0131ma ger\u00e7ekten inanarak b\u00fcy\u00fcm\u00fc\u015ft\u00fcm. Oysa \u015fimdi ailem, bu hayalimi de elimden alm\u0131\u015ft\u0131.Benimle hi\u00e7bir ilgisi olmayan bir olaydan dolay\u0131, hi\u00e7 tan\u0131mad\u0131\u011f\u0131m ve civardaki herkesin Deli diye bildi\u011fi bir adamla evlenmek zorundayd\u0131m. T\u00fcm il\u00e7ede deli diye tan\u0131nan bir adam: Emre. Arad\u0131\u011f\u0131 \u015fefkati ailesinden bile g\u00f6rememi\u015f, tek hayali bir g\u00fcn sevdi\u011fi adamla evlenmek olan bir gen\u00e7 k\u0131z: Elif. Ve zoraki bir evlilik. Kimsenin bilmedi\u011fi bir psikolojik sorunla bo\u011fu\u015fan Emre ve Emre\u2019yi tan\u0131d\u0131k\u00e7a ona kar\u015f\u0131 anlayamad\u0131\u011f\u0131 bir \u015fekilde merhamet duymaya ba\u015flayan Elif, ger\u00e7ek bir aile olabilecek miydi?   Emre tekrar delirmeseydi; belki\u2026 <\/p>\n","protected":false},"excerpt":{"rendered":"<p>Annem ve babam, bana kar\u015f\u0131 hi\u00e7bir zaman, o sevgi dolu ve ilgili anne babalar gibi olmad\u0131lar. O y\u00fczden ben de k\u00fc\u00e7\u00fckl\u00fc\u011f\u00fcmden beri kendimi, reng\u00e2renk hayaller kurarak<span class=\"excerpt-hellip\"> [\u2026]<\/span><\/p>\n","protected":false},"featured_media":0,"template":"","meta":{"_monsterinsights_skip_tracking":false,"_monsterinsights_sitenote_active":false,"_monsterinsights_sitenote_note":"","_monsterinsights_sitenote_category":0},"product_brand":[],"product_cat":[12291,12711],"product_tag":[],"class_list":{"0":"post-715925","1":"product","2":"type-product","3":"status-publish","5":"product_cat-edebiyat","6":"product_cat-roman-oyku","7":"pa_cilt-ciltsiz","8":"pa_tur-kitap","9":"pa_yayinevi-nemesis-kitap","10":"pa_yazar-gulsen-kilicaslan","12":"first","13":"instock","14":"sale","15":"shipping-taxable","16":"purchasable","17":"product-type-simple"},"_links":{"self":[{"href":"https:\/\/roveyayinevi.com.tr\/index.php\/wp-json\/wp\/v2\/product\/715925","targetHints":{"allow":["GET"]}}],"collection":[{"href":"https:\/\/roveyayinevi.com.tr\/index.php\/wp-json\/wp\/v2\/product"}],"about":[{"href":"https:\/\/roveyayinevi.com.tr\/index.php\/wp-json\/wp\/v2\/types\/product"}],"wp:attachment":[{"href":"https:\/\/roveyayinevi.com.tr\/index.php\/wp-json\/wp\/v2\/media?parent=715925"}],"wp:term":[{"taxonomy":"product_brand","embeddable":true,"href":"https:\/\/roveyayinevi.com.tr\/index.php\/wp-json\/wp\/v2\/product_brand?post=715925"},{"taxonomy":"product_cat","embeddable":true,"href":"https:\/\/roveyayinevi.com.tr\/index.php\/wp-json\/wp\/v2\/product_cat?post=715925"},{"taxonomy":"product_tag","embeddable":true,"href":"https:\/\/roveyayinevi.com.tr\/index.php\/wp-json\/wp\/v2\/product_tag?post=715925"}],"curies":[{"name":"wp","href":"https:\/\/api.w.org\/{rel}","templated":true}]}}