{"id":715923,"date":"2025-08-27T17:36:18","date_gmt":"2025-08-27T14:36:18","guid":{"rendered":"https:\/\/roveyayinevi.com.tr\/index.php\/urun\/deniz-kiyisinda-kosan-ala-kopek\/"},"modified":"2026-04-08T02:31:00","modified_gmt":"2026-04-07T23:31:00","slug":"deniz-kiyisinda-kosan-ala-kopek","status":"publish","type":"product","link":"https:\/\/roveyayinevi.com.tr\/index.php\/urun\/deniz-kiyisinda-kosan-ala-kopek\/","title":{"rendered":"Deniz K\u0131y\u0131s\u0131nda Ko\u015fan Ala K\u00f6pek"},"content":{"rendered":"<p>Deniz K\u0131y\u0131s\u0131nda Ko\u015fan Ala K\u00f6pek, Cengiz Aytmatov\u2019un mitoloji ile g\u00fcndelik hayat\u0131 bir araya getirdi\u011fi ve insanl\u0131\u011f\u0131n en b\u00fcy\u00fck erdemlerinden olan metanet ve fedak\u00e2rl\u0131\u011f\u0131n trajik hayatlar\u0131m\u0131zda ne kadar b\u00fcy\u00fck bir \u00f6neme sahip oldu\u011funu e\u015fsiz bir \u00fcslupla anlatt\u0131\u011f\u0131 hik\u00e2yesidir. Okuyucuyu h\u00fcz\u00fcnlendiren ve tesiri alt\u0131na alan bu hik\u00e2ye, Aytmatov\u2019un di\u011fer hik\u00e2yelerinden farkl\u0131 olarak bir bozk\u0131rda de\u011fil, denizin tam ortas\u0131nda ge\u00e7er. Bir yarat\u0131l\u0131\u015f efsanesi ile ba\u015flayan hik\u00e2yede bir baban\u0131n, evlad\u0131 i\u00e7in hayat\u0131ndan vazge\u00e7i\u015finden bahsedilir. Hatta yaln\u0131zca bir baban\u0131n de\u011fil, k\u00fc\u00e7\u00fck bir \u00e7ocuk olan Kirisk\u2019in ya\u015famas\u0131 i\u00e7in \u00fc\u00e7 adam\u0131n \u00f6l\u00fcme gidi\u015fi \u00e2deta y\u00fcre\u011finize i\u015flenerek anlat\u0131l\u0131r. \u201cKoca bir denizin ortas\u0131nda susuzluktan \u00f6l\u00fcp gitmek korkun\u00e7 bir \u015feydi. Eskiden \u00f6v\u00fcnd\u00fc\u011f\u00fc nesi varsa hepsi yok olup gitmi\u015fti ve \u00f6l\u00fcm hi\u00e7 de uzak de\u011fildi art\u0131k. Ama g\u00f6\u011fs\u00fcndeki y\u00fcre\u011fi yine gen\u00e7lik y\u0131llar\u0131ndaki arzularla, tutkuyla \u00e7arp\u0131yor, g\u00f6nl\u00fc kocam\u0131yordu. Ne b\u00fcy\u00fck bir felaketti g\u00f6nl\u00fcn hi\u00e7 ya\u015flanmamas\u0131! \u00c7\u00fcnk\u00fc, g\u00f6n\u00fcl ya\u015flanmay\u0131nca, d\u00fc\u015fleri, d\u00fc\u015f\u00fcnceleri de de\u011fi\u015fmiyordu. Ve insan ancak r\u00fcyada, d\u00fc\u015f\u00fcncelerde h\u00fcr ve \u00f6l\u00fcms\u00fczd\u00fc\u2026&#8221;<\/p>\n","protected":false},"excerpt":{"rendered":"<p>Deniz K\u0131y\u0131s\u0131nda Ko\u015fan Ala K\u00f6pek, Cengiz Aytmatov\u2019un mitoloji ile g\u00fcndelik hayat\u0131 bir araya getirdi\u011fi ve insanl\u0131\u011f\u0131n en b\u00fcy\u00fck erdemlerinden olan metanet ve fedak\u00e2rl\u0131\u011f\u0131n trajik hayatlar\u0131m\u0131zda ne<span class=\"excerpt-hellip\"> [\u2026]<\/span><\/p>\n","protected":false},"featured_media":0,"template":"","meta":{"_monsterinsights_skip_tracking":false,"_monsterinsights_sitenote_active":false,"_monsterinsights_sitenote_note":"","_monsterinsights_sitenote_category":0},"product_brand":[],"product_cat":[12291,12711],"product_tag":[],"class_list":{"0":"post-715923","1":"product","2":"type-product","3":"status-publish","5":"product_cat-edebiyat","6":"product_cat-roman-oyku","7":"pa_cilt-ciltsiz","8":"pa_tur-kitap","9":"pa_yayinevi-otuken-nesriyat","10":"pa_yazar-cengiz-aytmatov","12":"first","13":"instock","14":"sale","15":"shipping-taxable","16":"purchasable","17":"product-type-simple"},"_links":{"self":[{"href":"https:\/\/roveyayinevi.com.tr\/index.php\/wp-json\/wp\/v2\/product\/715923","targetHints":{"allow":["GET"]}}],"collection":[{"href":"https:\/\/roveyayinevi.com.tr\/index.php\/wp-json\/wp\/v2\/product"}],"about":[{"href":"https:\/\/roveyayinevi.com.tr\/index.php\/wp-json\/wp\/v2\/types\/product"}],"wp:attachment":[{"href":"https:\/\/roveyayinevi.com.tr\/index.php\/wp-json\/wp\/v2\/media?parent=715923"}],"wp:term":[{"taxonomy":"product_brand","embeddable":true,"href":"https:\/\/roveyayinevi.com.tr\/index.php\/wp-json\/wp\/v2\/product_brand?post=715923"},{"taxonomy":"product_cat","embeddable":true,"href":"https:\/\/roveyayinevi.com.tr\/index.php\/wp-json\/wp\/v2\/product_cat?post=715923"},{"taxonomy":"product_tag","embeddable":true,"href":"https:\/\/roveyayinevi.com.tr\/index.php\/wp-json\/wp\/v2\/product_tag?post=715923"}],"curies":[{"name":"wp","href":"https:\/\/api.w.org\/{rel}","templated":true}]}}