{"id":715922,"date":"2025-08-27T17:36:17","date_gmt":"2025-08-27T14:36:17","guid":{"rendered":"https:\/\/roveyayinevi.com.tr\/index.php\/urun\/deve-gozu\/"},"modified":"2026-04-08T02:31:00","modified_gmt":"2026-04-07T23:31:00","slug":"deve-gozu","status":"publish","type":"product","link":"https:\/\/roveyayinevi.com.tr\/index.php\/urun\/deve-gozu\/","title":{"rendered":"Deve G\u00f6z\u00fc"},"content":{"rendered":"<p>Eserleriyle d\u00fcnya edebiyat\u0131nda en fazla tan\u0131nan yazarlardan olan Cengiz Aytmatov, bu k\u0131sa hik\u00e2yesinde her zamanki berrak ve sade \u00fcsl\u00fbbunu bu defa tabiat tasvirleri i\u00e7in kullanm\u0131\u015ft\u0131r. Onun eserlerini okurken, tasvir etti\u011fi yerlere ayak basm\u0131\u015f, o yerleri kar\u0131\u015f kar\u0131\u015f gezmi\u015f gibi hissedersiniz. Deve G\u00f6z\u00fc isimli bu hik\u00e2ye de i\u015fte o eserlerden biridir. Aytmatov\u2019un halk ile ayd\u0131nlar aras\u0131ndaki \u00e7at\u0131\u015fmaya da yer verdi\u011fi bu hik\u00e2yesi, k\u0131sal\u0131\u011f\u0131na ra\u011fmen okuyucuda iz b\u0131rak\u0131r. Bunda hik\u00e2yenin muhtevas\u0131 kadar Aytmatov\u2019un \u00fcslubunun da tesiri oldu\u011fu muhakkakt\u0131r.<\/p>\n","protected":false},"excerpt":{"rendered":"<p>Eserleriyle d\u00fcnya edebiyat\u0131nda en fazla tan\u0131nan yazarlardan olan Cengiz Aytmatov, bu k\u0131sa hik\u00e2yesinde her zamanki berrak ve sade \u00fcsl\u00fbbunu bu defa tabiat tasvirleri i\u00e7in kullanm\u0131\u015ft\u0131r. Onun<span class=\"excerpt-hellip\"> [\u2026]<\/span><\/p>\n","protected":false},"featured_media":0,"template":"","meta":{"_monsterinsights_skip_tracking":false,"_monsterinsights_sitenote_active":false,"_monsterinsights_sitenote_note":"","_monsterinsights_sitenote_category":0},"product_brand":[],"product_cat":[12291,12711],"product_tag":[],"class_list":{"0":"post-715922","1":"product","2":"type-product","3":"status-publish","5":"product_cat-edebiyat","6":"product_cat-roman-oyku","7":"pa_cilt-ciltsiz","8":"pa_tur-kitap","9":"pa_yayinevi-otuken-nesriyat","10":"pa_yazar-cengiz-aytmatov","12":"first","13":"instock","14":"sale","15":"shipping-taxable","16":"purchasable","17":"product-type-simple"},"_links":{"self":[{"href":"https:\/\/roveyayinevi.com.tr\/index.php\/wp-json\/wp\/v2\/product\/715922","targetHints":{"allow":["GET"]}}],"collection":[{"href":"https:\/\/roveyayinevi.com.tr\/index.php\/wp-json\/wp\/v2\/product"}],"about":[{"href":"https:\/\/roveyayinevi.com.tr\/index.php\/wp-json\/wp\/v2\/types\/product"}],"wp:attachment":[{"href":"https:\/\/roveyayinevi.com.tr\/index.php\/wp-json\/wp\/v2\/media?parent=715922"}],"wp:term":[{"taxonomy":"product_brand","embeddable":true,"href":"https:\/\/roveyayinevi.com.tr\/index.php\/wp-json\/wp\/v2\/product_brand?post=715922"},{"taxonomy":"product_cat","embeddable":true,"href":"https:\/\/roveyayinevi.com.tr\/index.php\/wp-json\/wp\/v2\/product_cat?post=715922"},{"taxonomy":"product_tag","embeddable":true,"href":"https:\/\/roveyayinevi.com.tr\/index.php\/wp-json\/wp\/v2\/product_tag?post=715922"}],"curies":[{"name":"wp","href":"https:\/\/api.w.org\/{rel}","templated":true}]}}