{"id":715917,"date":"2025-08-27T17:36:14","date_gmt":"2025-08-27T14:36:14","guid":{"rendered":"https:\/\/roveyayinevi.com.tr\/index.php\/urun\/albert-amca-ile-zaman-ve-uzay-kara-delikler-kuantum-macerasi\/"},"modified":"2026-04-16T02:23:58","modified_gmt":"2026-04-15T23:23:58","slug":"albert-amca-ile-zaman-ve-uzay-kara-delikler-kuantum-macerasi","status":"publish","type":"product","link":"https:\/\/roveyayinevi.com.tr\/index.php\/urun\/albert-amca-ile-zaman-ve-uzay-kara-delikler-kuantum-macerasi\/","title":{"rendered":"Albert Amca ile  Zaman ve Uzay &#8211; Kara Delikler &#8211; Kuantum Maceras\u0131"},"content":{"rendered":"<p>Deneyimli pedagog, fizik\u00e7i ve yazar Russell Stannard \u201cAlbert Amca\u201d dizisiyle, Einstein\u2019\u0131n teorilerini, \u0131\u015f\u0131k h\u0131z\u0131 ve g\u00f6relilik gibi \u00f6nemli kavramlar\u0131 ustal\u0131kl\u0131, anla\u015f\u0131l\u0131r, e\u011flenceli bir dille aktar\u0131rken, karma\u015f\u0131k bilimsel ger\u00e7eklerin g\u00fcndelik \u00f6rnekler \u00fczerinden kolayl\u0131kla anla\u015f\u0131lmas\u0131n\u0131 sa\u011fl\u0131yorStannard, Einstein\u2019\u0131n bilime sa\u011flad\u0131\u011f\u0131 b\u00fcy\u00fck katk\u0131lar\u0131n yan\u0131 s\u0131ra, \u00fcnl\u00fc biliminsan\u0131n\u0131n s\u0131rad\u0131\u015f\u0131, renkli ve al\u00e7akg\u00f6n\u00fcll\u00fc karakterini de sayfalara yans\u0131t\u0131yor. Kitapta her soruyu sab\u0131rla cevaplayan, denemekten asla korkmayan, \u00e7ocuklara ve gen\u00e7lere bunun \u00f6nemini anlatan bir Einstein\u2019la kar\u015f\u0131la\u015f\u0131yoruz. Albert Amca \u00fc\u00e7lemesinin ilk kitab\u0131 Zaman ve Uzay\u2019da Albert Einstein ile merakl\u0131 ye\u011feni Gedanken\u2019in \u201cd\u00fc\u015f\u00fcnce\u201d deneyleri ger\u00e7e\u011fe ve her bilimsel ger\u00e7ek de heyecan dolu bir ser\u00fcvene d\u00f6n\u00fc\u015f\u00fcyor. Kitap uzaybilimle yeni tan\u0131\u015fan her ya\u015ftan okuru etkileyecek t\u00fcrden. \u0130kilinin bu kitapta cevab\u0131n\u0131 arad\u0131klar\u0131 sorulardan baz\u0131lar\u0131 \u015funlar: I\u015f\u0131k h\u0131z\u0131n\u0131 ge\u00e7mek m\u00fcmk\u00fcn m\u00fc? \u015ei\u015fmanlamadan nas\u0131l kilo al\u0131r\u0131z? Nas\u0131l sonsuza kadar ya\u015fayabilir ve bunun fark\u0131nda olmay\u0131z? Ni\u00e7in bazen hareket edenin biz mi yoksa yan\u0131m\u0131zdaki araba m\u0131 oldu\u011funu anlayamay\u0131z? Albert Amca dizisinin ikinci kitab\u0131 Kara Delikler\u2019de Einstein ve ye\u011feni Gedanken d\u00fc\u015f\u00fcnce balonunun bilinmeyen ve ola\u011fan\u00fcst\u00fc d\u00fcnyas\u0131na ad\u0131m at\u0131yorlar. G\u00f6revleriyse her \u015feyi yutan kara deliklerin gizemini \u00e7\u00f6zmek. Peki bu gizemi b\u00f6cekleri inceleyerek \u00e7\u00f6zebilirler mi? Einstein\u2019in seksen y\u0131ldan uzun zaman \u00f6nce yay\u0131mlad\u0131\u011f\u0131 ve modern fizi\u011fin yap\u0131ta\u015flar\u0131ndan g\u00f6relilik kuram\u0131, Stannard\u2019\u0131n e\u011flenceli anlat\u0131m\u0131yla heyecan dolu bir ser\u00fcvene d\u00f6n\u00fc\u015f\u00fcyor. \u0130\u015fte bu kitapta cevab\u0131n\u0131 arad\u0131\u011f\u0131m\u0131z baz\u0131 sorular: K\u00fctle\u00e7ekim nedir? Ne i\u015fe yarar? Ay\u2019da k\u00fctle\u00e7ekimin olmad\u0131\u011f\u0131n\u0131 da kim s\u00f6yledi?! Uzay\u0131 titrek bir j\u00f6leye benzetebilir miyiz? <\/p>\n","protected":false},"excerpt":{"rendered":"<p>Deneyimli pedagog, fizik\u00e7i ve yazar Russell Stannard \u201cAlbert Amca\u201d dizisiyle, Einstein\u2019\u0131n teorilerini, \u0131\u015f\u0131k h\u0131z\u0131 ve g\u00f6relilik gibi \u00f6nemli kavramlar\u0131 ustal\u0131kl\u0131, anla\u015f\u0131l\u0131r, e\u011flenceli bir dille aktar\u0131rken, karma\u015f\u0131k<span class=\"excerpt-hellip\"> [\u2026]<\/span><\/p>\n","protected":false},"featured_media":0,"template":"","meta":{"_monsterinsights_skip_tracking":false,"_monsterinsights_sitenote_active":false,"_monsterinsights_sitenote_note":"","_monsterinsights_sitenote_category":0},"product_brand":[],"product_cat":[12274,12284],"product_tag":[],"class_list":{"0":"post-715917","1":"product","2":"type-product","3":"status-publish","5":"product_cat-cocuk-ve-genclik-kitaplari","6":"product_cat-hikayeler","7":"pa_cilt-ciltsiz","8":"pa_tur-kitap","9":"pa_yayinevi-kolektif-kitap","10":"pa_yazar-russell-stannard","12":"first","13":"instock","14":"sale","15":"shipping-taxable","16":"purchasable","17":"product-type-simple"},"_links":{"self":[{"href":"https:\/\/roveyayinevi.com.tr\/index.php\/wp-json\/wp\/v2\/product\/715917","targetHints":{"allow":["GET"]}}],"collection":[{"href":"https:\/\/roveyayinevi.com.tr\/index.php\/wp-json\/wp\/v2\/product"}],"about":[{"href":"https:\/\/roveyayinevi.com.tr\/index.php\/wp-json\/wp\/v2\/types\/product"}],"wp:attachment":[{"href":"https:\/\/roveyayinevi.com.tr\/index.php\/wp-json\/wp\/v2\/media?parent=715917"}],"wp:term":[{"taxonomy":"product_brand","embeddable":true,"href":"https:\/\/roveyayinevi.com.tr\/index.php\/wp-json\/wp\/v2\/product_brand?post=715917"},{"taxonomy":"product_cat","embeddable":true,"href":"https:\/\/roveyayinevi.com.tr\/index.php\/wp-json\/wp\/v2\/product_cat?post=715917"},{"taxonomy":"product_tag","embeddable":true,"href":"https:\/\/roveyayinevi.com.tr\/index.php\/wp-json\/wp\/v2\/product_tag?post=715917"}],"curies":[{"name":"wp","href":"https:\/\/api.w.org\/{rel}","templated":true}]}}