{"id":715915,"date":"2025-08-27T17:36:12","date_gmt":"2025-08-27T14:36:12","guid":{"rendered":"https:\/\/roveyayinevi.com.tr\/index.php\/urun\/yildirim-sesli-manasci-asker-cocugu-beyaz-yagmur\/"},"modified":"2026-04-16T02:23:58","modified_gmt":"2026-04-15T23:23:58","slug":"yildirim-sesli-manasci-asker-cocugu-beyaz-yagmur","status":"publish","type":"product","link":"https:\/\/roveyayinevi.com.tr\/index.php\/urun\/yildirim-sesli-manasci-asker-cocugu-beyaz-yagmur\/","title":{"rendered":"Y\u0131ld\u0131r\u0131m Sesli Manas\u00e7\u0131 &#8211; Asker \u00c7ocu\u011fu &#8211; Beyaz Ya\u011fmur"},"content":{"rendered":"<p>Cengiz Aytmatov\u2019un birbirinden g\u00fczel \u00fc\u00e7 hik\u00e2yesinin yer ald\u0131\u011f\u0131 kitap; asl\u0131nda insan, mek\u00e2n ve haf\u0131za aras\u0131nda birbirini s\u00fcrekli besleyen ili\u015fkinin g\u00f6z \u00f6n\u00fcne serilmesi bak\u0131m\u0131ndan b\u00fcy\u00fck \u00f6nem ta\u015f\u0131yor. Aytmatov, Asker \u00c7ocu\u011fu isimli hik\u00e2yesinde t\u0131pk\u0131 \u00e7ocuk kahramanlar\u0131n oldu\u011fu di\u011fer hik\u00e2yelerindeki gibi, \u00e7ocu\u011fa u\u00e7suz bucaks\u0131z bir hayal d\u00fcnyas\u0131 vermi\u015ftir. Yazar\u0131n bu hikayesinde yetim bir \u00e7ocu\u011fun babaya duydu\u011fu hasret okuyucuya \u00f6yle kuvvetli hissettirilmi\u015ftir ki, k\u0131sac\u0131k bir hik\u00e2yede bunu ba\u015farmak elbette Aytmatov\u2019un ustal\u0131\u011f\u0131n\u0131 bir kez daha ispatlamaktad\u0131r. Beyaz Ya\u011fmur hik\u00e2yesinde a\u015fk\u0131n tertemiz halini, Y\u0131ld\u0131r\u0131m Sesli Manas\u00e7\u0131\u2019da ise \u00f6l\u00fcms\u00fcz olan\u0131n fikir oldu\u011funu anlatan Aytmatov, \u015fu s\u00f6zlerle K\u0131rg\u0131z kahraman\u0131n\u0131 bir Manas anlat\u0131c\u0131s\u0131na d\u00f6n\u00fc\u015ft\u00fcr\u00fcr: \u201cBu d\u00fcnyada insanlar do\u011far ve \u00f6l\u00fcr. (\u2026) Ama d\u00fcnyada, insan haf\u0131zas\u0131 zamana meydan okur. \u0130nsan\u0131n kendi hayat\u0131, g\u00f6z a\u00e7\u0131p kapat\u0131ncaya kadar ge\u00e7en zaman kadar k\u0131sad\u0131r. \u00d6l\u00fcms\u00fcz olan d\u00fc\u015f\u00fcncedir, fikirdir. Ve bu fikirler insandan insana ge\u00e7er. \u00d6l\u00fcms\u00fcz olan Manas\u2019t\u0131r\u201d.<\/p>\n","protected":false},"excerpt":{"rendered":"<p>Cengiz Aytmatov\u2019un birbirinden g\u00fczel \u00fc\u00e7 hik\u00e2yesinin yer ald\u0131\u011f\u0131 kitap; asl\u0131nda insan, mek\u00e2n ve haf\u0131za aras\u0131nda birbirini s\u00fcrekli besleyen ili\u015fkinin g\u00f6z \u00f6n\u00fcne serilmesi bak\u0131m\u0131ndan b\u00fcy\u00fck \u00f6nem ta\u015f\u0131yor.<span class=\"excerpt-hellip\"> [\u2026]<\/span><\/p>\n","protected":false},"featured_media":0,"template":"","meta":{"_monsterinsights_skip_tracking":false,"_monsterinsights_sitenote_active":false,"_monsterinsights_sitenote_note":"","_monsterinsights_sitenote_category":0},"product_brand":[],"product_cat":[12291,12745],"product_tag":[],"class_list":{"0":"post-715915","1":"product","2":"type-product","3":"status-publish","5":"product_cat-edebiyat","6":"product_cat-tarihi-roman","7":"pa_cilt-ciltsiz","8":"pa_tur-kitap","9":"pa_yayinevi-otuken-nesriyat","10":"pa_yazar-cengiz-aytmatov","12":"first","13":"instock","14":"sale","15":"shipping-taxable","16":"purchasable","17":"product-type-simple"},"_links":{"self":[{"href":"https:\/\/roveyayinevi.com.tr\/index.php\/wp-json\/wp\/v2\/product\/715915","targetHints":{"allow":["GET"]}}],"collection":[{"href":"https:\/\/roveyayinevi.com.tr\/index.php\/wp-json\/wp\/v2\/product"}],"about":[{"href":"https:\/\/roveyayinevi.com.tr\/index.php\/wp-json\/wp\/v2\/types\/product"}],"wp:attachment":[{"href":"https:\/\/roveyayinevi.com.tr\/index.php\/wp-json\/wp\/v2\/media?parent=715915"}],"wp:term":[{"taxonomy":"product_brand","embeddable":true,"href":"https:\/\/roveyayinevi.com.tr\/index.php\/wp-json\/wp\/v2\/product_brand?post=715915"},{"taxonomy":"product_cat","embeddable":true,"href":"https:\/\/roveyayinevi.com.tr\/index.php\/wp-json\/wp\/v2\/product_cat?post=715915"},{"taxonomy":"product_tag","embeddable":true,"href":"https:\/\/roveyayinevi.com.tr\/index.php\/wp-json\/wp\/v2\/product_tag?post=715915"}],"curies":[{"name":"wp","href":"https:\/\/api.w.org\/{rel}","templated":true}]}}