{"id":715911,"date":"2025-08-27T17:36:10","date_gmt":"2025-08-27T14:36:10","guid":{"rendered":"https:\/\/roveyayinevi.com.tr\/index.php\/urun\/hayatinin-yazari-sensin\/"},"modified":"2026-04-08T02:31:00","modified_gmt":"2026-04-07T23:31:00","slug":"hayatinin-yazari-sensin","status":"publish","type":"product","link":"https:\/\/roveyayinevi.com.tr\/index.php\/urun\/hayatinin-yazari-sensin\/","title":{"rendered":"Hayat\u0131n\u0131n Yazar\u0131 Sensin"},"content":{"rendered":"<p>\u201cKendinizi tam hissetmenizisa\u011flayacakde\u011fi\u015fikli\u011finas\u0131lger\u00e7ekle\u015ftirebilirsiniz?Souzan Bachir\u2019inegzersizleri, d\u00f6n\u00fc\u015f\u00fcm\u00fcy\u00f6netilebilirad\u0131mlarlaanalizederek, eniyihalinizeula\u015fman\u0131zayard\u0131mc\u0131oluyor.\u201d -Metaskills, the Spiritual Art of Therapy kitab\u0131n\u0131nyazar\u0131 Dr. Amy Mindell ileS\u00fcre\u00e7Odakl\u0131Psikoloji\u2019ninkurucusuvebir\u00e7okkitab\u0131nyazar\u0131 Dr. Arnold Mindell. Hepimiz do\u011fu\u015ftan bir lider, bir hayalperest, duygusal bir varl\u0131\u011f\u0131z ve ya\u015famak istedi\u011fimiz hayat\u0131 yaratmak i\u00e7in i\u00e7sel ba\u011flant\u0131lar\u0131m\u0131z\u0131 kullanmal\u0131y\u0131z. Souzan Bachir bu kitab\u0131nda, kendi ilham verici hayat hik\u00e2yesini anlat\u0131rken, sizlere ya\u015fam hedeflerinize ula\u015fmak i\u00e7in i\u00e7sel g\u00fcc\u00fcn\u00fcz\u00fc kullanmay\u0131 \u00f6\u011fretiyor. Sizi ger\u00e7ekten tahrik eden \u015feylerden ki\u015fileraras\u0131 anla\u015fmazl\u0131klar\u0131 \u00e7\u00f6zmeye kadar her konuda en iyi halinizi bulman\u0131za yard\u0131mc\u0131 oluyor. K\u00fclt\u00fcrleraras\u0131 ileti\u015fim, uluslararas\u0131 i\u015fler ve i\u015fyeri ili\u015fkileri konusunda uzman olan Souzan Bachir\u2019in enerjisi, \u00fc\u00e7 k\u0131tada bireylere ve ekiplere ilham kayna\u011f\u0131 oldu. Hayat\u0131n\u0131n Yazar\u0131 Sensin,  ger\u00e7ekte kim oldu\u011funuzu ke\u015ffedebilmeniz ve hayat\u0131n\u0131z\u0131n her alan\u0131nda kendinizi tam hissedebilmeniz i\u00e7in gerekli olan ara\u00e7lar\u0131 sa\u011flayacak. <\/p>\n","protected":false},"excerpt":{"rendered":"<p>\u201cKendinizi tam hissetmenizisa\u011flayacakde\u011fi\u015fikli\u011finas\u0131lger\u00e7ekle\u015ftirebilirsiniz?Souzan Bachir\u2019inegzersizleri, d\u00f6n\u00fc\u015f\u00fcm\u00fcy\u00f6netilebilirad\u0131mlarlaanalizederek, eniyihalinizeula\u015fman\u0131zayard\u0131mc\u0131oluyor.\u201d -Metaskills, the Spiritual Art of Therapy kitab\u0131n\u0131nyazar\u0131 Dr. Amy Mindell ileS\u00fcre\u00e7Odakl\u0131Psikoloji\u2019ninkurucusuvebir\u00e7okkitab\u0131nyazar\u0131 Dr. Arnold Mindell. Hepimiz do\u011fu\u015ftan bir lider, bir hayalperest,<span class=\"excerpt-hellip\"> [\u2026]<\/span><\/p>\n","protected":false},"featured_media":0,"template":"","meta":{"_monsterinsights_skip_tracking":false,"_monsterinsights_sitenote_active":false,"_monsterinsights_sitenote_note":"","_monsterinsights_sitenote_category":0},"product_brand":[],"product_cat":[12364,12376],"product_tag":[],"class_list":{"0":"post-715911","1":"product","2":"type-product","3":"status-publish","5":"product_cat-genel-konular","6":"product_cat-kisisel-gelisim","7":"pa_cilt-ciltsiz","8":"pa_tur-kitap","9":"pa_yayinevi-epsilon-yayinlari","10":"pa_yazar-souzan-bachir","12":"first","13":"instock","14":"sale","15":"shipping-taxable","16":"purchasable","17":"product-type-simple"},"_links":{"self":[{"href":"https:\/\/roveyayinevi.com.tr\/index.php\/wp-json\/wp\/v2\/product\/715911","targetHints":{"allow":["GET"]}}],"collection":[{"href":"https:\/\/roveyayinevi.com.tr\/index.php\/wp-json\/wp\/v2\/product"}],"about":[{"href":"https:\/\/roveyayinevi.com.tr\/index.php\/wp-json\/wp\/v2\/types\/product"}],"wp:attachment":[{"href":"https:\/\/roveyayinevi.com.tr\/index.php\/wp-json\/wp\/v2\/media?parent=715911"}],"wp:term":[{"taxonomy":"product_brand","embeddable":true,"href":"https:\/\/roveyayinevi.com.tr\/index.php\/wp-json\/wp\/v2\/product_brand?post=715911"},{"taxonomy":"product_cat","embeddable":true,"href":"https:\/\/roveyayinevi.com.tr\/index.php\/wp-json\/wp\/v2\/product_cat?post=715911"},{"taxonomy":"product_tag","embeddable":true,"href":"https:\/\/roveyayinevi.com.tr\/index.php\/wp-json\/wp\/v2\/product_tag?post=715911"}],"curies":[{"name":"wp","href":"https:\/\/api.w.org\/{rel}","templated":true}]}}