{"id":715910,"date":"2025-08-27T17:36:09","date_gmt":"2025-08-27T14:36:09","guid":{"rendered":"https:\/\/roveyayinevi.com.tr\/index.php\/urun\/larousse-fransizca-turkce-sozluk\/"},"modified":"2026-04-16T02:23:57","modified_gmt":"2026-04-15T23:23:57","slug":"larousse-fransizca-turkce-sozluk","status":"publish","type":"product","link":"https:\/\/roveyayinevi.com.tr\/index.php\/urun\/larousse-fransizca-turkce-sozluk\/","title":{"rendered":"Larousse Frans\u0131zca &#8211; T\u00fcrk\u00e7e S\u00f6zl\u00fck"},"content":{"rendered":"<p>\u00c7a\u011fda\u015f s\u00f6zl\u00fc\u011f\u00fcn oldu\u011fu kadar klasik ve edeb\u00ee dilin 76 000\u2019den fazla kelimesiyle birlikte bu s\u00f6zl\u00fck, g\u00fcnl\u00fck hayatta kendisini yaz\u0131l\u0131 ve s\u00f6zl\u00fc ifade etmek isteyenlerin taleplerine cevap vermektedir. G\u00fcnl\u00fck lisan\u0131n anla\u015f\u0131lmas\u0131 i\u00e7in gerekli yeni kelimeler ile g\u00fcncelle\u015ftirilmi\u015ftir.\u015eunlar\u0131 sa\u011flar:\u2022 Dile ve b\u00fct\u00fcn ifade tekniklerine egemen olmak,\u2022 Hem anlambilimsel hem bi\u00e7imsel \u00f6l\u00e7\u00fctlere g\u00f6re kelimeleri geni\u015f makalelerde grupland\u0131rarak s\u00f6zl\u00fck olu\u015fmas\u0131 s\u00fcre\u00e7lerini anlamak,\u2022 Eski kullan\u0131mlar\u0131 ay\u0131rt ederek her anlam\u0131 kendi tarih\u00ee kapsam\u0131 i\u00e7inde yerle\u015ftirmek suretiyle k\u00fclt\u00fcrel miras\u0131 olu\u015fturan metinleri okuyabilmek.\u015eunu g\u00f6sterir:\u2022 Fonetik,\u2022 Kelimenin k\u00f6kenbilimi ve ortaya \u00e7\u0131k\u0131\u015f tarihi,\u2022 Dil d\u00fczeyi: samim\u00ee, edeb\u00ee\u2026,\u2022 Her seferinde dil d\u00fczeyi ve farkl\u0131 anlamlar\u0131n imleme yo\u011funluklar\u0131 belirtilerek verilen e\u015fanlaml\u0131lar ve kar\u015f\u0131tlar,\u2022 Kal\u0131pla\u015fm\u0131\u015f deyimler ve anlat\u0131\u015flar,\u2022 Frans\u0131z illerinin leh\u00e7e kelimeleri,\u2022 Frans\u0131zca konu\u015fulan farkl\u0131 \u00fclkelerin \u00f6zel terimleri,\u2022 \u00f6nekler ve sonekler ile bunlar\u0131n kelimelerin olu\u015fumuna katk\u0131lar\u0131,\u2022 Frans\u0131zcan\u0131n i\u015flemesini anlamay\u0131 sa\u011flayacak b\u00fct\u00fcn dilbilgisel \u00f6geler.Ayr\u0131ca:\u2022 Tam bir dilbilgisi s\u00f6zl\u00fc\u011f\u00fc\u2022 Temalara g\u00f6re d\u00fczenlenmi\u015f 90 g\u00f6rsel sayfa.<\/p>\n","protected":false},"excerpt":{"rendered":"<p>\u00c7a\u011fda\u015f s\u00f6zl\u00fc\u011f\u00fcn oldu\u011fu kadar klasik ve edeb\u00ee dilin 76 000\u2019den fazla kelimesiyle birlikte bu s\u00f6zl\u00fck, g\u00fcnl\u00fck hayatta kendisini yaz\u0131l\u0131 ve s\u00f6zl\u00fc ifade etmek isteyenlerin taleplerine cevap<span class=\"excerpt-hellip\"> [\u2026]<\/span><\/p>\n","protected":false},"featured_media":0,"template":"","meta":{"_monsterinsights_skip_tracking":false,"_monsterinsights_sitenote_active":false,"_monsterinsights_sitenote_note":"","_monsterinsights_sitenote_category":0},"product_brand":[],"product_cat":[12566,24016,13611],"product_tag":[],"class_list":{"0":"post-715910","1":"product","2":"type-product","3":"status-publish","5":"product_cat-egitim","6":"product_cat-fransizca-sozlukler","7":"product_cat-sozlukler-ve-konusma-kilavuzlari","8":"pa_cilt-ciltli","9":"pa_tur-kitap","10":"pa_yayinevi-bilge-kultur-sanat","11":"pa_yazar-kolektif","13":"first","14":"instock","15":"sale","16":"shipping-taxable","17":"purchasable","18":"product-type-simple"},"_links":{"self":[{"href":"https:\/\/roveyayinevi.com.tr\/index.php\/wp-json\/wp\/v2\/product\/715910","targetHints":{"allow":["GET"]}}],"collection":[{"href":"https:\/\/roveyayinevi.com.tr\/index.php\/wp-json\/wp\/v2\/product"}],"about":[{"href":"https:\/\/roveyayinevi.com.tr\/index.php\/wp-json\/wp\/v2\/types\/product"}],"wp:attachment":[{"href":"https:\/\/roveyayinevi.com.tr\/index.php\/wp-json\/wp\/v2\/media?parent=715910"}],"wp:term":[{"taxonomy":"product_brand","embeddable":true,"href":"https:\/\/roveyayinevi.com.tr\/index.php\/wp-json\/wp\/v2\/product_brand?post=715910"},{"taxonomy":"product_cat","embeddable":true,"href":"https:\/\/roveyayinevi.com.tr\/index.php\/wp-json\/wp\/v2\/product_cat?post=715910"},{"taxonomy":"product_tag","embeddable":true,"href":"https:\/\/roveyayinevi.com.tr\/index.php\/wp-json\/wp\/v2\/product_tag?post=715910"}],"curies":[{"name":"wp","href":"https:\/\/api.w.org\/{rel}","templated":true}]}}