{"id":715908,"date":"2025-08-27T17:36:08","date_gmt":"2025-08-27T14:36:08","guid":{"rendered":"https:\/\/roveyayinevi.com.tr\/index.php\/urun\/konfucyus-ve-cin-felsefesinin-temelleri\/"},"modified":"2026-04-16T02:23:57","modified_gmt":"2026-04-15T23:23:57","slug":"konfucyus-ve-cin-felsefesinin-temelleri","status":"publish","type":"product","link":"https:\/\/roveyayinevi.com.tr\/index.php\/urun\/konfucyus-ve-cin-felsefesinin-temelleri\/","title":{"rendered":"Konfu\u00e7y\u00fcs ve \u00c7in Felsefesinin Temelleri"},"content":{"rendered":"<p>Konfu\u00e7y\u00fcs\u2026\u00dcnl\u00fc \u00c7inli d\u00fc\u015f\u00fcn\u00fcr.Pek \u00e7ok \u00fclkede ad\u0131na enstit\u00fcler kurulan, konferanslar d\u00fczenlenen ve kitaplar yaz\u0131lan Konfuy\u00fcs\u2019\u00fc acaba ka\u00e7 ki\u015fi gere\u011fi gibi anlayabiliyor?\u00dclkemizde bas\u0131lan \u00c7in, \u00c7in felsefesi ve Konfu\u00e7y\u00fcs ile ilgili kitaplar genellikle Bat\u0131 dillerinden \u00e7evrilmi\u015ftir. Bu kitaplarda verilen bilgilerde ciddi hatalar bulunmaktad\u0131r. Konuya, sadece \u00e7eviri olay\u0131 olarak bakmamak gerekir. \u00c7in k\u00fclt\u00fcr\u00fcn\u00fc iyi tan\u0131madan Konfu\u00e7y\u00fcs\u2019\u00fc anlamak m\u00fcmk\u00fcn de\u011fildir.Elinizde tuttu\u011funuz Konfu\u00e7y\u00fcs adl\u0131 bu eser, konunun uzman\u0131 Prof. Dr. B\u00fclent Okay taraf\u0131ndan yaz\u0131lm\u0131\u015f se\u00e7kin bir eserdir. Bu eserde, Konfu\u00e7y\u00fcs taraf\u0131ndan s\u00f6ylenmi\u015f yetmi\u015f be\u015f \u201ckonu\u015fma\u201d yer almaktad\u0131r. Eserde bu konu\u015fmalar\u0131n a\u00e7\u0131klamalar\u0131na da yer verilmi\u015ftir.H\u00e2len, alan\u0131nda T\u00fcrkiye\u2019de tek olma \u00f6zelli\u011fini s\u00fcrd\u00fcren bu eserdeki bilgiler, k\u0131sa ve \u00f6z olarak verilmi\u015ftir. Kitab\u0131n ad\u0131 Konfu\u00e7y\u00fcs olmakla birlikte, \u00c7in felsefesinin temel noktalar\u0131n\u0131 da \u00f6zetleyerek sunmaktad\u0131r.<\/p>\n","protected":false},"excerpt":{"rendered":"<p>Konfu\u00e7y\u00fcs\u2026\u00dcnl\u00fc \u00c7inli d\u00fc\u015f\u00fcn\u00fcr.Pek \u00e7ok \u00fclkede ad\u0131na enstit\u00fcler kurulan, konferanslar d\u00fczenlenen ve kitaplar yaz\u0131lan Konfuy\u00fcs\u2019\u00fc acaba ka\u00e7 ki\u015fi gere\u011fi gibi anlayabiliyor?\u00dclkemizde bas\u0131lan \u00c7in, \u00c7in felsefesi ve Konfu\u00e7y\u00fcs<span class=\"excerpt-hellip\"> [\u2026]<\/span><\/p>\n","protected":false},"featured_media":0,"template":"","meta":{"_monsterinsights_skip_tracking":false,"_monsterinsights_sitenote_active":false,"_monsterinsights_sitenote_note":"","_monsterinsights_sitenote_category":0},"product_brand":[],"product_cat":[16038,12388],"product_tag":[],"class_list":{"0":"post-715908","1":"product","2":"type-product","3":"status-publish","5":"product_cat-arastirma-inceleme-referans-felsefe","6":"product_cat-felsefe","7":"pa_cilt-ciltsiz","8":"pa_tur-kitap","9":"pa_yayinevi-bilge-kultur-sanat","10":"pa_yazar-bulent-okay","12":"first","13":"instock","14":"sale","15":"shipping-taxable","16":"purchasable","17":"product-type-simple"},"_links":{"self":[{"href":"https:\/\/roveyayinevi.com.tr\/index.php\/wp-json\/wp\/v2\/product\/715908","targetHints":{"allow":["GET"]}}],"collection":[{"href":"https:\/\/roveyayinevi.com.tr\/index.php\/wp-json\/wp\/v2\/product"}],"about":[{"href":"https:\/\/roveyayinevi.com.tr\/index.php\/wp-json\/wp\/v2\/types\/product"}],"wp:attachment":[{"href":"https:\/\/roveyayinevi.com.tr\/index.php\/wp-json\/wp\/v2\/media?parent=715908"}],"wp:term":[{"taxonomy":"product_brand","embeddable":true,"href":"https:\/\/roveyayinevi.com.tr\/index.php\/wp-json\/wp\/v2\/product_brand?post=715908"},{"taxonomy":"product_cat","embeddable":true,"href":"https:\/\/roveyayinevi.com.tr\/index.php\/wp-json\/wp\/v2\/product_cat?post=715908"},{"taxonomy":"product_tag","embeddable":true,"href":"https:\/\/roveyayinevi.com.tr\/index.php\/wp-json\/wp\/v2\/product_tag?post=715908"}],"curies":[{"name":"wp","href":"https:\/\/api.w.org\/{rel}","templated":true}]}}