{"id":715907,"date":"2025-08-27T17:36:08","date_gmt":"2025-08-27T14:36:08","guid":{"rendered":"https:\/\/roveyayinevi.com.tr\/index.php\/urun\/klasik-mitoloji\/"},"modified":"2026-04-16T02:23:57","modified_gmt":"2026-04-15T23:23:57","slug":"klasik-mitoloji","status":"publish","type":"product","link":"https:\/\/roveyayinevi.com.tr\/index.php\/urun\/klasik-mitoloji\/","title":{"rendered":"Klasik Mitoloji"},"content":{"rendered":"<p>7. bask\u0131s\u0131n\u0131 (Pearson) yapan Klasik Mitoloji, klasik mitoslar\u0131n k\u00fclt\u00fcrel ba\u011flamlar\u0131na a\u00e7\u0131kl\u0131k getirirken, Grek ve Roma mitoslar\u0131n\u0131 aralar\u0131ndaki ba\u011flant\u0131lar\u0131 vurgulayarak daha ayr\u0131nt\u0131l\u0131 bir \u015fekilde incelemektedir. Hem klasik hem g\u00fcn\u00fcm\u00fcze ait \u00e7ok say\u0131da g\u00f6rsel malzemenin yan\u0131 s\u0131ra, klasik mitoslarla ilgili en iyi antik kaynaklar\u0131n daha a\u00e7\u0131k ve anla\u015f\u0131l\u0131r \u00e7evirileri de bu kapsaml\u0131 metinde yer almaktad\u0131r.Son yap\u0131lan akademik \u00e7al\u0131\u015fmalardan yararlanan bu kitap, bir yandan Grek ve Roma mitoslar\u0131n\u0131n g\u00fcn\u00fcm\u00fcze kadar uzanan miras\u0131n\u0131 tarihsel bir perspektife oturturken di\u011fer yandan Yak\u0131n Do\u011fu mitoslar\u0131n\u0131n etkilerini vurgulamakta ve bu y\u00f6n\u00fcyle \u00f6\u011frenciler i\u00e7in de\u011ferli bir kaynak i\u015flevi g\u00f6rmektedir.7. bask\u0131da yeni neler var?\u201cGod of War\u201d bilgisayar oyunu, 300 Spartal\u0131 filmi, Rick Riordan&#8217;\u0131n gen\u00e7lik roman\u0131 dizisi Percy Jackson ve vampir mitoslar\u0131yla ilgili yeni \u201cPerspektif\u201d b\u00f6l\u00fcmleri.\u00d6nemli yerlerde daha iyi g\u00f6rsel destek sa\u011flayan sekiz yeni harita.\u0130ncelenen mitosla ilgili daha fazla g\u00f6rsel destek sa\u011flayan yeni foto\u011fraflar.<\/p>\n","protected":false},"excerpt":{"rendered":"<p>7. bask\u0131s\u0131n\u0131 (Pearson) yapan Klasik Mitoloji, klasik mitoslar\u0131n k\u00fclt\u00fcrel ba\u011flamlar\u0131na a\u00e7\u0131kl\u0131k getirirken, Grek ve Roma mitoslar\u0131n\u0131 aralar\u0131ndaki ba\u011flant\u0131lar\u0131 vurgulayarak daha ayr\u0131nt\u0131l\u0131 bir \u015fekilde incelemektedir. Hem klasik<span class=\"excerpt-hellip\"> [\u2026]<\/span><\/p>\n","protected":false},"featured_media":0,"template":"","meta":{"_monsterinsights_skip_tracking":false,"_monsterinsights_sitenote_active":false,"_monsterinsights_sitenote_note":"","_monsterinsights_sitenote_category":0},"product_brand":[],"product_cat":[12718,12858],"product_tag":[],"class_list":{"0":"post-715907","1":"product","2":"type-product","3":"status-publish","5":"product_cat-din","6":"product_cat-mitolojiler","7":"pa_cilt-ciltsiz","8":"pa_tur-kitap","9":"pa_yayinevi-bilge-kultur-sanat","10":"pa_yazar-barry-b-powell","12":"first","13":"instock","14":"sale","15":"shipping-taxable","16":"purchasable","17":"product-type-simple"},"_links":{"self":[{"href":"https:\/\/roveyayinevi.com.tr\/index.php\/wp-json\/wp\/v2\/product\/715907","targetHints":{"allow":["GET"]}}],"collection":[{"href":"https:\/\/roveyayinevi.com.tr\/index.php\/wp-json\/wp\/v2\/product"}],"about":[{"href":"https:\/\/roveyayinevi.com.tr\/index.php\/wp-json\/wp\/v2\/types\/product"}],"wp:attachment":[{"href":"https:\/\/roveyayinevi.com.tr\/index.php\/wp-json\/wp\/v2\/media?parent=715907"}],"wp:term":[{"taxonomy":"product_brand","embeddable":true,"href":"https:\/\/roveyayinevi.com.tr\/index.php\/wp-json\/wp\/v2\/product_brand?post=715907"},{"taxonomy":"product_cat","embeddable":true,"href":"https:\/\/roveyayinevi.com.tr\/index.php\/wp-json\/wp\/v2\/product_cat?post=715907"},{"taxonomy":"product_tag","embeddable":true,"href":"https:\/\/roveyayinevi.com.tr\/index.php\/wp-json\/wp\/v2\/product_tag?post=715907"}],"curies":[{"name":"wp","href":"https:\/\/api.w.org\/{rel}","templated":true}]}}