{"id":715906,"date":"2025-08-27T17:36:07","date_gmt":"2025-08-27T14:36:07","guid":{"rendered":"https:\/\/roveyayinevi.com.tr\/index.php\/urun\/misafir-im-n-isaret-4\/"},"modified":"2026-04-13T02:30:00","modified_gmt":"2026-04-12T23:30:00","slug":"misafir-im-n-isaret-4","status":"publish","type":"product","link":"https:\/\/roveyayinevi.com.tr\/index.php\/urun\/misafir-im-n-isaret-4\/","title":{"rendered":"Misafir-im N \u0130\u015faret  4"},"content":{"rendered":"<p>Allah\u2019\u0131n emri ile \u201c\u00e7alan\u201d hatta \u201cdayak yiyen\u201d ta\u015flar, \u201csevebilen\u201d da\u011flar\u2026 Ne muazzam bir masald\u0131 hayat\u2026 E\u011fer g\u00fcnahlar\u0131ndan ders \u00e7\u0131kar\u0131p onlar\u0131 \u2018iyili\u011fe\u2019 d\u00f6n\u00fc\u015ft\u00fcrmeyi, hissetti\u011fin pi\u015fmanl\u0131k ve vicdan azab\u0131n\u0131n yang\u0131n\u0131nda ruhunu g\u00fczelle\u015ftirme arzusu ile tek\u00e2m\u00fcl\u00fcn\u00fc ger\u00e7ekle\u015ftirmeyi ba\u015farabilirsen, i\u015fte o zaman ki\u015fiye \u2018g\u00fcnahk\u00e2r\u2019 denilmesinin arkas\u0131ndaki \u2018gizli Rahmet\u2019i de anlars\u0131n\u2026 G\u00fcnah\u0131ndan \u2018k\u00e2r\u2019 edene \u2018g\u00fcnah-k\u00e2r\u2019 denir. G\u00fcnah-k\u00e2r g\u00fcnahlar\u0131ndan dolay\u0131 aczini g\u00f6r\u00fcp boyun e\u011fmeyi, \u2018yoklu\u011fu\u2019 ya\u015fam\u0131\u015f; Rabb\u2019ine kar\u015f\u0131 duydu\u011fu utan\u00e7 ile varolu\u015f amac\u0131n\u0131 ger\u00e7ekle\u015ftirme pe\u015fine d\u00fc\u015fmeyi \u00f6\u011frenmi\u015f, hatalar\u0131n\u0131 ve isyanlar\u0131n\u0131 ilah\u00ee hakikatini a\u015fik\u00e2r etmek i\u00e7in \u2018bir d\u00f6n\u00fc\u015f\u00fcm vesilesi\u2019 k\u0131lm\u0131\u015f ki\u015fidir.\u201d Misafir\u2019in s\u00f6zleri b\u00fct\u00fcn h\u00fccrelerimi \u00e2deta yakm\u0131\u015ft\u0131. G\u00fcnah-k\u00e2r\u2026 G\u00fcnahlar\u0131ndan dolay\u0131 duydu\u011fu \u201csamimi\u201d utanc\u0131 ve pi\u015fmanl\u0131\u011f\u0131yla Rabb\u2019inin aff\u0131 ve merhameti sayesinde \u201ck\u00e2r\u201d edip temizlenmi\u015f, b\u00f6ylece de y\u00fcceltilmi\u015f ruh\u2026 Aman Ya Rabb\u00ee! Bu ne muhte\u015fem bir a\u00e7\u0131klamayd\u0131\u2026 Misafir \u00fcz\u00fcnt\u00fcl\u00fc bir sesle \u015f\u00f6yle s\u00f6yledi: \u201cAllah\u2019\u0131 takdir edemediler\u2026 O\u2019nun kadrini, k\u0131ymetini gere\u011fi gibi bilemediler&#8230;\u201d \u0130\u00e7imi derin bir utan\u00e7 kaplad\u0131&#8230; Derin bir vicdan azab\u0131&#8230; Usulca, \u201cVe m\u00e2 kaderull\u00e2he hakka kadrih\u00ee&#8230;\u201d dedim. G\u00f6zlerime bakt\u0131: \u201cAllah\u2019\u0131 takdir edemediniz\u2026\u201d <\/p>\n","protected":false},"excerpt":{"rendered":"<p>Allah\u2019\u0131n emri ile \u201c\u00e7alan\u201d hatta \u201cdayak yiyen\u201d ta\u015flar, \u201csevebilen\u201d da\u011flar\u2026 Ne muazzam bir masald\u0131 hayat\u2026 E\u011fer g\u00fcnahlar\u0131ndan ders \u00e7\u0131kar\u0131p onlar\u0131 \u2018iyili\u011fe\u2019 d\u00f6n\u00fc\u015ft\u00fcrmeyi, hissetti\u011fin pi\u015fmanl\u0131k ve vicdan<span class=\"excerpt-hellip\"> [\u2026]<\/span><\/p>\n","protected":false},"featured_media":0,"template":"","meta":{"_monsterinsights_skip_tracking":false,"_monsterinsights_sitenote_active":false,"_monsterinsights_sitenote_note":"","_monsterinsights_sitenote_category":0},"product_brand":[],"product_cat":[12364,12376],"product_tag":[],"class_list":{"0":"post-715906","1":"product","2":"type-product","3":"status-publish","5":"product_cat-genel-konular","6":"product_cat-kisisel-gelisim","7":"pa_cilt-ciltsiz","8":"pa_tur-kitap","9":"pa_yayinevi-mona-kitap","10":"pa_yazar-deniz-erten","12":"first","13":"instock","14":"sale","15":"shipping-taxable","16":"purchasable","17":"product-type-simple"},"_links":{"self":[{"href":"https:\/\/roveyayinevi.com.tr\/index.php\/wp-json\/wp\/v2\/product\/715906","targetHints":{"allow":["GET"]}}],"collection":[{"href":"https:\/\/roveyayinevi.com.tr\/index.php\/wp-json\/wp\/v2\/product"}],"about":[{"href":"https:\/\/roveyayinevi.com.tr\/index.php\/wp-json\/wp\/v2\/types\/product"}],"wp:attachment":[{"href":"https:\/\/roveyayinevi.com.tr\/index.php\/wp-json\/wp\/v2\/media?parent=715906"}],"wp:term":[{"taxonomy":"product_brand","embeddable":true,"href":"https:\/\/roveyayinevi.com.tr\/index.php\/wp-json\/wp\/v2\/product_brand?post=715906"},{"taxonomy":"product_cat","embeddable":true,"href":"https:\/\/roveyayinevi.com.tr\/index.php\/wp-json\/wp\/v2\/product_cat?post=715906"},{"taxonomy":"product_tag","embeddable":true,"href":"https:\/\/roveyayinevi.com.tr\/index.php\/wp-json\/wp\/v2\/product_tag?post=715906"}],"curies":[{"name":"wp","href":"https:\/\/api.w.org\/{rel}","templated":true}]}}