{"id":715905,"date":"2025-08-27T17:36:07","date_gmt":"2025-08-27T14:36:07","guid":{"rendered":"https:\/\/roveyayinevi.com.tr\/index.php\/urun\/kitabut-tenbih-vel-israf\/"},"modified":"2026-04-16T02:23:57","modified_gmt":"2026-04-15T23:23:57","slug":"kitabut-tenbih-vel-israf","status":"publish","type":"product","link":"https:\/\/roveyayinevi.com.tr\/index.php\/urun\/kitabut-tenbih-vel-israf\/","title":{"rendered":"Kitab\u00fc&#8217;t-Tenbih ve&#8217;l-\u0130\u015fraf"},"content":{"rendered":"<p>Elinizdeki bu kitap b\u00fcy\u00fck \u0130slam tarih\u00e7ilerinden Mesud\u00ee\u2019nin en son yazd\u0131\u011f\u0131 eserdir. \u00d6l\u00fcm tarihi olan 956 y\u0131l\u0131nda tamamlanm\u0131\u015ft\u0131r. Kitaplar\u0131n\u0131n h\u00fclasas\u0131 durumundad\u0131r. Mesud\u00ee \u0130slam k\u00fclt\u00fcr\u00fc yan\u0131nda Helenistik k\u00fclt\u00fcr\u00fc, \u0130ran, Mezopotamya, Cahiliye Araplar\u0131, Yunan, Roma, Bizans tarihini de iyi bilmektedir. Ayn\u0131 zamanda b\u00fcy\u00fck bir gezgindir.Kitap kozmoloji, astronomi, co\u011frafya konular\u0131nda bir giri\u015f k\u0131sm\u0131yla ba\u015flar. Bundan sonra eski \u0130ran, Mezopotamya, Arabistan, Yunan ve Roma tarihleri hakk\u0131nda k\u0131ymetli bilgiler verir. Bizans tarihini, H\u0131ristiyanl\u0131k tarihini \u00f6l\u00fcm\u00fc olan 956 y\u0131l\u0131na kadar anlat\u0131r. Bundan sonra Hz. Peygamber, gazveleri, seriyyeleri (gece g\u00f6nderdi\u011fi birlikler), sev\u00e2ribi (g\u00fcnd\u00fcz g\u00f6nderdi\u011fi birlikler) hakk\u0131nda ayr\u0131nt\u0131l\u0131 bilgi verir. \u0130slam tarihini \u00f6l\u00fcm\u00fcne yani 956 y\u0131l\u0131na kadar k\u0131saca anlat\u0131r. Kitapta ba\u015fka yerde bulunmayan k\u0131ymetli bilgiler yer al\u0131r. Bu kitab\u0131n terc\u00fcmesini yay\u0131nlamakla \u00f6nemli bir bo\u015flu\u011fu doldurmay\u0131 umuyoruz.<\/p>\n","protected":false},"excerpt":{"rendered":"<p>Elinizdeki bu kitap b\u00fcy\u00fck \u0130slam tarih\u00e7ilerinden Mesud\u00ee\u2019nin en son yazd\u0131\u011f\u0131 eserdir. \u00d6l\u00fcm tarihi olan 956 y\u0131l\u0131nda tamamlanm\u0131\u015ft\u0131r. Kitaplar\u0131n\u0131n h\u00fclasas\u0131 durumundad\u0131r. Mesud\u00ee \u0130slam k\u00fclt\u00fcr\u00fc yan\u0131nda Helenistik k\u00fclt\u00fcr\u00fc,<span class=\"excerpt-hellip\"> [\u2026]<\/span><\/p>\n","protected":false},"featured_media":0,"template":"","meta":{"_monsterinsights_skip_tracking":false,"_monsterinsights_sitenote_active":false,"_monsterinsights_sitenote_note":"","_monsterinsights_sitenote_category":0},"product_brand":[],"product_cat":[12370,12304],"product_tag":[],"class_list":{"0":"post-715905","1":"product","2":"type-product","3":"status-publish","5":"product_cat-arastirma-inceleme","6":"product_cat-tarih","7":"pa_cilt-ciltsiz","8":"pa_tur-kitap","9":"pa_yayinevi-bilge-kultur-sanat","10":"pa_yazar-mesudi","12":"first","13":"instock","14":"sale","15":"shipping-taxable","16":"purchasable","17":"product-type-simple"},"_links":{"self":[{"href":"https:\/\/roveyayinevi.com.tr\/index.php\/wp-json\/wp\/v2\/product\/715905","targetHints":{"allow":["GET"]}}],"collection":[{"href":"https:\/\/roveyayinevi.com.tr\/index.php\/wp-json\/wp\/v2\/product"}],"about":[{"href":"https:\/\/roveyayinevi.com.tr\/index.php\/wp-json\/wp\/v2\/types\/product"}],"wp:attachment":[{"href":"https:\/\/roveyayinevi.com.tr\/index.php\/wp-json\/wp\/v2\/media?parent=715905"}],"wp:term":[{"taxonomy":"product_brand","embeddable":true,"href":"https:\/\/roveyayinevi.com.tr\/index.php\/wp-json\/wp\/v2\/product_brand?post=715905"},{"taxonomy":"product_cat","embeddable":true,"href":"https:\/\/roveyayinevi.com.tr\/index.php\/wp-json\/wp\/v2\/product_cat?post=715905"},{"taxonomy":"product_tag","embeddable":true,"href":"https:\/\/roveyayinevi.com.tr\/index.php\/wp-json\/wp\/v2\/product_tag?post=715905"}],"curies":[{"name":"wp","href":"https:\/\/api.w.org\/{rel}","templated":true}]}}