{"id":715904,"date":"2025-08-27T17:36:06","date_gmt":"2025-08-27T14:36:06","guid":{"rendered":"https:\/\/roveyayinevi.com.tr\/index.php\/urun\/insani-bir-calisma-iliskisi-verimlilik-hakkaniyet-ve-soz-hakkini-dengelemek\/"},"modified":"2026-04-16T02:23:57","modified_gmt":"2026-04-15T23:23:57","slug":"insani-bir-calisma-iliskisi-verimlilik-hakkaniyet-ve-soz-hakkini-dengelemek","status":"publish","type":"product","link":"https:\/\/roveyayinevi.com.tr\/index.php\/urun\/insani-bir-calisma-iliskisi-verimlilik-hakkaniyet-ve-soz-hakkini-dengelemek\/","title":{"rendered":"\u0130nsani Bir \u00c7al\u0131\u015fma \u0130li\u015fkisi Verimlilik  Hakkaniyet ve S\u00f6z Hakk\u0131n\u0131 Dengelemek"},"content":{"rendered":"<p>\u0130\u015fyerinde verimlilik, hakkaniyet ve s\u00f6z hakk\u0131 aras\u0131nda bir denge kurulabilir mi? Bu kitap,  mezk\u00fbr soruyu normatif d\u00fczlemde ele alarak bir dengenin m\u00fcmk\u00fcn ve gerekli oldu\u011funu belirtiyor. John W. Budd\u2019un analizi, kerteriz noktas\u0131n\u0131 sadece \u00e7al\u0131\u015fanlarla i\u015fverenler aras\u0131ndaki g\u00fc\u00e7 e\u015fitsizli\u011fiyle ilgili geleneksel g\u00f6r\u00fc\u015fe de\u011fil, ayn\u0131 zamanda insan haklar\u0131, m\u00fclkiyet haklar\u0131 ve etik ile ilgili g\u00fcn\u00fcm\u00fcz d\u00fc\u015f\u00fcncelerine yerle\u015ftirerek bu dengeye eri\u015fmenin alternatif y\u00f6ntemlerini ar\u0131yor. Baz\u0131 durumlarda verimlilik, hakkaniyet ve s\u00f6z hakk\u0131, kar\u015f\u0131l\u0131kl\u0131 bir bi\u00e7imde birbirini peki\u015ftirir. \u00dcretken bir i\u015fg\u00fcc\u00fc, karar vermede \u00e7al\u0131\u015fanlar\u0131n kat\u0131l\u0131m\u0131n\u0131 da i\u00e7eren adil \u00e7al\u0131\u015fma ko\u015fullar\u0131 i\u00e7in iktisadi kaynaklar sa\u011flar. \u00d6te yandan adil davranma ve \u00e7al\u0131\u015fan kat\u0131l\u0131m\u0131, i\u015fg\u00fcc\u00fc devrini azaltman\u0131n, \u00e7al\u0131\u015fan\u0131n ba\u011fl\u0131l\u0131\u011f\u0131n\u0131 artt\u0131rman\u0131n ve verimlilik ile kaliteyi geli\u015ftirmeye y\u00f6nelik i\u015f\u00e7ilerin d\u00fc\u015f\u00fcncelerini kullanman\u0131n yollar\u0131n\u0131 sa\u011flar. \u0130stihdamda verimlilik, hakkaniyet ve s\u00f6z hakk\u0131 aras\u0131nda bir denge sa\u011flaman\u0131n pe\u015finden gitmek, \u00e7al\u0131\u015fman\u0131n do\u011fas\u0131; emek piyasalar\u0131n\u0131n i\u015fleyi\u015fi; istihdam ili\u015fkisinde g\u00fc\u00e7 ve \u00e7at\u0131\u015fma; demokratik, kapitalist bir toplumda istihdam\u0131n rol\u00fc ile ilgili temel \u00f6nemdeki sorulara cevap bulmay\u0131 gerektirir. Sendikalar\u0131n, h\u00fck\u00fcmet d\u00fczenlemelerinin ya da ba\u015fka kurumlar\u0131n yoklu\u011funda piyasalar yahut \u015firketler, bu ama\u00e7lar\u0131n dengelenmesine dayanabilirler mi? Bir denge aray\u0131\u015f\u0131, kapitalist toplumdaki temelde e\u015fit olmayan istihdam ili\u015fkisinden dolay\u0131 beyhude bir u\u011fra\u015f m\u0131d\u0131r? Verimlilik, hakkaniyet ve s\u00f6z hakk\u0131n\u0131 dengelemekte toplu pazarl\u0131k, i\u015fyerinin y\u00f6netimi ile ilgili di\u011fer yollardan daha m\u0131 etkilidir? \u00c7al\u0131\u015fan temsilinin ve yasal d\u00fczenlemelerin hangi bi\u00e7imleri, belirli ba\u011flamlara en uygun bi\u00e7imlerdir? \u0130nsan kaynaklar\u0131 y\u00f6netimi politikalar\u0131, hakkaniyet ve kat\u0131l\u0131m\u0131n deste\u011fi ile, veya bunlara ra\u011fmen, verimlili\u011fe eri\u015febilir mi? Ancak daha da \u00f6nemli olan soru \u015fudur: Verimlilik, hakkaniyet ve s\u00f6z hakk\u0131 birbirleriyle \u00e7at\u0131\u015ft\u0131\u011f\u0131nda ne yap\u0131lmal\u0131d\u0131r? \u0130nsani Bir \u00c7al\u0131\u015fma \u0130li\u015fkisi\u2019nin ba\u015fl\u0131ca niyeti, bu sorular\u0131n \u00f6nemi ile ilgili sa\u011flam bir entelekt\u00fcel gerek\u00e7e ve analiz i\u00e7in faydal\u0131 bir \u00e7er\u00e7eve ortaya koymakt\u0131r. <\/p>\n","protected":false},"excerpt":{"rendered":"<p>\u0130\u015fyerinde verimlilik, hakkaniyet ve s\u00f6z hakk\u0131 aras\u0131nda bir denge kurulabilir mi? Bu kitap, mezk\u00fbr soruyu normatif d\u00fczlemde ele alarak bir dengenin m\u00fcmk\u00fcn ve gerekli oldu\u011funu belirtiyor.<span class=\"excerpt-hellip\"> [\u2026]<\/span><\/p>\n","protected":false},"featured_media":0,"template":"","meta":{"_monsterinsights_skip_tracking":false,"_monsterinsights_sitenote_active":false,"_monsterinsights_sitenote_note":"","_monsterinsights_sitenote_category":0},"product_brand":[],"product_cat":[13043,17647],"product_tag":[],"class_list":{"0":"post-715904","1":"product","2":"type-product","3":"status-publish","5":"product_cat-ekonomi","6":"product_cat-is-dunyasi","7":"pa_cilt-ciltsiz","8":"pa_tur-kitap","9":"pa_yayinevi-kure-yayinlari","10":"pa_yazar-john-w-budd","12":"first","13":"instock","14":"sale","15":"shipping-taxable","16":"purchasable","17":"product-type-simple"},"_links":{"self":[{"href":"https:\/\/roveyayinevi.com.tr\/index.php\/wp-json\/wp\/v2\/product\/715904","targetHints":{"allow":["GET"]}}],"collection":[{"href":"https:\/\/roveyayinevi.com.tr\/index.php\/wp-json\/wp\/v2\/product"}],"about":[{"href":"https:\/\/roveyayinevi.com.tr\/index.php\/wp-json\/wp\/v2\/types\/product"}],"wp:attachment":[{"href":"https:\/\/roveyayinevi.com.tr\/index.php\/wp-json\/wp\/v2\/media?parent=715904"}],"wp:term":[{"taxonomy":"product_brand","embeddable":true,"href":"https:\/\/roveyayinevi.com.tr\/index.php\/wp-json\/wp\/v2\/product_brand?post=715904"},{"taxonomy":"product_cat","embeddable":true,"href":"https:\/\/roveyayinevi.com.tr\/index.php\/wp-json\/wp\/v2\/product_cat?post=715904"},{"taxonomy":"product_tag","embeddable":true,"href":"https:\/\/roveyayinevi.com.tr\/index.php\/wp-json\/wp\/v2\/product_tag?post=715904"}],"curies":[{"name":"wp","href":"https:\/\/api.w.org\/{rel}","templated":true}]}}