{"id":715903,"date":"2025-08-27T17:36:06","date_gmt":"2025-08-27T14:36:06","guid":{"rendered":"https:\/\/roveyayinevi.com.tr\/index.php\/urun\/daha-iyi-bir-dunya-icin-yapay-zeka\/"},"modified":"2026-04-16T02:23:57","modified_gmt":"2026-04-15T23:23:57","slug":"daha-iyi-bir-dunya-icin-yapay-zeka","status":"publish","type":"product","link":"https:\/\/roveyayinevi.com.tr\/index.php\/urun\/daha-iyi-bir-dunya-icin-yapay-zeka\/","title":{"rendered":"Daha \u0130yi Bir D\u00fcnya \u0130\u00e7in Yapay Zeka"},"content":{"rendered":"<p>\u0130nsan\u0131n evrimi yeni ba\u015fl\u0131yor,Yapay zek\u00e2 hakk\u0131nda hepimizin bir fikri var ama pek az\u0131m\u0131z bilgi sahibiyiz. Akl\u0131m\u0131za tak\u0131lanlara cevap bulam\u0131yor, hatta kendimizi kaybolmu\u015f hissediyoruz. Oysa bu yeni teknolojik ara\u00e7, insan\u0131n hayal g\u00fcc\u00fc ve yarat\u0131c\u0131l\u0131\u011f\u0131n\u0131n sonsuza uzanan yolculu\u011funda yaln\u0131zca bir durak de\u011fil, b\u00fcy\u00fck bir d\u00f6n\u00fc\u015f\u00fcm\u00fcn ba\u015flang\u0131c\u0131 olacakTeknoloji tutkunu bir baba ve Microsoft T\u00fcrkiye CTO&#8217;su olan Onur Ko\u00e7&#8217;un yediden yetmi\u015fe herkes i\u00e7in kaleme ald\u0131\u011f\u0131 Daha \u0130yi Bir D\u00fcnya \u0130\u00e7in Yapay Zek\u00e2, akl\u0131m\u0131zda olan \u2013belki de olmayan\u2013 t\u00fcm sorulara bir cevap niteli\u011finde. <\/p>\n","protected":false},"excerpt":{"rendered":"<p>\u0130nsan\u0131n evrimi yeni ba\u015fl\u0131yor,Yapay zek\u00e2 hakk\u0131nda hepimizin bir fikri var ama pek az\u0131m\u0131z bilgi sahibiyiz. Akl\u0131m\u0131za tak\u0131lanlara cevap bulam\u0131yor, hatta kendimizi kaybolmu\u015f hissediyoruz. Oysa bu yeni<span class=\"excerpt-hellip\"> [\u2026]<\/span><\/p>\n","protected":false},"featured_media":0,"template":"","meta":{"_monsterinsights_skip_tracking":false,"_monsterinsights_sitenote_active":false,"_monsterinsights_sitenote_note":"","_monsterinsights_sitenote_category":0},"product_brand":[],"product_cat":[13072,12291],"product_tag":[],"class_list":{"0":"post-715903","1":"product","2":"type-product","3":"status-publish","5":"product_cat-arastirma-inceleme-referans","6":"product_cat-edebiyat","7":"pa_cilt-ciltsiz","8":"pa_tur-kitap","9":"pa_yayinevi-dogan-kitap","10":"pa_yazar-onur-koc","12":"first","13":"instock","14":"sale","15":"shipping-taxable","16":"purchasable","17":"product-type-simple"},"_links":{"self":[{"href":"https:\/\/roveyayinevi.com.tr\/index.php\/wp-json\/wp\/v2\/product\/715903","targetHints":{"allow":["GET"]}}],"collection":[{"href":"https:\/\/roveyayinevi.com.tr\/index.php\/wp-json\/wp\/v2\/product"}],"about":[{"href":"https:\/\/roveyayinevi.com.tr\/index.php\/wp-json\/wp\/v2\/types\/product"}],"wp:attachment":[{"href":"https:\/\/roveyayinevi.com.tr\/index.php\/wp-json\/wp\/v2\/media?parent=715903"}],"wp:term":[{"taxonomy":"product_brand","embeddable":true,"href":"https:\/\/roveyayinevi.com.tr\/index.php\/wp-json\/wp\/v2\/product_brand?post=715903"},{"taxonomy":"product_cat","embeddable":true,"href":"https:\/\/roveyayinevi.com.tr\/index.php\/wp-json\/wp\/v2\/product_cat?post=715903"},{"taxonomy":"product_tag","embeddable":true,"href":"https:\/\/roveyayinevi.com.tr\/index.php\/wp-json\/wp\/v2\/product_tag?post=715903"}],"curies":[{"name":"wp","href":"https:\/\/api.w.org\/{rel}","templated":true}]}}