{"id":715901,"date":"2025-08-27T17:36:05","date_gmt":"2025-08-27T14:36:05","guid":{"rendered":"https:\/\/roveyayinevi.com.tr\/index.php\/urun\/islam-ulkelerinde-buluslar\/"},"modified":"2026-04-16T02:23:57","modified_gmt":"2026-04-15T23:23:57","slug":"islam-ulkelerinde-buluslar","status":"publish","type":"product","link":"https:\/\/roveyayinevi.com.tr\/index.php\/urun\/islam-ulkelerinde-buluslar\/","title":{"rendered":"\u0130slam \u00dclkelerinde Bulu\u015flar"},"content":{"rendered":"<p>\u0130sl\u00e2m bilimlerinin alt\u0131n \u00e7a\u011f\u0131na hizmet etmi\u015f olan H\u00e2zin\u00ee, \u0130bn\u00fc\u2019l-Heysem, \u0130bn\u00fc\u2019n-Nefis, C\u00e2bir\u2026 ve daha niceleri, en \u00f6nemli bilimsel ve teknik bulu\u015flarca \u00e7ok verimli olan bir d\u00f6nemin heyecan ve zenginli\u011fini \u00f6\u011frencileriyle birlikte ya\u015famak isteyen \u00f6\u011fretmenlere bir ziyarette bulunuyorlar. Birbirlerini ay\u0131ran y\u00fczy\u0131llara ra\u011fmen merak ve bilgiye olan a\u00e7l\u0131k d\u00f6nemleri a\u015fmakta ve o zaman\u0131n k\u00fclt\u00fcrel \u00e7e\u015fitlili\u011fini bug\u00fcn\u00fcn \u00e7e\u015fitlili\u011fi i\u00e7in fazladan bir koza d\u00f6n\u00fc\u015ft\u00fcrmektedir.\u0130sl\u00e2m \u00dclkelerinde Bulu\u015flar orta\u00f6\u011fretim \u00f6\u011fretmenleri ve \u00f6\u011frencilerine hitap etmektedir. \u00d6\u011fretmenin bilimsel k\u00fclt\u00fcr\u00fcn\u00fc derinle\u015ftirmesine katk\u0131da bulunurken s\u0131n\u0131ftaki etkinlikleri en iyi \u015fekilde s\u00fcrd\u00fcrecek pedagojik ara\u00e7lar\u0131 sunmaktad\u0131r.Ahmed Djebbar Lille Bilimler ve Teknolojiler \u00dcniversitesinde matematik tarihi profes\u00f6r\u00fcd\u00fcr. Arap Bilimlerinin Alt\u0131n \u00c7a\u011f\u0131 (2005, Le Pommier) gibi \u00e7ok say\u0131da ara\u015ft\u0131rma makalesine ve esere sahiptir.Fizik didakti\u011fi konusunda ara\u015ft\u0131r\u0131c\u0131 olan C\u00e9cile de Hosson Paris 7 Paris-Diderot \u00dcniversitesinde okutmand\u0131r.INRP\u2019de (Ulusal Pedagojik Ara\u015ft\u0131rmalar Enstit\u00fcs\u00fc) m\u00fchendislerinden olan David Jasmin, Bilimler Akademisi sorumlulu\u011funda y\u00fcr\u00fct\u00fclen \u201cElini hamura bula\u015ft\u0131rmak\u201d ekibini y\u00f6netmektedir.<\/p>\n","protected":false},"excerpt":{"rendered":"<p>\u0130sl\u00e2m bilimlerinin alt\u0131n \u00e7a\u011f\u0131na hizmet etmi\u015f olan H\u00e2zin\u00ee, \u0130bn\u00fc\u2019l-Heysem, \u0130bn\u00fc\u2019n-Nefis, C\u00e2bir\u2026 ve daha niceleri, en \u00f6nemli bilimsel ve teknik bulu\u015flarca \u00e7ok verimli olan bir d\u00f6nemin heyecan<span class=\"excerpt-hellip\"> [\u2026]<\/span><\/p>\n","protected":false},"featured_media":0,"template":"","meta":{"_monsterinsights_skip_tracking":false,"_monsterinsights_sitenote_active":false,"_monsterinsights_sitenote_note":"","_monsterinsights_sitenote_category":0},"product_brand":[],"product_cat":[12312,12304],"product_tag":[],"class_list":{"0":"post-715901","1":"product","2":"type-product","3":"status-publish","5":"product_cat-diger","6":"product_cat-tarih","7":"pa_cilt-ciltsiz","8":"pa_tur-kitap","9":"pa_yayinevi-bilge-kultur-sanat","10":"pa_yazar-ahmed-djebbar","12":"first","13":"instock","14":"sale","15":"shipping-taxable","16":"purchasable","17":"product-type-simple"},"_links":{"self":[{"href":"https:\/\/roveyayinevi.com.tr\/index.php\/wp-json\/wp\/v2\/product\/715901","targetHints":{"allow":["GET"]}}],"collection":[{"href":"https:\/\/roveyayinevi.com.tr\/index.php\/wp-json\/wp\/v2\/product"}],"about":[{"href":"https:\/\/roveyayinevi.com.tr\/index.php\/wp-json\/wp\/v2\/types\/product"}],"wp:attachment":[{"href":"https:\/\/roveyayinevi.com.tr\/index.php\/wp-json\/wp\/v2\/media?parent=715901"}],"wp:term":[{"taxonomy":"product_brand","embeddable":true,"href":"https:\/\/roveyayinevi.com.tr\/index.php\/wp-json\/wp\/v2\/product_brand?post=715901"},{"taxonomy":"product_cat","embeddable":true,"href":"https:\/\/roveyayinevi.com.tr\/index.php\/wp-json\/wp\/v2\/product_cat?post=715901"},{"taxonomy":"product_tag","embeddable":true,"href":"https:\/\/roveyayinevi.com.tr\/index.php\/wp-json\/wp\/v2\/product_tag?post=715901"}],"curies":[{"name":"wp","href":"https:\/\/api.w.org\/{rel}","templated":true}]}}