{"id":715898,"date":"2025-08-27T17:36:03","date_gmt":"2025-08-27T14:36:03","guid":{"rendered":"https:\/\/roveyayinevi.com.tr\/index.php\/urun\/islam-cografyacilarina-gore-turkler-ve-turk-ulkeleri\/"},"modified":"2026-04-16T02:23:57","modified_gmt":"2026-04-15T23:23:57","slug":"islam-cografyacilarina-gore-turkler-ve-turk-ulkeleri","status":"publish","type":"product","link":"https:\/\/roveyayinevi.com.tr\/index.php\/urun\/islam-cografyacilarina-gore-turkler-ve-turk-ulkeleri\/","title":{"rendered":"\u0130slam Co\u011frafyac\u0131lar\u0131na G\u00f6re T\u00fcrkler ve T\u00fcrk \u00dclkeleri"},"content":{"rendered":"<p>Bu kitapta \u0130sl\u00e2m co\u011frafyac\u0131lar\u0131na g\u00f6re Orta\u00e7a\u011f\u2019da 900-1300 y\u0131llar\u0131 aras\u0131nda mevcut olan 150 kadar T\u00fcrk boyundan, a\u015firetinden, bunlar\u0131n yurtlar\u0131ndan, \u015fehirlerinden, geleneklerinden, ya\u015fay\u0131\u015flar\u0131ndan s\u00f6z edilir. G\u00f6r\u00fclece\u011fi \u00fczere T\u00fcrkler Orta\u00e7a\u011f\u2019da en geni\u015f sahaya yay\u0131lan en \u00e7ok devlet kuran milletlerdendir.Bu devirde T\u00fcrk \u00fclkeleri \u00f6nemli ticaret yollar\u0131 \u00fczerindeydi. Bilhassa Orta Asya\u2019da \u015fehirler, ticaret, sanatlar geli\u015fmi\u015f idi. Bat\u0131 T\u00fcrkistan (M\u00e2ver\u00e2\u00fcnnehir) \u0130sl\u00e2m d\u00fcnyas\u0131n\u0131n en geli\u015fmi\u015f b\u00f6lgesiydi. T\u00fcrk boylar\u0131 \u00c7in\u2019den Orta Avrupa\u2019ya kadar yay\u0131lm\u0131\u015flard\u0131.Elinizdeki eser \u0130sl\u00e2m kaynaklar\u0131nda T\u00fcrkler hakk\u0131nda verilen bilgileri derli toplu T\u00fcrk okuyuculara tan\u0131tmak ve onlar\u0131n hizmetine sunmak maksad\u0131yla kaleme al\u0131nm\u0131\u015ft\u0131r. Faydal\u0131 olmas\u0131 temennisiyle\u2026<\/p>\n","protected":false},"excerpt":{"rendered":"<p>Bu kitapta \u0130sl\u00e2m co\u011frafyac\u0131lar\u0131na g\u00f6re Orta\u00e7a\u011f\u2019da 900-1300 y\u0131llar\u0131 aras\u0131nda mevcut olan 150 kadar T\u00fcrk boyundan, a\u015firetinden, bunlar\u0131n yurtlar\u0131ndan, \u015fehirlerinden, geleneklerinden, ya\u015fay\u0131\u015flar\u0131ndan s\u00f6z edilir. G\u00f6r\u00fclece\u011fi \u00fczere T\u00fcrkler<span class=\"excerpt-hellip\"> [\u2026]<\/span><\/p>\n","protected":false},"featured_media":0,"template":"","meta":{"_monsterinsights_skip_tracking":false,"_monsterinsights_sitenote_active":false,"_monsterinsights_sitenote_note":"","_monsterinsights_sitenote_category":0},"product_brand":[],"product_cat":[12370,12304],"product_tag":[],"class_list":{"0":"post-715898","1":"product","2":"type-product","3":"status-publish","5":"product_cat-arastirma-inceleme","6":"product_cat-tarih","7":"pa_cilt-ciltsiz","8":"pa_tur-kitap","9":"pa_yayinevi-bilge-kultur-sanat","10":"pa_yazar-ramazan-sesen","12":"first","13":"instock","14":"sale","15":"shipping-taxable","16":"purchasable","17":"product-type-simple"},"_links":{"self":[{"href":"https:\/\/roveyayinevi.com.tr\/index.php\/wp-json\/wp\/v2\/product\/715898","targetHints":{"allow":["GET"]}}],"collection":[{"href":"https:\/\/roveyayinevi.com.tr\/index.php\/wp-json\/wp\/v2\/product"}],"about":[{"href":"https:\/\/roveyayinevi.com.tr\/index.php\/wp-json\/wp\/v2\/types\/product"}],"wp:attachment":[{"href":"https:\/\/roveyayinevi.com.tr\/index.php\/wp-json\/wp\/v2\/media?parent=715898"}],"wp:term":[{"taxonomy":"product_brand","embeddable":true,"href":"https:\/\/roveyayinevi.com.tr\/index.php\/wp-json\/wp\/v2\/product_brand?post=715898"},{"taxonomy":"product_cat","embeddable":true,"href":"https:\/\/roveyayinevi.com.tr\/index.php\/wp-json\/wp\/v2\/product_cat?post=715898"},{"taxonomy":"product_tag","embeddable":true,"href":"https:\/\/roveyayinevi.com.tr\/index.php\/wp-json\/wp\/v2\/product_tag?post=715898"}],"curies":[{"name":"wp","href":"https:\/\/api.w.org\/{rel}","templated":true}]}}