{"id":715897,"date":"2025-08-27T17:36:03","date_gmt":"2025-08-27T14:36:03","guid":{"rendered":"https:\/\/roveyayinevi.com.tr\/index.php\/urun\/meraklisi-icin-casuslar-kitabi\/"},"modified":"2026-04-16T02:23:57","modified_gmt":"2026-04-15T23:23:57","slug":"meraklisi-icin-casuslar-kitabi","status":"publish","type":"product","link":"https:\/\/roveyayinevi.com.tr\/index.php\/urun\/meraklisi-icin-casuslar-kitabi\/","title":{"rendered":"Merakl\u0131s\u0131 \u0130\u00e7in Casuslar Kitab\u0131"},"content":{"rendered":"<p>\u201cCasusluk siyasetin g\u00f6r\u00fcnmeyen y\u00fcz\u00fc, sava\u015f\u0131n ba\u015fka ara\u00e7larla devam\u0131d\u0131r.\u201d \u201cJames Bond iki g\u00fcnde yakalan\u0131rd\u0131.\u201d Kendisi de \u201cMajestelerinin hizmetinde\u201d bir \u0130ngiliz ajan\u0131 olan Ian Fleming\u2019in, James Bond karakterini yarat\u0131rken model ald\u0131\u011f\u0131 S\u0131rp ajan Du\u015fko Popov, an\u0131lar\u0131nda b\u00f6yle diyordu. K\u00fcresel siyasetin g\u00f6r\u00fcnmeyen d\u00fcnyas\u0131nda tarihin ak\u0131\u015f\u0131n\u0131 de\u011fi\u015ftiren Popov, yakalanmamay\u0131 ba\u015farm\u0131\u015f m\u0131yd\u0131?Sadece o da de\u011fil. CIA\u2019in T\u00fcrk-\u0130slam Sentezi uzman\u0131 \u00d6zbek T\u00fcrk\u2019\u00fc Ruzi Nazar\u2019\u0131n T\u00fcrkiye\u2019de g\u00f6rev yapt\u0131\u011f\u0131 11 y\u0131lda iki askeri darbe oldu. KGB\u2019nin Ortado\u011fu operasyonlar\u0131na y\u00f6n veren Azeri T\u00fcrk\u2019\u00fc Haydar Aliyev, Sovyetler y\u0131k\u0131ld\u0131ktan sonra bug\u00fcnk\u00fc Azerbaycan\u2019\u0131 kurdu. Nazar ve Aliyev, So\u011fuk Sava\u015f\u2019ta kar\u015f\u0131 saflardayd\u0131.O d\u00f6nem T\u00fcrk istihbarat\u0131n\u0131n ba\u015f\u0131nda Fuat Do\u011fu vard\u0131. T\u00fcrkiye \u00fczerinde operasyon yapmak isteyenler kar\u015f\u0131s\u0131nda M\u0130T neler yap\u0131yordu? T\u00fcrk istihbarat\u0131n\u0131n en ba\u015far\u0131l\u0131 ve en tart\u0131\u015fmal\u0131 operasyonlar\u0131 neydi? Kar\u015f\u0131n\u0131za kimi zaman CIA kimi zaman da KGB ajan\u0131 olarak \u00e7\u0131kacak hi\u00e7 tahmin etmeyece\u011finiz isimler\u2026Usta gazeteci ve ara\u015ft\u0131rmac\u0131 yazar Murat Yetkin, Merakl\u0131s\u0131 \u0130\u00e7in Casuslar Kitab\u0131\u2019nda, b\u00fct\u00fcn bu tabloyu okurla ilk defa bulu\u015facak bilgilerle anlat\u0131yor. Yine macera roman\u0131 tad\u0131nda, yine bir solukta okuyaca\u011f\u0131n\u0131z tempoda.<\/p>\n","protected":false},"excerpt":{"rendered":"<p>\u201cCasusluk siyasetin g\u00f6r\u00fcnmeyen y\u00fcz\u00fc, sava\u015f\u0131n ba\u015fka ara\u00e7larla devam\u0131d\u0131r.\u201d \u201cJames Bond iki g\u00fcnde yakalan\u0131rd\u0131.\u201d Kendisi de \u201cMajestelerinin hizmetinde\u201d bir \u0130ngiliz ajan\u0131 olan Ian Fleming\u2019in, James Bond karakterini<span class=\"excerpt-hellip\"> [\u2026]<\/span><\/p>\n","protected":false},"featured_media":0,"template":"","meta":{"_monsterinsights_skip_tracking":false,"_monsterinsights_sitenote_active":false,"_monsterinsights_sitenote_note":"","_monsterinsights_sitenote_category":0},"product_brand":[],"product_cat":[13072,12291],"product_tag":[],"class_list":{"0":"post-715897","1":"product","2":"type-product","3":"status-publish","5":"product_cat-arastirma-inceleme-referans","6":"product_cat-edebiyat","7":"pa_cilt-ciltsiz","8":"pa_tur-kitap","9":"pa_yayinevi-dogan-kitap","10":"pa_yazar-murat-yetkin","12":"first","13":"instock","14":"sale","15":"shipping-taxable","16":"purchasable","17":"product-type-simple"},"_links":{"self":[{"href":"https:\/\/roveyayinevi.com.tr\/index.php\/wp-json\/wp\/v2\/product\/715897","targetHints":{"allow":["GET"]}}],"collection":[{"href":"https:\/\/roveyayinevi.com.tr\/index.php\/wp-json\/wp\/v2\/product"}],"about":[{"href":"https:\/\/roveyayinevi.com.tr\/index.php\/wp-json\/wp\/v2\/types\/product"}],"wp:attachment":[{"href":"https:\/\/roveyayinevi.com.tr\/index.php\/wp-json\/wp\/v2\/media?parent=715897"}],"wp:term":[{"taxonomy":"product_brand","embeddable":true,"href":"https:\/\/roveyayinevi.com.tr\/index.php\/wp-json\/wp\/v2\/product_brand?post=715897"},{"taxonomy":"product_cat","embeddable":true,"href":"https:\/\/roveyayinevi.com.tr\/index.php\/wp-json\/wp\/v2\/product_cat?post=715897"},{"taxonomy":"product_tag","embeddable":true,"href":"https:\/\/roveyayinevi.com.tr\/index.php\/wp-json\/wp\/v2\/product_tag?post=715897"}],"curies":[{"name":"wp","href":"https:\/\/api.w.org\/{rel}","templated":true}]}}