{"id":715895,"date":"2025-08-27T17:36:01","date_gmt":"2025-08-27T14:36:01","guid":{"rendered":"https:\/\/roveyayinevi.com.tr\/index.php\/urun\/hayalet-imam\/"},"modified":"2025-09-17T23:07:26","modified_gmt":"2025-09-17T20:07:26","slug":"hayalet-imam","status":"publish","type":"product","link":"https:\/\/roveyayinevi.com.tr\/index.php\/urun\/hayalet-imam\/","title":{"rendered":"Hayalet \u0130mam"},"content":{"rendered":"<p>Adil \u00d6ks\u00fcz M\u0130T eleman\u0131 m\u0131 ve kod ad\u0131 Timsah m\u0131?  Mahrem imam oldu\u011fu bilinmesine ra\u011fmen hakk\u0131nda daha \u00f6nce ni\u00e7in i\u015flem yap\u0131lmad\u0131? Adil \u00d6ks\u00fcz, hangi taktikle karakolda tutuldu? Ba\u015fbakanl\u0131k M\u00fc\u015faviri\u2019yle karakolda Arap\u00e7a neler konu\u015ftu? Sorgu s\u0131ras\u0131nda, Cumhuriyet Savc\u0131s\u0131\u2019yla hangi ayetle ilgili tefsir tart\u0131\u015fmas\u0131 yapt\u0131? Savc\u0131 o konu\u015fma sonras\u0131 \u201cmahrem imam\u201d oldu\u011funa nas\u0131l karar verdi? H\u00e2kim ile Cumhuriyet Savc\u0131s\u0131 aras\u0131nda nas\u0131l bir konu\u015fma ge\u00e7ti? Serbest b\u0131rak\u0131ld\u0131ktan sonra avukat\u0131na telefonda neler sordu? \u201cHayalet imam\u201d oldu\u011funu ilk kim g\u00fcndeme getirdi? Meydan meydan dola\u015ft\u0131\u011f\u0131 iddias\u0131na ra\u011fmen ni\u00e7in yakalanmad\u0131? Tetik\u00e7i \u201cYe\u015fil\u201d ile Adil \u00d6ks\u00fcz aras\u0131nda hangi benzerlikler var? Yak\u0131nlar\u0131, neden Adil\u2019in yurtd\u0131\u015f\u0131na \u00e7\u0131kmad\u0131\u011f\u0131n\u0131 s\u00f6yl\u00fcyor?  Yakalama karar\u0131 \u00e7\u0131karmayan h\u00e2kim ve yakalamayan Emniyet mensubuna ne oldu?  15 Temmuz darbe giri\u015fiminin hemen ertesi g\u00fcn\u00fc darbenin merkezi say\u0131lan Ak\u0131nc\u0131 Hava \u00dcss\u00fc yak\u0131nlar\u0131nda yakaland\u0131. Tutuksuz yarg\u0131lanmak \u00fczere serbest b\u0131rak\u0131lmas\u0131n\u0131n ard\u0131ndan kendisinden bir daha haber al\u0131namad\u0131. Hakk\u0131nda bir s\u00fcr\u00fc haber \u00e7\u0131kan ve h\u00e2l\u00e2 yakalanamayan Adil \u00d6ks\u00fcz dosyas\u0131 \u00fczerine etkili bir \u00e7al\u0131\u015fma\u2026 <\/p>\n","protected":false},"excerpt":{"rendered":"<p>Adil \u00d6ks\u00fcz M\u0130T eleman\u0131 m\u0131 ve kod ad\u0131 Timsah m\u0131? Mahrem imam oldu\u011fu bilinmesine ra\u011fmen hakk\u0131nda daha \u00f6nce ni\u00e7in i\u015flem yap\u0131lmad\u0131? Adil \u00d6ks\u00fcz, hangi taktikle karakolda<span class=\"excerpt-hellip\"> [\u2026]<\/span><\/p>\n","protected":false},"featured_media":0,"template":"","meta":{"_monsterinsights_skip_tracking":false,"_monsterinsights_sitenote_active":false,"_monsterinsights_sitenote_note":"","_monsterinsights_sitenote_category":0},"product_brand":[],"product_cat":[13072,12291],"product_tag":[],"class_list":{"0":"post-715895","1":"product","2":"type-product","3":"status-publish","5":"product_cat-arastirma-inceleme-referans","6":"product_cat-edebiyat","7":"pa_cilt-ciltsiz","8":"pa_tur-kitap","9":"pa_yayinevi-dogan-kitap","10":"pa_yazar-saygi-ozturk","12":"first","13":"instock","14":"sale","15":"shipping-taxable","16":"purchasable","17":"product-type-simple"},"_links":{"self":[{"href":"https:\/\/roveyayinevi.com.tr\/index.php\/wp-json\/wp\/v2\/product\/715895","targetHints":{"allow":["GET"]}}],"collection":[{"href":"https:\/\/roveyayinevi.com.tr\/index.php\/wp-json\/wp\/v2\/product"}],"about":[{"href":"https:\/\/roveyayinevi.com.tr\/index.php\/wp-json\/wp\/v2\/types\/product"}],"wp:attachment":[{"href":"https:\/\/roveyayinevi.com.tr\/index.php\/wp-json\/wp\/v2\/media?parent=715895"}],"wp:term":[{"taxonomy":"product_brand","embeddable":true,"href":"https:\/\/roveyayinevi.com.tr\/index.php\/wp-json\/wp\/v2\/product_brand?post=715895"},{"taxonomy":"product_cat","embeddable":true,"href":"https:\/\/roveyayinevi.com.tr\/index.php\/wp-json\/wp\/v2\/product_cat?post=715895"},{"taxonomy":"product_tag","embeddable":true,"href":"https:\/\/roveyayinevi.com.tr\/index.php\/wp-json\/wp\/v2\/product_tag?post=715895"}],"curies":[{"name":"wp","href":"https:\/\/api.w.org\/{rel}","templated":true}]}}