{"id":715894,"date":"2025-08-27T17:36:01","date_gmt":"2025-08-27T14:36:01","guid":{"rendered":"https:\/\/roveyayinevi.com.tr\/index.php\/urun\/insanlar-arasindaki-esitsizligin-kaynagi-ve-temelleri-hakkinda-nutuk\/"},"modified":"2026-04-16T02:23:57","modified_gmt":"2026-04-15T23:23:57","slug":"insanlar-arasindaki-esitsizligin-kaynagi-ve-temelleri-hakkinda-nutuk","status":"publish","type":"product","link":"https:\/\/roveyayinevi.com.tr\/index.php\/urun\/insanlar-arasindaki-esitsizligin-kaynagi-ve-temelleri-hakkinda-nutuk\/","title":{"rendered":"\u0130nsanlar Aras\u0131ndaki E\u015fitsizli\u011fin Kayna\u011f\u0131 ve Temelleri Hakk\u0131nda Nutuk"},"content":{"rendered":"<p>Bir arazinin etraf\u0131na s\u0131n\u0131r \u00e7ekip \u201cbu bana ait-dir\u201d demeyi ak\u0131l etmi\u015f ve de ona inanacak kadar saf insanlar bulmu\u015f ilk ki\u015fi, uygar toplumun hakik\u00ee kurucusu oldu. Kaz\u0131klar\u0131 s\u00f6kerek ya da hende\u011fi doldurarak hemcinslerine \u015f\u00f6yle hayk\u0131rm\u0131\u015f biri [olsayd\u0131 -\u00e7ev.], insan t\u00fcr\u00fcn\u00fc nice su\u00e7tan, sava\u015ftan, nice sefaletten ve deh\u015fetten korumu\u015f olurdu: \u201cBu sahtek\u00e2ra kulak asmay\u0131n! Meyvelerin herkesin oldu\u011funu ve topra\u011f\u0131n da hi\u00e7 kimseye ait olmad\u0131\u011f\u0131n\u0131 unutursan\u0131z, mahvolursunuz!\u201dE\u015fitsizli\u011fin kayna\u011f\u0131n\u0131 ve ilerlemesini, politik toplumlar\u0131n kurulu\u015funu ve suiistimalini, bunlar\u0131n, yaln\u0131zca akl\u0131n \u0131\u015f\u0131\u011f\u0131yla ve de egemen otoriteye il\u00e2h\u00ee hukukun m\u00fceyyide yetkisini veren kutsal dogmalardan ba\u011f\u0131ms\u0131z \u015fekilde, insan do\u011fas\u0131ndan muhakemeyle \u00e7\u0131kar\u0131labildi\u011fi \u00f6l\u00e7\u00fcde sunmaya \u00e7al\u0131\u015ft\u0131m. Bu sunu\u015ftan, do\u011fa durumunda hemen hemen hi\u00e7 bulunmayan e\u015fitsizli\u011fin, g\u00fcc\u00fcn\u00fc ve art\u0131\u015f\u0131n\u0131 yetilerimizin geli\u015fiminden ve insan zek\u00e2s\u0131n\u0131n ilerlemelerinden ald\u0131\u011f\u0131 ve de sonunda, m\u00fclkiyetin ve yasalar\u0131n tesis edilmesiyle kal\u0131c\u0131 ve me\u015fru h\u00e2le geldi\u011fi sonucu \u00e7\u0131k\u0131yor.Yine, yaln\u0131zca pozitif hukuk taraf\u0131ndan m\u00fcsaade edilen m\u00e2nev\u00ee e\u015fitsizli\u011fin, fiziksel e\u015fitsizlikle ba\u015fa ba\u015f gitmedi\u011fi her durumda do\u011fal hukuka ayk\u0131r\u0131 oldu\u011fu sonucu \u00e7\u0131k\u0131yor; bu farkl\u0131l\u0131k da, ne surette tan\u0131mlan\u0131rsa tan\u0131mlans\u0131n, bir \u00e7ocu\u011fun bir ihtiyara emretmesi, geri zek\u00e2l\u0131n\u0131n tekinin bilge bir insan\u0131 sevk ve idare etmesi ve a\u00e7l\u0131ktan k\u0131vranan \u00e7o\u011funluk hayat\u00ee ihtiya\u00e7lar\u0131n yoksunlu\u011funu \u00e7ekerken bir avu\u00e7 insan\u0131n bolluk i\u00e7inde y\u00fczmesi \u00e2\u015fik\u00e2r bi\u00e7imde do\u011fa yasas\u0131na ayk\u0131r\u0131 oldu\u011fundan, uygarla\u015fm\u0131\u015f halklar\u0131n hepsinde h\u00fck\u00fcm s\u00fcren bu e\u015fitsizlik t\u00fcr\u00fc bak\u0131m\u0131ndan d\u00fc\u015f\u00fcn\u00fclmesi gerekeni yeterince tayin edicidir.Rousseau\u2019nun \u00e7a\u011flar \u00f6ncesinden g\u00fcn\u00fcm\u00fcze hitap edebilme meziyetine sahip Nutku, b\u00fct\u00fcn be\u015fer\u00ee bilimler bak\u0131m\u0131ndan ve bilhassa da siyasetbilimi, hukuk, sosyoloji, siyaset felsefesi, insan ve k\u00fclt\u00fcr felsefesi, dil felsefesi alanlar\u0131 bak\u0131m\u0131ndan temel metinlerden biridir.<\/p>\n","protected":false},"excerpt":{"rendered":"<p>Bir arazinin etraf\u0131na s\u0131n\u0131r \u00e7ekip \u201cbu bana ait-dir\u201d demeyi ak\u0131l etmi\u015f ve de ona inanacak kadar saf insanlar bulmu\u015f ilk ki\u015fi, uygar toplumun hakik\u00ee kurucusu oldu.<span class=\"excerpt-hellip\"> [\u2026]<\/span><\/p>\n","protected":false},"featured_media":0,"template":"","meta":{"_monsterinsights_skip_tracking":false,"_monsterinsights_sitenote_active":false,"_monsterinsights_sitenote_note":"","_monsterinsights_sitenote_category":0},"product_brand":[],"product_cat":[12389,12388],"product_tag":[],"class_list":{"0":"post-715894","1":"product","2":"type-product","3":"status-publish","5":"product_cat-diger-felsefe","6":"product_cat-felsefe","7":"pa_cilt-ciltsiz","8":"pa_tur-kitap","9":"pa_yayinevi-bilge-kultur-sanat","10":"pa_yazar-jean-jacques-rousseau","12":"first","13":"instock","14":"sale","15":"shipping-taxable","16":"purchasable","17":"product-type-simple"},"_links":{"self":[{"href":"https:\/\/roveyayinevi.com.tr\/index.php\/wp-json\/wp\/v2\/product\/715894","targetHints":{"allow":["GET"]}}],"collection":[{"href":"https:\/\/roveyayinevi.com.tr\/index.php\/wp-json\/wp\/v2\/product"}],"about":[{"href":"https:\/\/roveyayinevi.com.tr\/index.php\/wp-json\/wp\/v2\/types\/product"}],"wp:attachment":[{"href":"https:\/\/roveyayinevi.com.tr\/index.php\/wp-json\/wp\/v2\/media?parent=715894"}],"wp:term":[{"taxonomy":"product_brand","embeddable":true,"href":"https:\/\/roveyayinevi.com.tr\/index.php\/wp-json\/wp\/v2\/product_brand?post=715894"},{"taxonomy":"product_cat","embeddable":true,"href":"https:\/\/roveyayinevi.com.tr\/index.php\/wp-json\/wp\/v2\/product_cat?post=715894"},{"taxonomy":"product_tag","embeddable":true,"href":"https:\/\/roveyayinevi.com.tr\/index.php\/wp-json\/wp\/v2\/product_tag?post=715894"}],"curies":[{"name":"wp","href":"https:\/\/api.w.org\/{rel}","templated":true}]}}