{"id":715892,"date":"2025-08-27T17:36:00","date_gmt":"2025-08-27T14:36:00","guid":{"rendered":"https:\/\/roveyayinevi.com.tr\/index.php\/urun\/hipermodern-zamanlar\/"},"modified":"2026-04-16T02:23:57","modified_gmt":"2026-04-15T23:23:57","slug":"hipermodern-zamanlar","status":"publish","type":"product","link":"https:\/\/roveyayinevi.com.tr\/index.php\/urun\/hipermodern-zamanlar\/","title":{"rendered":"Hipermodern Zamanlar"},"content":{"rendered":"<p>Lipovetsky\u2019nin eserlerinde yer alan ikili g\u00f6r\u00fc\u015f\u00fcn faydas\u0131, Marksist ve liberal \u015femalar d\u0131\u015f\u0131nda, demokrasilerimizin gelece\u011finin o okuman\u0131n i\u00e7inde a\u00e7\u0131k oldu\u011fu ve de yine bireysel ve kolektif sorumlulu\u011fun o okumada dolu dolu ve tam oldu\u011fu, \u201c\u015fimdiki zaman\u201d\u0131n yeni bir okumas\u0131n\u0131 teklif etmesindedir. Kendi yaratt\u0131\u011f\u0131 g\u00fc\u00e7l\u00fckleri bir tek liberalizmin \u00e7\u00f6zebilece\u011fini d\u00fc\u015f\u00fcnen liberallere kar\u015f\u0131 Lipovetsky, pazar\u0131n rol\u00fcn\u00fcn s\u0131n\u0131rlar\u0131 oldu\u011funu ve s\u00f6zde g\u00f6ksel g\u00f6r\u00fcnmez elin pazar\u0131 i\u00e7eriden d\u00fczenlemesinin, onun a\u015f\u0131r\u0131l\u0131klar\u0131ndan korunmak i\u00e7in g\u00f6r\u00fclmez eldivenlere ihtiyac\u0131 oldu\u011funu hat\u0131rlat\u0131r.Kapitalizmde \u00e7eli\u015fkili bir mant\u0131k bulundu\u011funu il\u00e2n eden ve geli\u015fi zorunlu olan s\u0131n\u0131fs\u0131z bir toplum lehine militanl\u0131k yapan Marksistlere kar\u015f\u0131 Lipovetsky, \u00e7eli\u015fkinin nas\u0131l bireylerin ba\u011fr\u0131na kaz\u0131nm\u0131\u015f oldu\u011funu, sembolik sava\u015flar\u0131n\/m\u00fccadelelerin ne kadar yo\u011funluk kaybetti\u011fini ve gelece\u011fin \u00f6ng\u00f6r\u00fclemez olu\u015funun, onun \u015fimdide hep birlikte in\u015fa edilecek bir \u015fey olu\u015fundan kaynakland\u0131\u011f\u0131n\u0131 g\u00f6sterir. \u015eimdinin karma\u015f\u0131kl\u0131\u011f\u0131n\u0131 hesaba katarak, ondan t\u00fcretilmi\u015f idealist ya da fel\u00e2ket tellal\u0131 okumalar\u0131 reddederek Lipovetsky hipermodernitemize dair ayn\u0131 zamanda hem rasyonalist hem pragmatist olma iddias\u0131 ta\u015f\u0131yan ve de sorumlulu\u011fun, demokrasilerimizin gelece\u011finin temel dire\u011fi oldu\u011fu bir yorum teklif eder.Ger\u00e7ek bir sorumluluk \u00fcstlenme olmaks\u0131z\u0131n, somut sonu\u00e7lardan yoksun faziletli niyet beyanlar\u0131 yetmeyecektir. \u0130nsanlar\u0131n zek\u00e2s\u0131na de\u011fer vermek, kurumlar\u0131 harekete ge\u00e7irmek ve \u00e7ocuklar\u0131m\u0131z\u0131 \u015fimdinin ve gelece\u011fin sorunlar\u0131na haz\u0131rlamak gerekecektir. Sorumluluk \u00fcstlenebilme kolektif olmal\u0131d\u0131r ve de yapabilmenin ve bilebilmenin b\u00fct\u00fcn alanlar\u0131nda uygulanmal\u0131d\u0131r; ama bireysel de olmal\u0131d\u0131r, zira moderniteden miras ald\u0131\u011f\u0131m\u0131z bu \u00f6zerkli\u011fin mesuliyetini s\u0131rtlanmak da son kertede bizlere kalm\u0131\u015ft\u0131r.<\/p>\n","protected":false},"excerpt":{"rendered":"<p>Lipovetsky\u2019nin eserlerinde yer alan ikili g\u00f6r\u00fc\u015f\u00fcn faydas\u0131, Marksist ve liberal \u015femalar d\u0131\u015f\u0131nda, demokrasilerimizin gelece\u011finin o okuman\u0131n i\u00e7inde a\u00e7\u0131k oldu\u011fu ve de yine bireysel ve kolektif sorumlulu\u011fun<span class=\"excerpt-hellip\"> [\u2026]<\/span><\/p>\n","protected":false},"featured_media":0,"template":"","meta":{"_monsterinsights_skip_tracking":false,"_monsterinsights_sitenote_active":false,"_monsterinsights_sitenote_note":"","_monsterinsights_sitenote_category":0},"product_brand":[],"product_cat":[20351,12388],"product_tag":[],"class_list":{"0":"post-715892","1":"product","2":"type-product","3":"status-publish","5":"product_cat-dusunce","6":"product_cat-felsefe","7":"pa_cilt-ciltsiz","8":"pa_tur-kitap","9":"pa_yayinevi-bilge-kultur-sanat","10":"pa_yazar-gilles-lipovetsky","12":"first","13":"instock","14":"sale","15":"shipping-taxable","16":"purchasable","17":"product-type-simple"},"_links":{"self":[{"href":"https:\/\/roveyayinevi.com.tr\/index.php\/wp-json\/wp\/v2\/product\/715892","targetHints":{"allow":["GET"]}}],"collection":[{"href":"https:\/\/roveyayinevi.com.tr\/index.php\/wp-json\/wp\/v2\/product"}],"about":[{"href":"https:\/\/roveyayinevi.com.tr\/index.php\/wp-json\/wp\/v2\/types\/product"}],"wp:attachment":[{"href":"https:\/\/roveyayinevi.com.tr\/index.php\/wp-json\/wp\/v2\/media?parent=715892"}],"wp:term":[{"taxonomy":"product_brand","embeddable":true,"href":"https:\/\/roveyayinevi.com.tr\/index.php\/wp-json\/wp\/v2\/product_brand?post=715892"},{"taxonomy":"product_cat","embeddable":true,"href":"https:\/\/roveyayinevi.com.tr\/index.php\/wp-json\/wp\/v2\/product_cat?post=715892"},{"taxonomy":"product_tag","embeddable":true,"href":"https:\/\/roveyayinevi.com.tr\/index.php\/wp-json\/wp\/v2\/product_tag?post=715892"}],"curies":[{"name":"wp","href":"https:\/\/api.w.org\/{rel}","templated":true}]}}