{"id":715890,"date":"2025-08-27T17:35:59","date_gmt":"2025-08-27T14:35:59","guid":{"rendered":"https:\/\/roveyayinevi.com.tr\/index.php\/urun\/hayat-ve-toplum-ustune-dusunceler\/"},"modified":"2026-04-16T02:23:57","modified_gmt":"2026-04-15T23:23:57","slug":"hayat-ve-toplum-ustune-dusunceler","status":"publish","type":"product","link":"https:\/\/roveyayinevi.com.tr\/index.php\/urun\/hayat-ve-toplum-ustune-dusunceler\/","title":{"rendered":"Hayat ve Toplum \u00dcst\u00fcne D\u00fc\u015f\u00fcnceler"},"content":{"rendered":"<p>Chamfort, Fransa\u2019n\u0131n devrim \u00f6ncesi y\u0131llar\u0131n\u0131, \u201cEski Rejim\u201di, i\u00e7erden ve dikkatle g\u00f6zlemleyen, hem siyasal ve hukuksal yap\u0131y\u0131, hem de toplumu, en a\u011f\u0131r \u015fekilde hicveden bir g\u00f6zlemci. Hayat ve Toplum \u00dcst\u00fcne D\u00fc\u015f\u00fcnceler\u2019de yazar, en radikal anlam\u0131yla bir toplum, uygarl\u0131k ve ahlak ele\u015ftirisi yap\u0131yor. Bu niteli\u011fiyle Frans\u0131z ayd\u0131nlar\u0131 aras\u0131nda kendine \u00f6zg\u00fc bir yere oturan yazar\u0131n aforizma ve anekdot formundaki bu eseri bize zaman zaman Montaigne\u2019i hat\u0131rlatacak, bazen de Camus\u2019y\u00fc \u00e7a\u011fr\u0131\u015ft\u0131racak.Aforizma zor bir t\u00fcr; k\u0131ssadan hisse \u00e7\u0131karma ama\u00e7l\u0131 yaz\u0131l\u0131yor. Tek at\u0131ml\u0131k barut gibi. S\u00f6zc\u00fcklerin iyi se\u00e7ilmesi \u00f6nemli. Kar\u015f\u0131t g\u00f6r\u00fc\u015flerin g\u00f6zetilmesi, denge tutturulmas\u0131 \u00f6nemli. Chamfort bu anlamda t\u00fcr\u00fcn en ba\u015far\u0131l\u0131 ve \u00f6zg\u00fcn \u00f6rneklerinden birini veriyor. Chamfort\u2019un D\u00fc\u015f\u00fcnceler\u2019inde sadece aforizmalar yok, anekdotlar da var. Aforizma ustas\u0131 olarak yazar, \u00e7o\u011funlukla kural koymak, b\u00fct\u00fcn ba\u011flamlar i\u00e7in ge\u00e7erli savlar, tezler \u00fcretmek \u00e7abas\u0131nda. Chamfort, anekdotlar\u0131nda ise XVIII. y\u00fczy\u0131l sonu Frans\u0131z toplumuna ayna tutuyor. Bu ayna, ger\u00e7e\u011fi \u00e7arp\u0131tmadan, oldu\u011fu gibi yans\u0131t\u0131yor.Yazar, bir tarih\u00e7i titizli\u011fiyle \u00f6yk\u00fcn\u00fcn ba\u011flam\u0131na sad\u0131k kal\u0131yor ve bazen \u00e7ok ilgin\u00e7 ayr\u0131nt\u0131lar veriyor. Genel ge\u00e7er bir form\u00fcl olu\u015fturmak yerine, var olan durumu saptayarak, okuru konu hakk\u0131nda d\u00fc\u015f\u00fcnmeye sevk ediyor. Okur, bu eserde Frans\u0131z edebiyat\u0131n\u0131n en \u00f6zg\u00fcn yazarlar\u0131ndan biriyle tan\u0131\u015f\u0131rken hem hayat ve toplum \u00fcst\u00fcne yeniden d\u00fc\u015f\u00fcnmek, hem de d\u00f6nemin Frans\u0131z toplumuna i\u00e7erden bakmak f\u0131rsat\u0131n\u0131 bulacakt\u0131r.<\/p>\n","protected":false},"excerpt":{"rendered":"<p>Chamfort, Fransa\u2019n\u0131n devrim \u00f6ncesi y\u0131llar\u0131n\u0131, \u201cEski Rejim\u201di, i\u00e7erden ve dikkatle g\u00f6zlemleyen, hem siyasal ve hukuksal yap\u0131y\u0131, hem de toplumu, en a\u011f\u0131r \u015fekilde hicveden bir g\u00f6zlemci. Hayat<span class=\"excerpt-hellip\"> [\u2026]<\/span><\/p>\n","protected":false},"featured_media":0,"template":"","meta":{"_monsterinsights_skip_tracking":false,"_monsterinsights_sitenote_active":false,"_monsterinsights_sitenote_note":"","_monsterinsights_sitenote_category":0},"product_brand":[],"product_cat":[12777,12291],"product_tag":[],"class_list":{"0":"post-715890","1":"product","2":"type-product","3":"status-publish","5":"product_cat-deneme","6":"product_cat-edebiyat","7":"pa_cilt-ciltsiz","8":"pa_tur-kitap","9":"pa_yayinevi-bilge-kultur-sanat","10":"pa_yazar-nicolas-de-chamfort","12":"first","13":"instock","14":"sale","15":"shipping-taxable","16":"purchasable","17":"product-type-simple"},"_links":{"self":[{"href":"https:\/\/roveyayinevi.com.tr\/index.php\/wp-json\/wp\/v2\/product\/715890","targetHints":{"allow":["GET"]}}],"collection":[{"href":"https:\/\/roveyayinevi.com.tr\/index.php\/wp-json\/wp\/v2\/product"}],"about":[{"href":"https:\/\/roveyayinevi.com.tr\/index.php\/wp-json\/wp\/v2\/types\/product"}],"wp:attachment":[{"href":"https:\/\/roveyayinevi.com.tr\/index.php\/wp-json\/wp\/v2\/media?parent=715890"}],"wp:term":[{"taxonomy":"product_brand","embeddable":true,"href":"https:\/\/roveyayinevi.com.tr\/index.php\/wp-json\/wp\/v2\/product_brand?post=715890"},{"taxonomy":"product_cat","embeddable":true,"href":"https:\/\/roveyayinevi.com.tr\/index.php\/wp-json\/wp\/v2\/product_cat?post=715890"},{"taxonomy":"product_tag","embeddable":true,"href":"https:\/\/roveyayinevi.com.tr\/index.php\/wp-json\/wp\/v2\/product_tag?post=715890"}],"curies":[{"name":"wp","href":"https:\/\/api.w.org\/{rel}","templated":true}]}}