{"id":715889,"date":"2025-08-27T17:35:58","date_gmt":"2025-08-27T14:35:58","guid":{"rendered":"https:\/\/roveyayinevi.com.tr\/index.php\/urun\/gunumuzde-pontusculuk-faaliyetleri\/"},"modified":"2026-04-16T02:23:57","modified_gmt":"2026-04-15T23:23:57","slug":"gunumuzde-pontusculuk-faaliyetleri","status":"publish","type":"product","link":"https:\/\/roveyayinevi.com.tr\/index.php\/urun\/gunumuzde-pontusculuk-faaliyetleri\/","title":{"rendered":"G\u00fcn\u00fcm\u00fczde Pontus\u00e7uluk Faaliyetleri"},"content":{"rendered":"<p>Kafkas co\u011frafyas\u0131 h\u00e2len yery\u00fcz\u00fcn\u00fcn en hareketli b\u00f6lgelerinden birisidir. Bu h\u00e2l pek \u00e7ok devleti y\u00f6rede ekonomik, siyas\u00ee ve asker\u00ee denklemlerde etkin olaca\u011f\u0131 bir zemin elde edebilme gayreti i\u00e7erisine itmi\u015ftir.Bunlardan birisi de Almanya ve ABD\u2019nin destekledi\u011fi Yunanistan\u2019d\u0131r. Nitekim bu devlet son y\u0131llarda mesnetsiz, as\u0131ls\u0131z iddialar ve ger\u00e7ekle\u015ftirdi\u011fi birtak\u0131m faaliyetler ile tarihe objektif bir g\u00f6zle bakabilenler nezdinde g\u00fcl\u00fcn\u00e7 bir vaziyete d\u00fc\u015fmesine ra\u011fmen Do\u011fu Karadeniz b\u00f6lgesinde bir \u201cPontus Devleti\u201d kurmak gibi olmayacak hayaller pe\u015finde ko\u015fmaya ba\u015flam\u0131\u015ft\u0131r.Kan davas\u0131 g\u00fctmek, intikam almak gibi hareketler T\u00fcrk Milleti\u2019nin inanc\u0131na, tarih\u00ee \u015feref ve asaletine yak\u0131\u015fmaz. Ancak XX. y\u00fczy\u0131l\u0131n ilk \u00e7eyre\u011finde Bat\u0131 Anadolu bir tarafa Do\u011fu Karadeniz B\u00f6lgesi\u2019nde Rumlar\u0131n sebep oldu\u011fu facia daha unutulmam\u0131\u015fken bug\u00fcn Yunanistan\u2019\u0131n \u201cyavuz h\u0131rs\u0131z ev sahibini bast\u0131r\u0131r\u201d misali bir tav\u0131r sergilemeye kalk\u0131\u015fmas\u0131 g\u00f6rmezlikten gelinecek, savsaklanacak bir husus de\u011fildir. Aksine d\u00fcnya bar\u0131\u015f\u0131 i\u00e7in son derece tehlikeli bir giri\u015fimdir ve bu ba\u011flamda ana hatlar\u0131yla da olsa ger\u00e7ekleri g\u00f6zler \u00f6n\u00fcne sermek mill\u00ee, insan\u00ee oldu\u011fu kadar ayn\u0131 zamanda ilm\u00ee bir vazife ve m\u00fckellefiyettir. Bu d\u00fc\u015f\u00fcnceden hareketle, Yunan iddialar\u0131n\u0131n mesnetsizli\u011fini ortaya koymak ve g\u00fcn\u00fcm\u00fczde \u201cPontus\u00e7uluk\u201d gibi gizli ya da a\u00e7\u0131k\u00e7a y\u00fcr\u00fct\u00fclen ayr\u0131mc\u0131, y\u0131k\u0131c\u0131 faaliyetler kar\u015f\u0131s\u0131nda T\u00fcrk Milleti\u2019ni daha dikkatli olmaya sevk etmek \u00fczere elinizdeki kitap\u00e7\u0131k haz\u0131rlanm\u0131\u015f bulunmaktad\u0131r.<\/p>\n","protected":false},"excerpt":{"rendered":"<p>Kafkas co\u011frafyas\u0131 h\u00e2len yery\u00fcz\u00fcn\u00fcn en hareketli b\u00f6lgelerinden birisidir. Bu h\u00e2l pek \u00e7ok devleti y\u00f6rede ekonomik, siyas\u00ee ve asker\u00ee denklemlerde etkin olaca\u011f\u0131 bir zemin elde edebilme gayreti<span class=\"excerpt-hellip\"> [\u2026]<\/span><\/p>\n","protected":false},"featured_media":0,"template":"","meta":{"_monsterinsights_skip_tracking":false,"_monsterinsights_sitenote_active":false,"_monsterinsights_sitenote_note":"","_monsterinsights_sitenote_category":0},"product_brand":[],"product_cat":[12370,12304],"product_tag":[],"class_list":{"0":"post-715889","1":"product","2":"type-product","3":"status-publish","5":"product_cat-arastirma-inceleme","6":"product_cat-tarih","7":"pa_cilt-ciltsiz","8":"pa_tur-kitap","9":"pa_yayinevi-bilge-kultur-sanat","10":"pa_yazar-salim-cohce","12":"first","13":"instock","14":"sale","15":"shipping-taxable","16":"purchasable","17":"product-type-simple"},"_links":{"self":[{"href":"https:\/\/roveyayinevi.com.tr\/index.php\/wp-json\/wp\/v2\/product\/715889","targetHints":{"allow":["GET"]}}],"collection":[{"href":"https:\/\/roveyayinevi.com.tr\/index.php\/wp-json\/wp\/v2\/product"}],"about":[{"href":"https:\/\/roveyayinevi.com.tr\/index.php\/wp-json\/wp\/v2\/types\/product"}],"wp:attachment":[{"href":"https:\/\/roveyayinevi.com.tr\/index.php\/wp-json\/wp\/v2\/media?parent=715889"}],"wp:term":[{"taxonomy":"product_brand","embeddable":true,"href":"https:\/\/roveyayinevi.com.tr\/index.php\/wp-json\/wp\/v2\/product_brand?post=715889"},{"taxonomy":"product_cat","embeddable":true,"href":"https:\/\/roveyayinevi.com.tr\/index.php\/wp-json\/wp\/v2\/product_cat?post=715889"},{"taxonomy":"product_tag","embeddable":true,"href":"https:\/\/roveyayinevi.com.tr\/index.php\/wp-json\/wp\/v2\/product_tag?post=715889"}],"curies":[{"name":"wp","href":"https:\/\/api.w.org\/{rel}","templated":true}]}}