{"id":715888,"date":"2025-08-27T17:35:57","date_gmt":"2025-08-27T14:35:57","guid":{"rendered":"https:\/\/roveyayinevi.com.tr\/index.php\/urun\/gulsen-i-ask\/"},"modified":"2026-04-16T02:23:57","modified_gmt":"2026-04-15T23:23:57","slug":"gulsen-i-ask","status":"publish","type":"product","link":"https:\/\/roveyayinevi.com.tr\/index.php\/urun\/gulsen-i-ask\/","title":{"rendered":"G\u00fcl\u015fen-i A\u015fk"},"content":{"rendered":"<p>\u0130zzet Molla, G\u00fcl\u015fen-i A\u015fk\u2019\u0131 hen\u00fcz yirmi yedi ya\u015f\u0131ndayken kaleme alm\u0131\u015ft\u0131r. K\u00fc\u00e7\u00fck hacimli bir mesnevi olan eser, tasavvuf\u00ee ve allegorik bir a\u015fk hik\u00e2yesidir. Orijinaldir. Ayn\u0131 zamanda, yazar\u0131n da kahraman olarak bizzat eserin i\u00e7inde yer alm\u0131\u015f olmas\u0131yla modern, hatta post-moderndir.G\u00fcl\u015fen-i A\u015fk, tasavvuf\u00ee i\u00e7eri\u011fi dolay\u0131s\u0131yla \u015eeyh G\u00e2lib&#8217;in H\u00fcsn \u00fc A\u015fk\u2019\u0131n\u0131n bir naziresi gibi de\u011ferlendirilmi\u015ftir. Ancak, bu g\u00f6r\u00fc\u015f pek do\u011fru de\u011fildir. Olsa olsa, \u0130zzet Molla\u2019n\u0131n \u00fcstad\u0131ndan ilham ald\u0131\u011f\u0131 s\u00f6ylenebilir. \u00c7\u00fcnk\u00fc \u015fair, G\u00fcl\u015fen-i A\u015fk\u2019la, eski \u015fiir gelene\u011finin al\u0131\u015f\u0131lm\u0131\u015f s\u0131n\u0131rlar\u0131n\u0131 epeyce zorlam\u0131\u015f ve a\u015fm\u0131\u015f, yepyeni bir eser meydana getirmi\u015ftir.G\u00fcl\u015fen-i A\u015fk, kulland\u0131\u011f\u0131 yeni anlat\u0131m tekniklerinin yan\u0131 s\u0131ra, kusursuz b\u00fct\u00fcnl\u00fc\u011f\u00fc, sanat endi\u015fesizli\u011fi ve sadeli\u011fiyle de daha sonrakilere, bilhassa, Ziya Pa\u015fa, Nam\u0131k Kemal ve Abd\u00fclhak Hamid gibi \u015fairlere sa\u011flam bir zemin haz\u0131rlam\u0131\u015ft\u0131r.<\/p>\n","protected":false},"excerpt":{"rendered":"<p>\u0130zzet Molla, G\u00fcl\u015fen-i A\u015fk\u2019\u0131 hen\u00fcz yirmi yedi ya\u015f\u0131ndayken kaleme alm\u0131\u015ft\u0131r. K\u00fc\u00e7\u00fck hacimli bir mesnevi olan eser, tasavvuf\u00ee ve allegorik bir a\u015fk hik\u00e2yesidir. Orijinaldir. Ayn\u0131 zamanda, yazar\u0131n<span class=\"excerpt-hellip\"> [\u2026]<\/span><\/p>\n","protected":false},"featured_media":0,"template":"","meta":{"_monsterinsights_skip_tracking":false,"_monsterinsights_sitenote_active":false,"_monsterinsights_sitenote_note":"","_monsterinsights_sitenote_category":0},"product_brand":[],"product_cat":[12291,12711],"product_tag":[],"class_list":{"0":"post-715888","1":"product","2":"type-product","3":"status-publish","5":"product_cat-edebiyat","6":"product_cat-roman-oyku","7":"pa_cilt-ciltsiz","8":"pa_tur-kitap","9":"pa_yayinevi-bilge-kultur-sanat","10":"pa_yazar-kolektif","12":"first","13":"instock","14":"sale","15":"shipping-taxable","16":"purchasable","17":"product-type-simple"},"_links":{"self":[{"href":"https:\/\/roveyayinevi.com.tr\/index.php\/wp-json\/wp\/v2\/product\/715888","targetHints":{"allow":["GET"]}}],"collection":[{"href":"https:\/\/roveyayinevi.com.tr\/index.php\/wp-json\/wp\/v2\/product"}],"about":[{"href":"https:\/\/roveyayinevi.com.tr\/index.php\/wp-json\/wp\/v2\/types\/product"}],"wp:attachment":[{"href":"https:\/\/roveyayinevi.com.tr\/index.php\/wp-json\/wp\/v2\/media?parent=715888"}],"wp:term":[{"taxonomy":"product_brand","embeddable":true,"href":"https:\/\/roveyayinevi.com.tr\/index.php\/wp-json\/wp\/v2\/product_brand?post=715888"},{"taxonomy":"product_cat","embeddable":true,"href":"https:\/\/roveyayinevi.com.tr\/index.php\/wp-json\/wp\/v2\/product_cat?post=715888"},{"taxonomy":"product_tag","embeddable":true,"href":"https:\/\/roveyayinevi.com.tr\/index.php\/wp-json\/wp\/v2\/product_tag?post=715888"}],"curies":[{"name":"wp","href":"https:\/\/api.w.org\/{rel}","templated":true}]}}