{"id":715887,"date":"2025-08-27T17:35:57","date_gmt":"2025-08-27T14:35:57","guid":{"rendered":"https:\/\/roveyayinevi.com.tr\/index.php\/urun\/filistin-seyahatnamesi-seyahatname-i-arz-i-filistin\/"},"modified":"2026-04-16T02:23:57","modified_gmt":"2026-04-15T23:23:57","slug":"filistin-seyahatnamesi-seyahatname-i-arz-i-filistin","status":"publish","type":"product","link":"https:\/\/roveyayinevi.com.tr\/index.php\/urun\/filistin-seyahatnamesi-seyahatname-i-arz-i-filistin\/","title":{"rendered":"Filistin Seyahatnamesi &#8211; Seyahatname-i Arz-\u0131 Filistin"},"content":{"rendered":"<p>Mirliva Mehmed Refet Pa\u015fa\u2019n\u0131n kaleme ald\u0131\u011f\u0131 elinizdeki eser (1889), iki b\u00f6l\u00fcmden olu\u015fmaktad\u0131r: Birinci b\u00f6l\u00fcmde Filistin Seyahatnamesi (Seyahatname-i Arz-\u0131 Filistin) yer almakta, ikinci b\u00f6l\u00fcmde ise b\u00f6lgeyle ilgili Malumat-\u0131 Tarihiyye ve Co\u011frafiyye\u2019ye ansiklopedik tarzda yer verilmektedir.Seyahatnamenin yaz\u0131lmas\u0131na, \u0130talya Veliahd\u0131 Viktor Napoli Emanuel\u2019in Filistin b\u00f6lgesine d\u00fczenledi\u011fi bir ayl\u0131k gezi vesile olmu\u015ftur (13 \u015eubat-11 Mart 1887). S\u00f6z konusu tarih\u00ee \u015fahsiyetin \u201cmihmandarl\u0131\u011f\u0131n\u0131\u201d Mehmed Refet Pa\u015fa yapm\u0131\u015ft\u0131r. Pa\u015fan\u0131n bu vesile ile tuttu\u011fu notlar, gezinin b\u00fct\u00fcn safhalar\u0131n\u0131 insicaml\u0131 bir \u015fekilde ortaya koymaktad\u0131r. Bu metinde, T\u00fcrk devlet terbiyesini, b\u00f6lgede ya\u015fayan halklar\u0131n durumunu, \u015fehirlerin canl\u0131l\u0131\u011f\u0131n\u0131 ve Do\u011fu\u2019nun misafirperverli\u011fini anlamak; bir\u00e7ok farkl\u0131 unsurun bir arada \u201cOsmanl\u0131\u201d \u015femsiyesi alt\u0131nda bar\u0131\u015f i\u00e7inde ya\u015fad\u0131\u011f\u0131n\u0131 g\u00f6zlemlemek m\u00fcmk\u00fcn. Ayr\u0131ca, seyahatnameyi tamamlay\u0131c\u0131 mahiyette ilave edilen -b\u00f6lgenin tarihi ve co\u011fraf\u00ee konumuyla ilgili bilgiler, esere ayr\u0131 bir de\u011fer katmaktad\u0131r.Bununla birlikte, yak\u0131n tarihlerde bir\u00e7ok uluslararas\u0131 sorunun kayna\u011f\u0131 durumuna gelen b\u00f6lgenin mahiyetinin kavranmas\u0131, devletlerin politik yakla\u015f\u0131mlar\u0131 ve diplomaside baz\u0131 inceliklerin \u00f6nemi hakk\u0131nda uyar\u0131c\u0131 bir eser oldu\u011fu da s\u00f6ylenebilir\u2026<\/p>\n","protected":false},"excerpt":{"rendered":"<p>Mirliva Mehmed Refet Pa\u015fa\u2019n\u0131n kaleme ald\u0131\u011f\u0131 elinizdeki eser (1889), iki b\u00f6l\u00fcmden olu\u015fmaktad\u0131r: Birinci b\u00f6l\u00fcmde Filistin Seyahatnamesi (Seyahatname-i Arz-\u0131 Filistin) yer almakta, ikinci b\u00f6l\u00fcmde ise b\u00f6lgeyle ilgili<span class=\"excerpt-hellip\"> [\u2026]<\/span><\/p>\n","protected":false},"featured_media":0,"template":"","meta":{"_monsterinsights_skip_tracking":false,"_monsterinsights_sitenote_active":false,"_monsterinsights_sitenote_note":"","_monsterinsights_sitenote_category":0},"product_brand":[],"product_cat":[13055,13054],"product_tag":[],"class_list":{"0":"post-715887","1":"product","2":"type-product","3":"status-publish","5":"product_cat-gezi-rehberi","6":"product_cat-gezi-ve-rehber-kitaplari","7":"pa_cilt-ciltsiz","8":"pa_tur-kitap","9":"pa_yayinevi-bilge-kultur-sanat","10":"pa_yazar-mehmed-refet","12":"first","13":"instock","14":"sale","15":"shipping-taxable","16":"purchasable","17":"product-type-simple"},"_links":{"self":[{"href":"https:\/\/roveyayinevi.com.tr\/index.php\/wp-json\/wp\/v2\/product\/715887","targetHints":{"allow":["GET"]}}],"collection":[{"href":"https:\/\/roveyayinevi.com.tr\/index.php\/wp-json\/wp\/v2\/product"}],"about":[{"href":"https:\/\/roveyayinevi.com.tr\/index.php\/wp-json\/wp\/v2\/types\/product"}],"wp:attachment":[{"href":"https:\/\/roveyayinevi.com.tr\/index.php\/wp-json\/wp\/v2\/media?parent=715887"}],"wp:term":[{"taxonomy":"product_brand","embeddable":true,"href":"https:\/\/roveyayinevi.com.tr\/index.php\/wp-json\/wp\/v2\/product_brand?post=715887"},{"taxonomy":"product_cat","embeddable":true,"href":"https:\/\/roveyayinevi.com.tr\/index.php\/wp-json\/wp\/v2\/product_cat?post=715887"},{"taxonomy":"product_tag","embeddable":true,"href":"https:\/\/roveyayinevi.com.tr\/index.php\/wp-json\/wp\/v2\/product_tag?post=715887"}],"curies":[{"name":"wp","href":"https:\/\/api.w.org\/{rel}","templated":true}]}}