{"id":715886,"date":"2025-08-27T17:35:56","date_gmt":"2025-08-27T14:35:56","guid":{"rendered":"https:\/\/roveyayinevi.com.tr\/index.php\/urun\/ferahfeza\/"},"modified":"2026-04-16T02:23:57","modified_gmt":"2026-04-15T23:23:57","slug":"ferahfeza","status":"publish","type":"product","link":"https:\/\/roveyayinevi.com.tr\/index.php\/urun\/ferahfeza\/","title":{"rendered":"Ferahfeza"},"content":{"rendered":"<p>S\u0131lan\u0131n gurbet, gurbetin hasret oldu\u011fu mek\u00e2nlarda aniden a\u00e7an menek\u015fenin bir \u00f6zge saba makam\u0131yla umut f\u0131s\u0131lday\u0131\u015f\u0131d\u0131r ferahfez\u00e2;Hayat\u0131m\u0131zda kaybetti\u011fimiz \u015feylere duydu\u011fumuz h\u00fcz\u00fcn ve gelece\u011fe kar\u015f\u0131 hissetti\u011fimiz i\u015ftiyak\u0131n birle\u015fmesinden olu\u015fan ad\u0131na sevgi denilen g\u00fcl\u00fcmsemedir ferahfez\u00e2;Nihayet, gurbeti s\u0131la yapan bir garibin \u201cC\u00e2n\u0131n\u0131 c\u00e2n\u00e2n\u0131na verenlerin topra\u011f\u0131d\u0131r senin vatan\u0131n. O a\u011fy\u00e2ra y\u00e2r olmaz\u201d, \u201cL\u00e2 tahzen \u201c diyen g\u00f6z bebeklerindeki z\u00fcbde-i \u00e2lemin ho\u015f\u00e7a bak\u0131\u015f\u0131d\u0131r ferahfez\u00e2\u2026<\/p>\n","protected":false},"excerpt":{"rendered":"<p>S\u0131lan\u0131n gurbet, gurbetin hasret oldu\u011fu mek\u00e2nlarda aniden a\u00e7an menek\u015fenin bir \u00f6zge saba makam\u0131yla umut f\u0131s\u0131lday\u0131\u015f\u0131d\u0131r ferahfez\u00e2;Hayat\u0131m\u0131zda kaybetti\u011fimiz \u015feylere duydu\u011fumuz h\u00fcz\u00fcn ve gelece\u011fe kar\u015f\u0131 hissetti\u011fimiz i\u015ftiyak\u0131n birle\u015fmesinden<span class=\"excerpt-hellip\"> [\u2026]<\/span><\/p>\n","protected":false},"featured_media":0,"template":"","meta":{"_monsterinsights_skip_tracking":false,"_monsterinsights_sitenote_active":false,"_monsterinsights_sitenote_note":"","_monsterinsights_sitenote_category":0},"product_brand":[],"product_cat":[12777,12291],"product_tag":[],"class_list":{"0":"post-715886","1":"product","2":"type-product","3":"status-publish","5":"product_cat-deneme","6":"product_cat-edebiyat","7":"pa_cilt-ciltsiz","8":"pa_tur-kitap","9":"pa_yayinevi-bilge-kultur-sanat","10":"pa_yazar-kudret-altun","12":"first","13":"instock","14":"sale","15":"shipping-taxable","16":"purchasable","17":"product-type-simple"},"_links":{"self":[{"href":"https:\/\/roveyayinevi.com.tr\/index.php\/wp-json\/wp\/v2\/product\/715886","targetHints":{"allow":["GET"]}}],"collection":[{"href":"https:\/\/roveyayinevi.com.tr\/index.php\/wp-json\/wp\/v2\/product"}],"about":[{"href":"https:\/\/roveyayinevi.com.tr\/index.php\/wp-json\/wp\/v2\/types\/product"}],"wp:attachment":[{"href":"https:\/\/roveyayinevi.com.tr\/index.php\/wp-json\/wp\/v2\/media?parent=715886"}],"wp:term":[{"taxonomy":"product_brand","embeddable":true,"href":"https:\/\/roveyayinevi.com.tr\/index.php\/wp-json\/wp\/v2\/product_brand?post=715886"},{"taxonomy":"product_cat","embeddable":true,"href":"https:\/\/roveyayinevi.com.tr\/index.php\/wp-json\/wp\/v2\/product_cat?post=715886"},{"taxonomy":"product_tag","embeddable":true,"href":"https:\/\/roveyayinevi.com.tr\/index.php\/wp-json\/wp\/v2\/product_tag?post=715886"}],"curies":[{"name":"wp","href":"https:\/\/api.w.org\/{rel}","templated":true}]}}