{"id":715885,"date":"2025-08-27T17:35:56","date_gmt":"2025-08-27T14:35:56","guid":{"rendered":"https:\/\/roveyayinevi.com.tr\/index.php\/urun\/fen-bilimleri-odevlere-yardimci\/"},"modified":"2026-04-16T02:23:57","modified_gmt":"2026-04-15T23:23:57","slug":"fen-bilimleri-odevlere-yardimci","status":"publish","type":"product","link":"https:\/\/roveyayinevi.com.tr\/index.php\/urun\/fen-bilimleri-odevlere-yardimci\/","title":{"rendered":"Fen Bilimleri &#8211; \u00d6devlere Yard\u0131mc\u0131"},"content":{"rendered":"<p>\u00d6devlere Yard\u0131mc\u0131 kitaplar, okulda ve evde \u00f6\u011frenmeyi ili\u015fkilendirirken, \u00e7ocuklar\u0131n temel becerilerini g\u00fc\u00e7lendirmeye de yard\u0131mc\u0131 olur. Uzmanlar e\u015fli\u011finde haz\u0131rlanan egzersizlerin bulundu\u011fu bu harika kitaplar, \u00e7ocuklar\u0131n temel okul konular\u0131yla ilgili bilgilerini ve kendine g\u00fcvenlerini geli\u015ftirir. Merak uyand\u0131r\u0131c\u0131 etkinlikler, \u00f6\u011frencileri e\u011flendirmek ve okulda \u00f6\u011frendiklerine katk\u0131 sa\u011flamak \u00fczere tasarlanm\u0131\u015ft\u0131r. E\u011flenceli al\u0131\u015ft\u0131rma etkinlikleriyle ve ba\u015far\u0131y\u0131 \u00f6d\u00fcllendirmek i\u00e7in renkli \u00e7\u0131kartmalarla dolu bu kitaplar, tatilde \u00e7al\u0131\u015fmak, s\u0131navlara haz\u0131rlanmak ve evde peki\u015ftirmek i\u00e7in m\u00fckemmeldir.<\/p>\n","protected":false},"excerpt":{"rendered":"<p>\u00d6devlere Yard\u0131mc\u0131 kitaplar, okulda ve evde \u00f6\u011frenmeyi ili\u015fkilendirirken, \u00e7ocuklar\u0131n temel becerilerini g\u00fc\u00e7lendirmeye de yard\u0131mc\u0131 olur. Uzmanlar e\u015fli\u011finde haz\u0131rlanan egzersizlerin bulundu\u011fu bu harika kitaplar, \u00e7ocuklar\u0131n temel okul<span class=\"excerpt-hellip\"> [\u2026]<\/span><\/p>\n","protected":false},"featured_media":0,"template":"","meta":{"_monsterinsights_skip_tracking":false,"_monsterinsights_sitenote_active":false,"_monsterinsights_sitenote_note":"","_monsterinsights_sitenote_category":0},"product_brand":[],"product_cat":[12554,12274],"product_tag":[],"class_list":{"0":"post-715885","1":"product","2":"type-product","3":"status-publish","5":"product_cat-cikartmali-kitaplar","6":"product_cat-cocuk-ve-genclik-kitaplari","7":"pa_cilt-ciltsiz","8":"pa_tur-kitap","9":"pa_yayinevi-is-bankasi-kultur-yayinlari","10":"pa_yazar-kollektif","12":"first","13":"instock","14":"sale","15":"shipping-taxable","16":"purchasable","17":"product-type-simple"},"_links":{"self":[{"href":"https:\/\/roveyayinevi.com.tr\/index.php\/wp-json\/wp\/v2\/product\/715885","targetHints":{"allow":["GET"]}}],"collection":[{"href":"https:\/\/roveyayinevi.com.tr\/index.php\/wp-json\/wp\/v2\/product"}],"about":[{"href":"https:\/\/roveyayinevi.com.tr\/index.php\/wp-json\/wp\/v2\/types\/product"}],"wp:attachment":[{"href":"https:\/\/roveyayinevi.com.tr\/index.php\/wp-json\/wp\/v2\/media?parent=715885"}],"wp:term":[{"taxonomy":"product_brand","embeddable":true,"href":"https:\/\/roveyayinevi.com.tr\/index.php\/wp-json\/wp\/v2\/product_brand?post=715885"},{"taxonomy":"product_cat","embeddable":true,"href":"https:\/\/roveyayinevi.com.tr\/index.php\/wp-json\/wp\/v2\/product_cat?post=715885"},{"taxonomy":"product_tag","embeddable":true,"href":"https:\/\/roveyayinevi.com.tr\/index.php\/wp-json\/wp\/v2\/product_tag?post=715885"}],"curies":[{"name":"wp","href":"https:\/\/api.w.org\/{rel}","templated":true}]}}