{"id":715884,"date":"2025-08-27T17:35:55","date_gmt":"2025-08-27T14:35:55","guid":{"rendered":"https:\/\/roveyayinevi.com.tr\/index.php\/urun\/fasizmin-ve-sosyalizmin-sosyo-politik-kokenleri\/"},"modified":"2026-04-16T02:23:57","modified_gmt":"2026-04-15T23:23:57","slug":"fasizmin-ve-sosyalizmin-sosyo-politik-kokenleri","status":"publish","type":"product","link":"https:\/\/roveyayinevi.com.tr\/index.php\/urun\/fasizmin-ve-sosyalizmin-sosyo-politik-kokenleri\/","title":{"rendered":"Fa\u015fizmin ve Sosyalizmin Sosyo-Politik K\u00f6kenleri"},"content":{"rendered":"<p>\u0130nsanl\u0131k tarihinde bir d\u00f6n\u00fcm noktas\u0131 olarak kabul edebilece\u011fimiz End\u00fcstri Devrimi gibi g\u00fc\u00e7l\u00fc bir sosyal devinimi getiren b\u00fcy\u00fck olaylar, tarihte belki ilk defa insanl\u0131\u011f\u0131 toplumlar h\u00e2linde birle\u015ftirmi\u015ftir. Bu birle\u015fme beraberinde b\u00fcy\u00fck bir \u015fehirle\u015fmeyi, mesleki farkl\u0131la\u015fmay\u0131, i\u015f b\u00f6l\u00fcm\u00fcn\u00fc, yeni \u00fcretim ve t\u00fcketim ili\u015fkilerini, k\u0131saca yeni bir d\u00fcnyay\u0131 getirmi\u015ftir. Bu yeni d\u00fcnya kendine \u00f6zg\u00fc kurumlar\u0131 ve bu kurumlar\u0131n \u015fekillendirdi\u011fi toplum tiplerini olu\u015fturmu\u015ftur.Karl Marx (1818-1883) ve Vilfredo Pareto (1848-1923) yukar\u0131da k\u0131saca \u00f6zetlemeye \u00e7al\u0131\u015ft\u0131\u011f\u0131m\u0131z bu d\u00f6nemin en belirgin niteliklerini ta\u015f\u0131yan; biri 1850\u2019lerden sonra geli\u015fmeye ba\u015flayan sosyal devlet anlay\u0131\u015f\u0131n\u0131n etkisinde kalarak g\u00f6r\u00fc\u015flerini olu\u015fturan, di\u011feri ise 1914\u2019te ba\u015flayan D\u00fcnya Sava\u015f\u0131 sonras\u0131 k\u00f6kl\u00fc bir de\u011fi\u015fim ge\u00e7irerek farkl\u0131 bir mecraya do\u011fru akan sosyal trendi bizzat ya\u015fayarak bir \u00f6ncekinin \u00f6ng\u00f6r\u00fclerini test etme imk\u00e2n\u0131na eri\u015fen iki sosyolog ve ideolo\u011fudur.Farkl\u0131 co\u011frafyalar\u0131 payla\u015fmalar\u0131na, de\u011fi\u015fik ama\u00e7lar u\u011fruna \u00e7al\u0131\u015fmalar\u0131na ve geli\u015ftirdikleri kendilerine \u00f6zg\u00fc sosyal ve siyasi perspektiflerine ra\u011fmen bu iki bilim adam\u0131n\u0131 birle\u015ftiren bir nokta mevcuttur: Toplumun problemlerine e\u011filme ve k\u00f6kl\u00fc toplumsal d\u00f6n\u00fc\u015f\u00fcmleri haz\u0131rlayacak g\u00fc\u00e7l\u00fc ve son derece zengin bir teorik kurguya dayal\u0131 \u00e7\u00f6z\u00fcmler \u00fcretme \u00e7abas\u0131n\u0131 s\u00fcrd\u00fcrmeleri.Bu ba\u011flamda elinizdeki \u00e7al\u0131\u015fma, sosyalizmi ve fa\u015fizmi temel sosyolojik parametreler ve metodolojik unsurlar a\u00e7\u0131s\u0131ndan kar\u015f\u0131la\u015ft\u0131rarak de\u011ferlendirmekte ve birbiriyle \u00e7eli\u015fen ve farkl\u0131la\u015fan bu fikirler b\u00fct\u00fcn\u00fcn\u00fcn g\u00fcn\u00fcm\u00fcz sosyo-politik d\u00fcnyas\u0131na yans\u0131malar\u0131n\u0131 \u00f6zg\u00fcn \u00e7\u00f6z\u00fcmlemeler e\u015fli\u011finde irdeleme aray\u0131\u015f\u0131n\u0131n bir denemesidir.<\/p>\n","protected":false},"excerpt":{"rendered":"<p>\u0130nsanl\u0131k tarihinde bir d\u00f6n\u00fcm noktas\u0131 olarak kabul edebilece\u011fimiz End\u00fcstri Devrimi gibi g\u00fc\u00e7l\u00fc bir sosyal devinimi getiren b\u00fcy\u00fck olaylar, tarihte belki ilk defa insanl\u0131\u011f\u0131 toplumlar h\u00e2linde birle\u015ftirmi\u015ftir.<span class=\"excerpt-hellip\"> [\u2026]<\/span><\/p>\n","protected":false},"featured_media":0,"template":"","meta":{"_monsterinsights_skip_tracking":false,"_monsterinsights_sitenote_active":false,"_monsterinsights_sitenote_note":"","_monsterinsights_sitenote_category":0},"product_brand":[],"product_cat":[12351,12324],"product_tag":[],"class_list":{"0":"post-715884","1":"product","2":"type-product","3":"status-publish","5":"product_cat-siyaset-sosyolojisi","6":"product_cat-sosyoloji","7":"pa_cilt-ciltsiz","8":"pa_tur-kitap","9":"pa_yayinevi-bilge-kultur-sanat","10":"pa_yazar-husamettin-inac","12":"first","13":"instock","14":"sale","15":"shipping-taxable","16":"purchasable","17":"product-type-simple"},"_links":{"self":[{"href":"https:\/\/roveyayinevi.com.tr\/index.php\/wp-json\/wp\/v2\/product\/715884","targetHints":{"allow":["GET"]}}],"collection":[{"href":"https:\/\/roveyayinevi.com.tr\/index.php\/wp-json\/wp\/v2\/product"}],"about":[{"href":"https:\/\/roveyayinevi.com.tr\/index.php\/wp-json\/wp\/v2\/types\/product"}],"wp:attachment":[{"href":"https:\/\/roveyayinevi.com.tr\/index.php\/wp-json\/wp\/v2\/media?parent=715884"}],"wp:term":[{"taxonomy":"product_brand","embeddable":true,"href":"https:\/\/roveyayinevi.com.tr\/index.php\/wp-json\/wp\/v2\/product_brand?post=715884"},{"taxonomy":"product_cat","embeddable":true,"href":"https:\/\/roveyayinevi.com.tr\/index.php\/wp-json\/wp\/v2\/product_cat?post=715884"},{"taxonomy":"product_tag","embeddable":true,"href":"https:\/\/roveyayinevi.com.tr\/index.php\/wp-json\/wp\/v2\/product_tag?post=715884"}],"curies":[{"name":"wp","href":"https:\/\/api.w.org\/{rel}","templated":true}]}}