{"id":715881,"date":"2025-08-27T17:35:53","date_gmt":"2025-08-27T14:35:53","guid":{"rendered":"https:\/\/roveyayinevi.com.tr\/index.php\/urun\/eski-turk-yer-adlari\/"},"modified":"2026-04-16T02:23:57","modified_gmt":"2026-04-15T23:23:57","slug":"eski-turk-yer-adlari","status":"publish","type":"product","link":"https:\/\/roveyayinevi.com.tr\/index.php\/urun\/eski-turk-yer-adlari\/","title":{"rendered":"Eski T\u00fcrk Yer Adlar\u0131"},"content":{"rendered":"<p>Eski T\u00fcrk yaz\u0131tlar\u0131, bulundu\u011fu ilk g\u00fcnlerden bu yana s\u00fcrekli ilgi g\u00f6rm\u00fc\u015f ve bu yaz\u0131tlarla ilgili binlerce \u00e7al\u0131\u015fma yap\u0131lm\u0131\u015ft\u0131r. Eski T\u00fcrk yaz\u0131tlar\u0131nda ge\u00e7en yer adlar\u0131 da T\u00fcrklerin oldu\u011fu kadar, kom\u015fu halklarla co\u011frafi olarak uzakta bulunan halklar\u0131 da yak\u0131ndan ilgilendirmi\u015ftir.Elinizdeki \u00e7al\u0131\u015fmada Mo\u011folistan, Yenisey, Da\u011fl\u0131k Altay, K\u0131rg\u0131zistan ve \u00c7in b\u00f6lgesi yaz\u0131tlar\u0131nda ge\u00e7en yer adlar\u0131 incelenmi\u015ftir. Yer adlar\u0131, alfabe s\u0131ras\u0131 ile verilmi\u015ftir. Kitab\u0131n sonunda yer adlar\u0131n\u0131n hangi co\u011frafi \u00f6\u011fe oldu\u011funu s\u0131n\u0131flayan bir dizin de bulunmaktad\u0131r. Yer adlar\u0131n\u0131n runik harflerle yaz\u0131m\u0131, her yaz\u0131t i\u00e7in ayr\u0131 ayr\u0131 g\u00f6sterilmi\u015f, t\u00fcr\u00fc ve neresi oldu\u011fu k\u0131saca belirtilmi\u015ftir.Yer ad\u0131n\u0131n ge\u00e7ti\u011fi yaz\u0131ttaki c\u00fcmle verilerek yer ad\u0131 \u00fczerinde ara\u015ft\u0131rma yapmak isteyenlere, ilgili yer ad\u0131n\u0131n c\u00fcmlede nas\u0131l ge\u00e7ti\u011fi konusunda fikir verilmek istenmi\u015f, yer ad\u0131n\u0131n ge\u00e7ti\u011fi c\u00fcmleler uzun tutularak yer ad\u0131n\u0131n etraf\u0131ndaki di\u011fer yer adlar\u0131yla kar\u015f\u0131la\u015ft\u0131rma olana\u011f\u0131 sa\u011flanm\u0131\u015ft\u0131r.<\/p>\n","protected":false},"excerpt":{"rendered":"<p>Eski T\u00fcrk yaz\u0131tlar\u0131, bulundu\u011fu ilk g\u00fcnlerden bu yana s\u00fcrekli ilgi g\u00f6rm\u00fc\u015f ve bu yaz\u0131tlarla ilgili binlerce \u00e7al\u0131\u015fma yap\u0131lm\u0131\u015ft\u0131r. Eski T\u00fcrk yaz\u0131tlar\u0131nda ge\u00e7en yer adlar\u0131 da T\u00fcrklerin<span class=\"excerpt-hellip\"> [\u2026]<\/span><\/p>\n","protected":false},"featured_media":0,"template":"","meta":{"_monsterinsights_skip_tracking":false,"_monsterinsights_sitenote_active":false,"_monsterinsights_sitenote_note":"","_monsterinsights_sitenote_category":0},"product_brand":[],"product_cat":[20225,12291],"product_tag":[],"class_list":{"0":"post-715881","1":"product","2":"type-product","3":"status-publish","5":"product_cat-dil-bilim","6":"product_cat-edebiyat","7":"pa_cilt-ciltsiz","8":"pa_tur-kitap","9":"pa_yayinevi-bilge-kultur-sanat","10":"pa_yazar-erhan-aydin","12":"first","13":"instock","14":"sale","15":"shipping-taxable","16":"purchasable","17":"product-type-simple"},"_links":{"self":[{"href":"https:\/\/roveyayinevi.com.tr\/index.php\/wp-json\/wp\/v2\/product\/715881","targetHints":{"allow":["GET"]}}],"collection":[{"href":"https:\/\/roveyayinevi.com.tr\/index.php\/wp-json\/wp\/v2\/product"}],"about":[{"href":"https:\/\/roveyayinevi.com.tr\/index.php\/wp-json\/wp\/v2\/types\/product"}],"wp:attachment":[{"href":"https:\/\/roveyayinevi.com.tr\/index.php\/wp-json\/wp\/v2\/media?parent=715881"}],"wp:term":[{"taxonomy":"product_brand","embeddable":true,"href":"https:\/\/roveyayinevi.com.tr\/index.php\/wp-json\/wp\/v2\/product_brand?post=715881"},{"taxonomy":"product_cat","embeddable":true,"href":"https:\/\/roveyayinevi.com.tr\/index.php\/wp-json\/wp\/v2\/product_cat?post=715881"},{"taxonomy":"product_tag","embeddable":true,"href":"https:\/\/roveyayinevi.com.tr\/index.php\/wp-json\/wp\/v2\/product_tag?post=715881"}],"curies":[{"name":"wp","href":"https:\/\/api.w.org\/{rel}","templated":true}]}}