{"id":715878,"date":"2025-08-27T17:35:51","date_gmt":"2025-08-27T14:35:51","guid":{"rendered":"https:\/\/roveyayinevi.com.tr\/index.php\/urun\/tunc-ve-aycicegi\/"},"modified":"2026-04-16T02:23:57","modified_gmt":"2026-04-15T23:23:57","slug":"tunc-ve-aycicegi","status":"publish","type":"product","link":"https:\/\/roveyayinevi.com.tr\/index.php\/urun\/tunc-ve-aycicegi\/","title":{"rendered":"Tun\u00e7 ve Ay\u00e7i\u00e7e\u011fi"},"content":{"rendered":"<p>Ay\u00e7i\u00e7e\u011fi, \u015fehirde b\u00fcy\u00fcm\u00fc\u015f, yaln\u0131z bir k\u0131z \u00e7ocu\u011fu\u2026Tun\u00e7, do\u011fdu\u011fu k\u00f6yden hi\u00e7 ayr\u0131lmam\u0131\u015f, d\u0131\u015flanm\u0131\u015f bir o\u011flan \u00e7ocu\u011fu\u2026Ve g\u00fc\u00e7l\u00fc s\u0131rt\u0131, parlak ba\u015f\u0131yla onlar\u0131 selamlayan bir manda\u2026Bu \u00fc\u00e7 kay\u0131p ruh, nehirlerin g\u00fcr\u00fcl g\u00fcr\u00fcl akt\u0131\u011f\u0131, u\u00e7suz bucaks\u0131z k\u0131rm\u0131z\u0131 sazl\u0131klar\u0131n aras\u0131ndaki k\u00fc\u00e7\u00fck bir k\u00f6yde, Damaidi\u2019de birbirlerini bulur. Tun\u00e7\u2019un ailesi Ay\u00e7i\u00e7e\u011fi\u2019ni evlerine kabul eder. Ama Damaidi\u2019de hayat \u00e7ok zordur. Tun\u00e7\u2019un ailesi kendi \u00e7ocuklar\u0131n\u0131n karn\u0131n\u0131 bile doyuramazken, bu k\u00fc\u00e7\u00fck misafiri daha ne kadar a\u011f\u0131rlayabileceklerini bilemezler. Acaba Ay\u00e7i\u00e7e\u011fi mutlulu\u011fu buldu\u011fu bu k\u00fc\u00e7\u00fck k\u00f6yde ya\u015famaya devam edebilecek mi?2016 Andersen ve \u0130ngiltere Pen \u00f6d\u00fcllerinin sahibi Cao Wenxuan\u2019dan Tun\u00e7 ve Ay\u00e7i\u00e7e\u011fi, orijinal dili \u00c7inceden \u00e7evrilen, evrensel ve bir ba\u015fyap\u0131t.<\/p>\n","protected":false},"excerpt":{"rendered":"<p>Ay\u00e7i\u00e7e\u011fi, \u015fehirde b\u00fcy\u00fcm\u00fc\u015f, yaln\u0131z bir k\u0131z \u00e7ocu\u011fu\u2026Tun\u00e7, do\u011fdu\u011fu k\u00f6yden hi\u00e7 ayr\u0131lmam\u0131\u015f, d\u0131\u015flanm\u0131\u015f bir o\u011flan \u00e7ocu\u011fu\u2026Ve g\u00fc\u00e7l\u00fc s\u0131rt\u0131, parlak ba\u015f\u0131yla onlar\u0131 selamlayan bir manda\u2026Bu \u00fc\u00e7 kay\u0131p ruh,<span class=\"excerpt-hellip\"> [\u2026]<\/span><\/p>\n","protected":false},"featured_media":0,"template":"","meta":{"_monsterinsights_skip_tracking":false,"_monsterinsights_sitenote_active":false,"_monsterinsights_sitenote_note":"","_monsterinsights_sitenote_category":0},"product_brand":[],"product_cat":[12275,12274],"product_tag":[],"class_list":{"0":"post-715878","1":"product","2":"type-product","3":"status-publish","5":"product_cat-6-12-yas-kitaplari","6":"product_cat-cocuk-ve-genclik-kitaplari","7":"pa_cilt-ciltsiz","8":"pa_tur-kitap","9":"pa_yayinevi-fom-kitap","10":"pa_yazar-cao-wenxuan","12":"first","13":"instock","14":"sale","15":"shipping-taxable","16":"purchasable","17":"product-type-simple"},"_links":{"self":[{"href":"https:\/\/roveyayinevi.com.tr\/index.php\/wp-json\/wp\/v2\/product\/715878","targetHints":{"allow":["GET"]}}],"collection":[{"href":"https:\/\/roveyayinevi.com.tr\/index.php\/wp-json\/wp\/v2\/product"}],"about":[{"href":"https:\/\/roveyayinevi.com.tr\/index.php\/wp-json\/wp\/v2\/types\/product"}],"wp:attachment":[{"href":"https:\/\/roveyayinevi.com.tr\/index.php\/wp-json\/wp\/v2\/media?parent=715878"}],"wp:term":[{"taxonomy":"product_brand","embeddable":true,"href":"https:\/\/roveyayinevi.com.tr\/index.php\/wp-json\/wp\/v2\/product_brand?post=715878"},{"taxonomy":"product_cat","embeddable":true,"href":"https:\/\/roveyayinevi.com.tr\/index.php\/wp-json\/wp\/v2\/product_cat?post=715878"},{"taxonomy":"product_tag","embeddable":true,"href":"https:\/\/roveyayinevi.com.tr\/index.php\/wp-json\/wp\/v2\/product_tag?post=715878"}],"curies":[{"name":"wp","href":"https:\/\/api.w.org\/{rel}","templated":true}]}}