{"id":715877,"date":"2025-08-27T17:35:51","date_gmt":"2025-08-27T14:35:51","guid":{"rendered":"https:\/\/roveyayinevi.com.tr\/index.php\/urun\/er-kisi-niyetine-osmanli-yazininda-erkek-likler-kurgusu\/"},"modified":"2026-04-16T02:23:57","modified_gmt":"2026-04-15T23:23:57","slug":"er-kisi-niyetine-osmanli-yazininda-erkek-likler-kurgusu","status":"publish","type":"product","link":"https:\/\/roveyayinevi.com.tr\/index.php\/urun\/er-kisi-niyetine-osmanli-yazininda-erkek-likler-kurgusu\/","title":{"rendered":"Er Ki\u015fi Niyetine &#8211; Osmanl\u0131 Yaz\u0131n\u0131nda Erkek-lik(ler) Kurgusu"},"content":{"rendered":"<p>Tarihin \u00f6tekisi \u00e7o\u011fu zaman, asl\u0131nda her zaman, kad\u0131nlar olmu\u015ftur. Tarihsel d\u00fczlemde ger\u00e7ekten var olup olmad\u0131klar\u0131 veya g\u00f6r\u00fcnmez k\u0131l\u0131n\u0131p k\u0131l\u0131nmad\u0131klar\u0131 hakk\u0131ndaki \u015f\u00fcpheler ve tart\u0131\u015fmalar bir yana, edebiyat tarihlerinin \u00fcreteni, \u00fcretileni ve muhatab\u0131 olarak da hep daha geride yer alm\u0131\u015flard\u0131r.Peki ya di\u011fer yar\u0131s\u0131, erkekler? Onlar, feminist tarihyaz\u0131m\u0131n\u0131n (b\u00fcy\u00fck \u00f6l\u00e7\u00fcde hakl\u0131 gerek\u00e7elerle) iddia etti\u011fi kadar, ataerkil d\u00fcnyam\u0131z\u0131n en g\u00f6r\u00fcn\u00fcr yar\u0131s\u0131 m\u0131d\u0131r? G\u00f6r\u00fcnmeyen, g\u00f6sterilmeyen ya da de\u011fi\u015fen taraflar\u0131 var m\u0131d\u0131r? Erkekler de, kad\u0131nlar kadar olmasa da, ataerkillikten zarar g\u00f6rm\u00fc\u015f m\u00fcd\u00fcr? Kendileri i\u00e7in bi\u00e7ilen ve\/ya bizzat i\u00e7ine do\u011fduklar\u0131 eril kimlikte neyi, nerede, nas\u0131l anlamland\u0131rm\u0131\u015flard\u0131r? Erkeklerin ta\u015f\u0131d\u0131\u011f\u0131 toplumsal cinsiyet rolleri, y\u00fczlerce y\u0131l \u00f6nce \u00fcretilmi\u015f edebiyat verimlerindeki \u2018farkl\u0131, \u00f6znel ve deneyimsel\u2019 erkek-lik(ler) \u00fczerinden okunabilir mi?Bu kitap, kendi \u00f6tekilerini yaratan ve yaratmaya devam eden erkeklerin, \u00e7evremizde hemen her g\u00fcn kar\u015f\u0131la\u015ft\u0131\u011f\u0131m\u0131z erkek-lik h\u00e2llerini ge\u00e7mi\u015fe d\u00f6n\u00fck bir perspektifle inceleme \u00e7abas\u0131ndan ibarettir. Di\u011fer taraftan, Osmanl\u0131 edebiyat\u0131n\u0131 tekd\u00fcze ve ezber yarg\u0131larla anlama \u00e7abam\u0131zdan bir uzakla\u015fma denemesi olan bu \u00e7al\u0131\u015fma, erkek kanonun \u00fcretip t\u00fcketti\u011fi bir yaz\u0131n d\u00fcnyas\u0131n\u0131n esasen, erkek-lik(ler) a\u00e7\u0131s\u0131ndan nas\u0131l bir \u00e7e\u015fitlilik ve deneyimler b\u00fct\u00fcn\u00fc i\u00e7erdi\u011fini de ortaya koymay\u0131 ama\u00e7lam\u0131\u015ft\u0131r.<\/p>\n","protected":false},"excerpt":{"rendered":"<p>Tarihin \u00f6tekisi \u00e7o\u011fu zaman, asl\u0131nda her zaman, kad\u0131nlar olmu\u015ftur. Tarihsel d\u00fczlemde ger\u00e7ekten var olup olmad\u0131klar\u0131 veya g\u00f6r\u00fcnmez k\u0131l\u0131n\u0131p k\u0131l\u0131nmad\u0131klar\u0131 hakk\u0131ndaki \u015f\u00fcpheler ve tart\u0131\u015fmalar bir yana, edebiyat<span class=\"excerpt-hellip\"> [\u2026]<\/span><\/p>\n","protected":false},"featured_media":0,"template":"","meta":{"_monsterinsights_skip_tracking":false,"_monsterinsights_sitenote_active":false,"_monsterinsights_sitenote_note":"","_monsterinsights_sitenote_category":0},"product_brand":[],"product_cat":[13072,12291],"product_tag":[],"class_list":{"0":"post-715877","1":"product","2":"type-product","3":"status-publish","5":"product_cat-arastirma-inceleme-referans","6":"product_cat-edebiyat","7":"pa_cilt-ciltsiz","8":"pa_tur-kitap","9":"pa_yayinevi-bilge-kultur-sanat","10":"pa_yazar-bahar-gokpinar","12":"first","13":"instock","14":"sale","15":"shipping-taxable","16":"purchasable","17":"product-type-simple"},"_links":{"self":[{"href":"https:\/\/roveyayinevi.com.tr\/index.php\/wp-json\/wp\/v2\/product\/715877","targetHints":{"allow":["GET"]}}],"collection":[{"href":"https:\/\/roveyayinevi.com.tr\/index.php\/wp-json\/wp\/v2\/product"}],"about":[{"href":"https:\/\/roveyayinevi.com.tr\/index.php\/wp-json\/wp\/v2\/types\/product"}],"wp:attachment":[{"href":"https:\/\/roveyayinevi.com.tr\/index.php\/wp-json\/wp\/v2\/media?parent=715877"}],"wp:term":[{"taxonomy":"product_brand","embeddable":true,"href":"https:\/\/roveyayinevi.com.tr\/index.php\/wp-json\/wp\/v2\/product_brand?post=715877"},{"taxonomy":"product_cat","embeddable":true,"href":"https:\/\/roveyayinevi.com.tr\/index.php\/wp-json\/wp\/v2\/product_cat?post=715877"},{"taxonomy":"product_tag","embeddable":true,"href":"https:\/\/roveyayinevi.com.tr\/index.php\/wp-json\/wp\/v2\/product_tag?post=715877"}],"curies":[{"name":"wp","href":"https:\/\/api.w.org\/{rel}","templated":true}]}}