{"id":715871,"date":"2025-08-27T17:35:47","date_gmt":"2025-08-27T14:35:47","guid":{"rendered":"https:\/\/roveyayinevi.com.tr\/index.php\/urun\/ahlak-i-muhammedi\/"},"modified":"2026-04-16T02:23:57","modified_gmt":"2026-04-15T23:23:57","slug":"ahlak-i-muhammedi","status":"publish","type":"product","link":"https:\/\/roveyayinevi.com.tr\/index.php\/urun\/ahlak-i-muhammedi\/","title":{"rendered":"Ahlak-\u0131 Muhammedi"},"content":{"rendered":"<p>Rasul-i Asfiya, Habib-i Kibriya, Sevgili Peygamberim, Efendim&#8230; Seni anlatmaya kelimeler yeter mi? &#8220;Ba\u011f\u0131\u015flanm\u0131\u015f ama af dileyen, a\u011flayan ama sessiz, kanaatk\u00e2r ama \u00e7al\u0131\u015fkan, hatal\u0131 ama kusursuz, birisi ama ba\u015ftac\u0131&#8221; desek yeter mi? &#8220;G\u00fc\u00e7l\u00fc ama merhametli, dertli ama mutlu, me\u015fgul ama vefal\u0131, \u00e7ileli ama sab\u0131rl\u0131, yaral\u0131 ama doktor&#8221; deyiversek kelimeler bize k\u00fcser mi? Darda ama b\u00f6l\u00fc\u015fen, zorda ama yeti\u015fen oldu\u011funu s\u00f6ylemeye kelimeler kifayet eder mi? Y\u00fcz\u00fcnde tebess\u00fcm, s\u00f6z\u00fcnde nezaket, davran\u0131\u015flar\u0131nda zarafet, g\u00f6r\u00fc\u015f\u00fcnde isabet, bak\u0131\u015f\u0131nda feraset, g\u00f6nl\u00fcnde merhamet, lisan\u0131nda letafet, dilinde hakikat&#8230; Ad\u0131 g\u00fczel kendi g\u00fczel Peygamberim&#8230;. Seni anlatmaya kelimeler yetmez! \u00c7\u00fcnk\u00fc Sen, hayat\u0131n\u0131 \u00e7ok y\u00fcce bir ahl\u00e2k \u00fczerine kurdun. Y\u00fcce Allah&#8217;\u0131n, \u201cEmrolundu\u011fun gibi dosdo\u011fru ol!\u201d ferman\u0131n\u0131 hayat d\u00fcsturu kabul ettin, Allah&#8217;tan ba\u015fka hi\u00e7bir g\u00fcc\u00fcn kar\u015f\u0131s\u0131nda e\u011filmedin!<\/p>\n","protected":false},"excerpt":{"rendered":"<p>Rasul-i Asfiya, Habib-i Kibriya, Sevgili Peygamberim, Efendim&#8230; Seni anlatmaya kelimeler yeter mi? &#8220;Ba\u011f\u0131\u015flanm\u0131\u015f ama af dileyen, a\u011flayan ama sessiz, kanaatk\u00e2r ama \u00e7al\u0131\u015fkan, hatal\u0131 ama kusursuz, birisi<span class=\"excerpt-hellip\"> [\u2026]<\/span><\/p>\n","protected":false},"featured_media":0,"template":"","meta":{"_monsterinsights_skip_tracking":false,"_monsterinsights_sitenote_active":false,"_monsterinsights_sitenote_note":"","_monsterinsights_sitenote_category":0},"product_brand":[],"product_cat":[12718,12719,15238],"product_tag":[],"class_list":{"0":"post-715871","1":"product","2":"type-product","3":"status-publish","5":"product_cat-din","6":"product_cat-islam","7":"product_cat-tasavvuf","8":"pa_cilt-ciltsiz","9":"pa_tur-kitap","10":"pa_yayinevi-hayykitap","11":"pa_yazar-mustafa-karatas","13":"first","14":"instock","15":"sale","16":"shipping-taxable","17":"purchasable","18":"product-type-simple"},"_links":{"self":[{"href":"https:\/\/roveyayinevi.com.tr\/index.php\/wp-json\/wp\/v2\/product\/715871","targetHints":{"allow":["GET"]}}],"collection":[{"href":"https:\/\/roveyayinevi.com.tr\/index.php\/wp-json\/wp\/v2\/product"}],"about":[{"href":"https:\/\/roveyayinevi.com.tr\/index.php\/wp-json\/wp\/v2\/types\/product"}],"wp:attachment":[{"href":"https:\/\/roveyayinevi.com.tr\/index.php\/wp-json\/wp\/v2\/media?parent=715871"}],"wp:term":[{"taxonomy":"product_brand","embeddable":true,"href":"https:\/\/roveyayinevi.com.tr\/index.php\/wp-json\/wp\/v2\/product_brand?post=715871"},{"taxonomy":"product_cat","embeddable":true,"href":"https:\/\/roveyayinevi.com.tr\/index.php\/wp-json\/wp\/v2\/product_cat?post=715871"},{"taxonomy":"product_tag","embeddable":true,"href":"https:\/\/roveyayinevi.com.tr\/index.php\/wp-json\/wp\/v2\/product_tag?post=715871"}],"curies":[{"name":"wp","href":"https:\/\/api.w.org\/{rel}","templated":true}]}}