{"id":715870,"date":"2025-08-27T17:35:47","date_gmt":"2025-08-27T14:35:47","guid":{"rendered":"https:\/\/roveyayinevi.com.tr\/index.php\/urun\/5g-nesnelerin-interneti-ve-sagligimiz\/"},"modified":"2026-04-16T02:23:57","modified_gmt":"2026-04-15T23:23:57","slug":"5g-nesnelerin-interneti-ve-sagligimiz","status":"publish","type":"product","link":"https:\/\/roveyayinevi.com.tr\/index.php\/urun\/5g-nesnelerin-interneti-ve-sagligimiz\/","title":{"rendered":"5G Nesnelerin \u0130nterneti ve Sa\u011fl\u0131\u011f\u0131m\u0131z"},"content":{"rendered":"<p>An i\u00e7inde ya\u015fad\u0131\u011f\u0131m\u0131z elektromanyetik dalgalar\u0131n daha da beterinin getirilmesi planlan\u0131yor: Teknolojinin Be\u015finci Nesli, 5G. Hi\u00e7 bilmedi\u011fimiz, hi\u00e7 tan\u0131mad\u0131\u011f\u0131m\u0131z bir radyasyon \u015fekli. \u015eimdikiler gibi, dalga dalga olmayacak. Nokta at\u0131\u015f\u0131 \u0131\u015f\u0131nlar yayacak, \u0131\u015f\u0131n k\u0131l\u0131c\u0131 gibi, mermi gibi. Kalabal\u0131k insan gruplar\u0131n\u0131 uzaktan kontrol etmek i\u00e7in kullan\u0131lan, esasen askeriye i\u00e7in geli\u015ftirilmi\u015f milimetrik radyasyon! 3 ila100 metrede bir, her sokakta, lamba direklerinin \u00fcst\u00fcnde, otob\u00fcs duraklar\u0131nda,evimizin dibinde bir \u201ckutucuk\u201d olacak art\u0131k. Tan\u0131\u015ft\u0131ral\u0131m, milyonlarca yeni baz istasyonunuz! Bitmedi, daha \u201cnesnelerin interneti\u201dnden bahsetmedik. Ak\u0131ll\u0131 evler, \u015fof\u00f6rs\u00fcz arabalar, b\u00fct\u00fcn elektrikli cihazlar hatta insan beyinleri hep birbirine ba\u011fl\u0131 olacak ve b\u00fct\u00fcn bunlar\u0131 \u201cak\u0131ll\u0131\u201d cep telefonlar\u0131 y\u00f6netecek. D\u00fcnya Ekonomik Forumu, 5G ve nesnelerin internetini, siber g\u00fcvenlik ve do\u011fal afetlerden sonra d\u00fcnyan\u0131n en b\u00fcy\u00fck \u00fc\u00e7\u00fcnc\u00fc riski ilan etti ve uyard\u0131: D\u00fcnyan\u0131n etraf\u0131na yerle\u015ftirilecek en az 20.000 uydu ile radyasyonsuz  hi\u00e7 bir yer kalmayacak! Nesnelerin interneti ile sald\u0131r\u0131lar \u00e7ok daha y\u0131k\u0131c\u0131 olabilir. U\u00e7ak d\u00fc\u015f\u00fcrme, arabalar\u0131 durdurma veya \u00e7al\u0131\u015ft\u0131rma, se\u00e7im sonu\u00e7lar\u0131n\u0131 de\u011fi\u015ftirme, t\u0131bbi cihazlar\u0131 uzaktan etkileyerek cinayet i\u015fleme gibi sonsuz ihtimaller var! Peki ki\u015fisel \u00e7abam\u0131zla bizler ne yapabiliriz? Bilgi sahibi olmak \u00e7ok \u00f6nemli; zaten bunun i\u00e7in yaz\u0131ld\u0131 bu kitap. Bebe\u011fimizin odas\u0131ndan baby-phone\u2019u \u00e7\u0131karmak, fiber optik internet aboneli\u011fine ba\u015fvurmak, \u201ctasarruflu\u201d diye pazarlanan \u201ctehlikeli\u201d ampulleri \u00e7\u00f6pe atmakla ba\u015flayabiliriz i\u015fe. Sonras\u0131 m\u0131? Kitab\u0131n sayfalar\u0131nda. Kapat\u0131n telefonu, \u00e7ekin t\u00fcm fi\u015fleri ve okuyun l\u00fctfen. Size emanet olarak verilmi\u015f bedeninizi, \u00e7ocuklar\u0131n\u0131z\u0131, ailenizi korumak i\u00e7in okuyun! <\/p>\n","protected":false},"excerpt":{"rendered":"<p>An i\u00e7inde ya\u015fad\u0131\u011f\u0131m\u0131z elektromanyetik dalgalar\u0131n daha da beterinin getirilmesi planlan\u0131yor: Teknolojinin Be\u015finci Nesli, 5G. Hi\u00e7 bilmedi\u011fimiz, hi\u00e7 tan\u0131mad\u0131\u011f\u0131m\u0131z bir radyasyon \u015fekli. \u015eimdikiler gibi, dalga dalga olmayacak.<span class=\"excerpt-hellip\"> [\u2026]<\/span><\/p>\n","protected":false},"featured_media":0,"template":"","meta":{"_monsterinsights_skip_tracking":false,"_monsterinsights_sitenote_active":false,"_monsterinsights_sitenote_note":"","_monsterinsights_sitenote_category":0},"product_brand":[],"product_cat":[13366,13365],"product_tag":[],"class_list":{"0":"post-715870","1":"product","2":"type-product","3":"status-publish","5":"product_cat-diger-saglik","6":"product_cat-saglik","7":"pa_cilt-ciltsiz","8":"pa_tur-kitap","9":"pa_yayinevi-hayykitap","10":"pa_yazar-selim-seker","12":"first","13":"instock","14":"sale","15":"shipping-taxable","16":"purchasable","17":"product-type-simple"},"_links":{"self":[{"href":"https:\/\/roveyayinevi.com.tr\/index.php\/wp-json\/wp\/v2\/product\/715870","targetHints":{"allow":["GET"]}}],"collection":[{"href":"https:\/\/roveyayinevi.com.tr\/index.php\/wp-json\/wp\/v2\/product"}],"about":[{"href":"https:\/\/roveyayinevi.com.tr\/index.php\/wp-json\/wp\/v2\/types\/product"}],"wp:attachment":[{"href":"https:\/\/roveyayinevi.com.tr\/index.php\/wp-json\/wp\/v2\/media?parent=715870"}],"wp:term":[{"taxonomy":"product_brand","embeddable":true,"href":"https:\/\/roveyayinevi.com.tr\/index.php\/wp-json\/wp\/v2\/product_brand?post=715870"},{"taxonomy":"product_cat","embeddable":true,"href":"https:\/\/roveyayinevi.com.tr\/index.php\/wp-json\/wp\/v2\/product_cat?post=715870"},{"taxonomy":"product_tag","embeddable":true,"href":"https:\/\/roveyayinevi.com.tr\/index.php\/wp-json\/wp\/v2\/product_tag?post=715870"}],"curies":[{"name":"wp","href":"https:\/\/api.w.org\/{rel}","templated":true}]}}