{"id":715869,"date":"2025-08-27T17:35:46","date_gmt":"2025-08-27T14:35:46","guid":{"rendered":"https:\/\/roveyayinevi.com.tr\/index.php\/urun\/cagdas-ingiliz-yazininda-kuresellesme-goc-ve-kultur\/"},"modified":"2026-04-16T02:23:57","modified_gmt":"2026-04-15T23:23:57","slug":"cagdas-ingiliz-yazininda-kuresellesme-goc-ve-kultur","status":"publish","type":"product","link":"https:\/\/roveyayinevi.com.tr\/index.php\/urun\/cagdas-ingiliz-yazininda-kuresellesme-goc-ve-kultur\/","title":{"rendered":"\u00c7a\u011fda\u015f \u0130ngiliz Yaz\u0131n\u0131nda K\u00fcreselle\u015fme, G\u00f6\u00e7 ve K\u00fclt\u00fcr"},"content":{"rendered":"<p>\u00c7a\u011fda\u015f Britanya edebiyat\u0131nda g\u00f6r\u00fclen g\u00f6\u00e7 kavram\u0131n\u0131 ilk bak\u0131\u015fta s\u00f6m\u00fcrgecilik sonras\u0131 g\u00f6\u00e7 ve k\u00fcresel ekonomik g\u00f6\u00e7 olarak iki farkl\u0131 bi\u00e7imde s\u0131n\u0131fland\u0131rmak m\u00fcmk\u00fcnd\u00fcr. Ancak, her iki g\u00f6\u00e7 kavram\u0131n\u0131n ortak sorunlar\u0131 k\u00fclt\u00fcrel melezle\u015fme, ba\u015fkala\u015f\u0131m, kimlik ve aidiyet, otantiklikten uzakla\u015fma olarak kar\u015f\u0131m\u0131za \u00e7\u0131kmaktad\u0131r.Bu sorunlar\u0131 ya\u015fayan g\u00f6\u00e7menin, hayatta kalma m\u00fccadelesini s\u00fcrd\u00fcr\u00fcrken i\u00e7inde bulundu\u011fu \u00f6nemli bir a\u00e7maz ise birbirine kar\u015f\u0131t duygu durumlar\u0131n\u0131 bir arada ya\u015famas\u0131d\u0131r. G\u00f6\u00e7menin k\u00fclt\u00fcrel durumu her zaman kar\u015f\u0131tl\u0131klar\u0131 ve \u00e7eli\u015fkileri i\u00e7ermekte, mizahi ve h\u00fcz\u00fcn verici durumlar\u0131 bir araya getirmektedir.G\u00f6\u00e7, mizah ve h\u00fcz\u00fcn ayn\u0131 kaynaklardan beslenmekte, s\u00f6m\u00fcrgecilik sonras\u0131 g\u00f6\u00e7men ile k\u00fcresel ekonomik g\u00f6\u00e7menin mizahi ve h\u00fcz\u00fcn verici konumu da ortak bir paydada bulu\u015fmaktad\u0131r: hayatta kalma m\u00fccadelesi.<\/p>\n","protected":false},"excerpt":{"rendered":"<p>\u00c7a\u011fda\u015f Britanya edebiyat\u0131nda g\u00f6r\u00fclen g\u00f6\u00e7 kavram\u0131n\u0131 ilk bak\u0131\u015fta s\u00f6m\u00fcrgecilik sonras\u0131 g\u00f6\u00e7 ve k\u00fcresel ekonomik g\u00f6\u00e7 olarak iki farkl\u0131 bi\u00e7imde s\u0131n\u0131fland\u0131rmak m\u00fcmk\u00fcnd\u00fcr. Ancak, her iki g\u00f6\u00e7 kavram\u0131n\u0131n<span class=\"excerpt-hellip\"> [\u2026]<\/span><\/p>\n","protected":false},"featured_media":0,"template":"","meta":{"_monsterinsights_skip_tracking":false,"_monsterinsights_sitenote_active":false,"_monsterinsights_sitenote_note":"","_monsterinsights_sitenote_category":0},"product_brand":[],"product_cat":[13072,12291],"product_tag":[],"class_list":{"0":"post-715869","1":"product","2":"type-product","3":"status-publish","5":"product_cat-arastirma-inceleme-referans","6":"product_cat-edebiyat","7":"pa_cilt-ciltsiz","8":"pa_tur-kitap","9":"pa_yayinevi-bilge-kultur-sanat","10":"pa_yazar-m-ali-celikel","12":"first","13":"instock","14":"sale","15":"shipping-taxable","16":"purchasable","17":"product-type-simple"},"_links":{"self":[{"href":"https:\/\/roveyayinevi.com.tr\/index.php\/wp-json\/wp\/v2\/product\/715869","targetHints":{"allow":["GET"]}}],"collection":[{"href":"https:\/\/roveyayinevi.com.tr\/index.php\/wp-json\/wp\/v2\/product"}],"about":[{"href":"https:\/\/roveyayinevi.com.tr\/index.php\/wp-json\/wp\/v2\/types\/product"}],"wp:attachment":[{"href":"https:\/\/roveyayinevi.com.tr\/index.php\/wp-json\/wp\/v2\/media?parent=715869"}],"wp:term":[{"taxonomy":"product_brand","embeddable":true,"href":"https:\/\/roveyayinevi.com.tr\/index.php\/wp-json\/wp\/v2\/product_brand?post=715869"},{"taxonomy":"product_cat","embeddable":true,"href":"https:\/\/roveyayinevi.com.tr\/index.php\/wp-json\/wp\/v2\/product_cat?post=715869"},{"taxonomy":"product_tag","embeddable":true,"href":"https:\/\/roveyayinevi.com.tr\/index.php\/wp-json\/wp\/v2\/product_tag?post=715869"}],"curies":[{"name":"wp","href":"https:\/\/api.w.org\/{rel}","templated":true}]}}