{"id":715864,"date":"2025-08-27T17:35:43","date_gmt":"2025-08-27T14:35:43","guid":{"rendered":"https:\/\/roveyayinevi.com.tr\/index.php\/urun\/bana-hikaye-anlatma\/"},"modified":"2026-04-16T02:23:57","modified_gmt":"2026-04-15T23:23:57","slug":"bana-hikaye-anlatma","status":"publish","type":"product","link":"https:\/\/roveyayinevi.com.tr\/index.php\/urun\/bana-hikaye-anlatma\/","title":{"rendered":"Bana Hikaye Anlat(ma)"},"content":{"rendered":"<p>\u00d6yk\u00fc ile hik\u00e2ye ayn\u0131 \u015fey midir? Psikanaliz, yap\u0131\u00e7\u00f6z\u00fcmleme (dekonstr\u00fcksiyon), imge-metafor nedir?Kurmacan\u0131n kayna\u011f\u0131 nedir?Kurmaca metin yazarlar\u0131 hakikati neden gizleme gere\u011fi duyarlar? Kurmaca metinlerde belirsizlikler ve bo\u015fluklar neyi ama\u00e7l\u0131yor?Varolu\u015f ile Yabanc\u0131la\u015fma aras\u0131nda bir ili\u015fki var m\u0131? Kendine yabanc\u0131la\u015fma bir problem midir?Anlat\u0131sal yabanc\u0131la\u015fma nedir?Postmodernizmin verilerinden nas\u0131l yararlan\u0131lmal\u0131d\u0131r? Deneysel edebiyat ne demektir?Hik\u00e2yeci Recep Seyhan, ontolojinin ve psikanalizin; yer yer fenomenolojinin hermen\u00f6tik verilerinden de yararlanarak yapt\u0131\u011f\u0131 metin tahlillerinde bu sorular\u0131n cevaplar\u0131n\u0131 ar\u0131yor. Kitap, yazar\u0131n hik\u00e2ye kitaplar\u0131ndaki \u00f6yk\u00fc poetikas\u0131n\u0131 yans\u0131tt\u0131\u011f\u0131 kadar; yabanc\u0131la\u015fmaya ili\u015fkin Oyuncak Krizi, \u2018bo\u015fluk\u2019a de\u011fgin Salon Kuram\u0131, metafora dair Kadir Gecesi gibi \u00f6zg\u00fcn, kuramsal \u00f6nerilerini de tart\u0131\u015fmaya a\u00e7\u0131yor.<\/p>\n","protected":false},"excerpt":{"rendered":"<p>\u00d6yk\u00fc ile hik\u00e2ye ayn\u0131 \u015fey midir? Psikanaliz, yap\u0131\u00e7\u00f6z\u00fcmleme (dekonstr\u00fcksiyon), imge-metafor nedir?Kurmacan\u0131n kayna\u011f\u0131 nedir?Kurmaca metin yazarlar\u0131 hakikati neden gizleme gere\u011fi duyarlar? Kurmaca metinlerde belirsizlikler ve bo\u015fluklar neyi<span class=\"excerpt-hellip\"> [\u2026]<\/span><\/p>\n","protected":false},"featured_media":0,"template":"","meta":{"_monsterinsights_skip_tracking":false,"_monsterinsights_sitenote_active":false,"_monsterinsights_sitenote_note":"","_monsterinsights_sitenote_category":0},"product_brand":[],"product_cat":[12291,12610],"product_tag":[],"class_list":{"0":"post-715864","1":"product","2":"type-product","3":"status-publish","5":"product_cat-edebiyat","6":"product_cat-elestiri-inceleme-kuram","7":"pa_cilt-ciltsiz","8":"pa_tur-kitap","9":"pa_yayinevi-bilge-kultur-sanat","10":"pa_yazar-recep-seyhan","12":"first","13":"instock","14":"sale","15":"shipping-taxable","16":"purchasable","17":"product-type-simple"},"_links":{"self":[{"href":"https:\/\/roveyayinevi.com.tr\/index.php\/wp-json\/wp\/v2\/product\/715864","targetHints":{"allow":["GET"]}}],"collection":[{"href":"https:\/\/roveyayinevi.com.tr\/index.php\/wp-json\/wp\/v2\/product"}],"about":[{"href":"https:\/\/roveyayinevi.com.tr\/index.php\/wp-json\/wp\/v2\/types\/product"}],"wp:attachment":[{"href":"https:\/\/roveyayinevi.com.tr\/index.php\/wp-json\/wp\/v2\/media?parent=715864"}],"wp:term":[{"taxonomy":"product_brand","embeddable":true,"href":"https:\/\/roveyayinevi.com.tr\/index.php\/wp-json\/wp\/v2\/product_brand?post=715864"},{"taxonomy":"product_cat","embeddable":true,"href":"https:\/\/roveyayinevi.com.tr\/index.php\/wp-json\/wp\/v2\/product_cat?post=715864"},{"taxonomy":"product_tag","embeddable":true,"href":"https:\/\/roveyayinevi.com.tr\/index.php\/wp-json\/wp\/v2\/product_tag?post=715864"}],"curies":[{"name":"wp","href":"https:\/\/api.w.org\/{rel}","templated":true}]}}