{"id":715862,"date":"2025-08-27T17:35:42","date_gmt":"2025-08-27T14:35:42","guid":{"rendered":"https:\/\/roveyayinevi.com.tr\/index.php\/urun\/anadolu-turk-beylikleri\/"},"modified":"2026-04-16T02:23:57","modified_gmt":"2026-04-15T23:23:57","slug":"anadolu-turk-beylikleri","status":"publish","type":"product","link":"https:\/\/roveyayinevi.com.tr\/index.php\/urun\/anadolu-turk-beylikleri\/","title":{"rendered":"Anadolu T\u00fcrk Beylikleri"},"content":{"rendered":"<p>Anadolu Beylikleri D\u00f6nemi, 1071 Malazgirt Zaferi sonras\u0131nda ba\u015flay\u0131p Osmanl\u0131 Devleti\u2019nin Anadolu\u2019da birli\u011fi sa\u011flad\u0131\u011f\u0131 y\u0131llara kadar devam eden uzun bir tarih\u00ee s\u00fcre\u00e7tir.Bu s\u00fcre\u00e7te Anadolu\u2019daki \u015fehirler siyas\u00ee, ekonomik, sosyal ve k\u00fclt\u00fcrel y\u00f6nlerden geli\u015fmi\u015ftir. Anadolu\u2019da kurulan T\u00fcrkmen Beylikleri sayesinde T\u00fcrk\u00e7eye \u00f6nem verilmi\u015f ve T\u00fcrk\u00e7enin geli\u015fmesine katk\u0131 sa\u011flanm\u0131\u015ft\u0131r. Denizlerde ve deniz ticaretinde b\u00fcy\u00fck geli\u015fmeler ya\u015fanm\u0131\u015f ve b\u00f6ylece ilk denizcilik faaliyetleri de bu d\u00f6nemde ba\u015flam\u0131\u015ft\u0131r. Ah\u00ee te\u015fkilat\u0131 yayg\u0131nla\u015fm\u0131\u015f zanaat\u0131n ve sosyal hayat\u0131n geli\u015fmesine katk\u0131 sa\u011flam\u0131\u015ft\u0131r. Bu d\u00f6nemde Sel\u00e7uklular zaman\u0131nda fethedilemeyen Anadolu \u015fehir ve kasabalar\u0131n\u0131n fethi sa\u011flanm\u0131\u015f ayr\u0131ca imar faaliyetleri h\u0131z kazanm\u0131\u015f ve \u00e7ok say\u0131da medrese, cami, mescid, \u00e7e\u015fme, k\u00f6pr\u00fc, k\u00fclliye vs. sosyal yap\u0131lar in\u015fa edilmi\u015ftir.\u015eu an \u00fcniversitelerimizin ilgili b\u00f6l\u00fcmlerinde okutulan Anadolu T\u00fcrk Beylikleri Tarihi dersi i\u00e7in uygun bir kitap bulunmamaktad\u0131r. Dolay\u0131s\u0131yla bu d\u00f6nemin tarihi ile ilgili olarak tarih merakl\u0131lar\u0131na, tarih \u00f6\u011fretmenlerine, \u00fcniversite \u00f6\u011frencilerine yetebilecek nitelikte bir eser mevcut de\u011fildir. \u00d6zellikle son y\u0131llarda bu konuda bize ula\u015fan talepleri de dikkate alarak b\u00f6yle bir eseri haz\u0131rlamaya karar verdik. Sonucunda da elinizdeki bu kitap ortaya \u00e7\u0131km\u0131\u015f oldu. Burada g\u00f6rsel malzemelerle sunulmu\u015f toplam 30 Anadolu T\u00fcrk Beyli\u011fi\u2019nin tarihini bulacaks\u0131n\u0131z. Kitap, ayr\u0131ca d\u00f6nemin kaynaklar\u0131n\u0131 tan\u0131t\u0131p bunlar \u00fczerinde yap\u0131lan \u00e7al\u0131\u015fmalardan bahsederken bu zamana kadar Anadolu Beylikleri Tarihi ile ilgili \u00e7al\u0131\u015fmalar hakk\u0131nda bilgi vermektedir. Bunun d\u0131\u015f\u0131nda kitapta, k\u00fclt\u00fcrel ve sosyal hayat, ekonomik hayat, asker\u00ee te\u015fkilat ve siyas\u00ee te\u015fkilat hakk\u0131nda da bilgiler bulacaks\u0131n\u0131z.<\/p>\n","protected":false},"excerpt":{"rendered":"<p>Anadolu Beylikleri D\u00f6nemi, 1071 Malazgirt Zaferi sonras\u0131nda ba\u015flay\u0131p Osmanl\u0131 Devleti\u2019nin Anadolu\u2019da birli\u011fi sa\u011flad\u0131\u011f\u0131 y\u0131llara kadar devam eden uzun bir tarih\u00ee s\u00fcre\u00e7tir.Bu s\u00fcre\u00e7te Anadolu\u2019daki \u015fehirler siyas\u00ee, ekonomik,<span class=\"excerpt-hellip\"> [\u2026]<\/span><\/p>\n","protected":false},"featured_media":0,"template":"","meta":{"_monsterinsights_skip_tracking":false,"_monsterinsights_sitenote_active":false,"_monsterinsights_sitenote_note":"","_monsterinsights_sitenote_category":0},"product_brand":[],"product_cat":[12370,12304],"product_tag":[],"class_list":{"0":"post-715862","1":"product","2":"type-product","3":"status-publish","5":"product_cat-arastirma-inceleme","6":"product_cat-tarih","7":"pa_cilt-ciltsiz","8":"pa_tur-kitap","9":"pa_yayinevi-bilge-kultur-sanat","10":"pa_yazar-muharrem-kesik","12":"first","13":"instock","14":"sale","15":"shipping-taxable","16":"purchasable","17":"product-type-simple"},"_links":{"self":[{"href":"https:\/\/roveyayinevi.com.tr\/index.php\/wp-json\/wp\/v2\/product\/715862","targetHints":{"allow":["GET"]}}],"collection":[{"href":"https:\/\/roveyayinevi.com.tr\/index.php\/wp-json\/wp\/v2\/product"}],"about":[{"href":"https:\/\/roveyayinevi.com.tr\/index.php\/wp-json\/wp\/v2\/types\/product"}],"wp:attachment":[{"href":"https:\/\/roveyayinevi.com.tr\/index.php\/wp-json\/wp\/v2\/media?parent=715862"}],"wp:term":[{"taxonomy":"product_brand","embeddable":true,"href":"https:\/\/roveyayinevi.com.tr\/index.php\/wp-json\/wp\/v2\/product_brand?post=715862"},{"taxonomy":"product_cat","embeddable":true,"href":"https:\/\/roveyayinevi.com.tr\/index.php\/wp-json\/wp\/v2\/product_cat?post=715862"},{"taxonomy":"product_tag","embeddable":true,"href":"https:\/\/roveyayinevi.com.tr\/index.php\/wp-json\/wp\/v2\/product_tag?post=715862"}],"curies":[{"name":"wp","href":"https:\/\/api.w.org\/{rel}","templated":true}]}}