{"id":715861,"date":"2025-08-27T17:35:41","date_gmt":"2025-08-27T14:35:41","guid":{"rendered":"https:\/\/roveyayinevi.com.tr\/index.php\/urun\/ahilik-ve-erzurum\/"},"modified":"2026-04-16T02:23:56","modified_gmt":"2026-04-15T23:23:56","slug":"ahilik-ve-erzurum","status":"publish","type":"product","link":"https:\/\/roveyayinevi.com.tr\/index.php\/urun\/ahilik-ve-erzurum\/","title":{"rendered":"Ahilik ve Erzurum"},"content":{"rendered":"<p>T\u00fcrkler aras\u0131nda \u0130slamiyet\u2019in kabullenip yay\u0131lmas\u0131, Ahmed Yesev\u00ee\u2019nin eski T\u00fcrk geleneklerini de ihmal etmeyen ho\u015fg\u00f6r\u00fcl\u00fc anlay\u0131\u015f\u0131yla olmu\u015ftu. Yesev\u00ee, \u0130slam inan\u00e7 ve ibadet motifleriyle, \u0130slam \u00f6ncesi T\u00fcrk \u00f6rf, \u00e2det ve geleneklerini harmanlayan bir anlay\u0131\u015f ortaya koyarak T\u00fcrk milletinin \u0130slamiyet\u2019i daha s\u00fcratli benimsemesinde \u00f6nemli rol oynam\u0131\u015ft\u0131. Ahmed Yesev\u00ee\u2019den ilham alan Ah\u00ee Evran da, ayn\u0131 anlay\u0131\u015fla bir T\u00fcrk-\u0130slam sentezi meydana getirmeyi ama\u00e7lam\u0131\u015ft\u0131r.Ah\u00ee Evran, Anadolu\u2019da yerle\u015fik olabilmenin lokomotifi olarak halk ile i\u00e7li d\u0131\u015fl\u0131 olan esnaf\u0131 g\u00f6rm\u00fc\u015f ve T\u00fcrk-\u0130slam sentezine dayanan bir esnaf birli\u011fi kurmu\u015ftur. Dayan\u0131\u015fma ve karde\u015flik esas\u0131na dayal\u0131 bu anlay\u0131\u015f, yeni yurttaki eski inan\u00e7lara ve \u00f6zellikle de Bizans\u2019a kar\u015f\u0131 ayakta kalabilmek i\u00e7in birlik ve beraberlik motifini i\u015flemi\u015ftir. Bu nedenle ah\u00ee birliklerine sadece T\u00fcrk ve M\u00fcsl\u00fcman olanlar kabul edilmi\u015flerdir. \u00c7\u00fcnk\u00fc bu yurtta ilelebet kalabilmenin tek yolu, birlik ve beraberli\u011fi sa\u011flay\u0131p korumakt\u0131r. Bu sebeple Anadolu Beylikleri aras\u0131nda s\u00fcregelen kavgalar\u0131 bitirip de tek bir g\u00fc\u00e7 alt\u0131nda birle\u015ftirmek i\u00e7in ah\u00eeler \u00e7ok u\u011fra\u015f vermi\u015flerdir. Bu manada Osmanl\u0131 Devleti\u2019nin kurulu\u015f felsefesi, ah\u00eeler taraf\u0131ndan belirlenmi\u015ftir demek yanl\u0131\u015f olmaz.G\u00fczel \u00fclkemizin daha g\u00fc\u00e7l\u00fc olabilmesi i\u00e7in, i\u00e7inde bulundu\u011fumuz bu yeni as\u0131rda da mill\u00ee birlik ve beraberli\u011fimizin g\u00fc\u00e7lendirilerek \u00e7a\u011fda\u015f medeniyet seviyesini a\u015fabilmek i\u00e7in ah\u00eelik kurumunun ve ilkelerinin yeniden canland\u0131r\u0131lmas\u0131, olduk\u00e7a \u00f6nemlidir. Nitekim esnaf dayan\u0131\u015fmas\u0131n\u0131 sa\u011flamak gayesiyle ah\u00ee sand\u0131klar\u0131n\u0131n kurulaca\u011f\u0131na ili\u015fkin karar, bu bak\u0131mdan fevkalade sevindiricidir. <\/p>\n","protected":false},"excerpt":{"rendered":"<p>T\u00fcrkler aras\u0131nda \u0130slamiyet\u2019in kabullenip yay\u0131lmas\u0131, Ahmed Yesev\u00ee\u2019nin eski T\u00fcrk geleneklerini de ihmal etmeyen ho\u015fg\u00f6r\u00fcl\u00fc anlay\u0131\u015f\u0131yla olmu\u015ftu. Yesev\u00ee, \u0130slam inan\u00e7 ve ibadet motifleriyle, \u0130slam \u00f6ncesi T\u00fcrk \u00f6rf,<span class=\"excerpt-hellip\"> [\u2026]<\/span><\/p>\n","protected":false},"featured_media":0,"template":"","meta":{"_monsterinsights_skip_tracking":false,"_monsterinsights_sitenote_active":false,"_monsterinsights_sitenote_note":"","_monsterinsights_sitenote_category":0},"product_brand":[],"product_cat":[12370,12304],"product_tag":[],"class_list":{"0":"post-715861","1":"product","2":"type-product","3":"status-publish","5":"product_cat-arastirma-inceleme","6":"product_cat-tarih","7":"pa_cilt-ciltsiz","8":"pa_tur-kitap","9":"pa_yayinevi-bilge-kultur-sanat","10":"pa_yazar-h-omer-ozden","12":"first","13":"instock","14":"sale","15":"shipping-taxable","16":"purchasable","17":"product-type-simple"},"_links":{"self":[{"href":"https:\/\/roveyayinevi.com.tr\/index.php\/wp-json\/wp\/v2\/product\/715861","targetHints":{"allow":["GET"]}}],"collection":[{"href":"https:\/\/roveyayinevi.com.tr\/index.php\/wp-json\/wp\/v2\/product"}],"about":[{"href":"https:\/\/roveyayinevi.com.tr\/index.php\/wp-json\/wp\/v2\/types\/product"}],"wp:attachment":[{"href":"https:\/\/roveyayinevi.com.tr\/index.php\/wp-json\/wp\/v2\/media?parent=715861"}],"wp:term":[{"taxonomy":"product_brand","embeddable":true,"href":"https:\/\/roveyayinevi.com.tr\/index.php\/wp-json\/wp\/v2\/product_brand?post=715861"},{"taxonomy":"product_cat","embeddable":true,"href":"https:\/\/roveyayinevi.com.tr\/index.php\/wp-json\/wp\/v2\/product_cat?post=715861"},{"taxonomy":"product_tag","embeddable":true,"href":"https:\/\/roveyayinevi.com.tr\/index.php\/wp-json\/wp\/v2\/product_tag?post=715861"}],"curies":[{"name":"wp","href":"https:\/\/api.w.org\/{rel}","templated":true}]}}