{"id":715858,"date":"2025-08-27T17:35:39","date_gmt":"2025-08-27T14:35:39","guid":{"rendered":"https:\/\/roveyayinevi.com.tr\/index.php\/urun\/100-soruda-iran\/"},"modified":"2026-04-16T02:23:56","modified_gmt":"2026-04-15T23:23:56","slug":"100-soruda-iran","status":"publish","type":"product","link":"https:\/\/roveyayinevi.com.tr\/index.php\/urun\/100-soruda-iran\/","title":{"rendered":"100 Soruda \u0130ran"},"content":{"rendered":"<p>\u0130ran \u00fczerinde uluslararas\u0131 iki uzman\u0131n kaleme ald\u0131\u011f\u0131 bu eserde \u00e7e\u015fitli sorularla \u0130ran ve \u0130ranl\u0131lar\u0131 tan\u0131maya y\u00f6nelik \u00e7ok \u00f6nemli bilgiler edinilmektedir.\u0130ranl\u0131lar kimdir? \u0130ran\u2019\u0131n ve \u0130slam devriminin k\u0131sa tarihi&#8230; Devrim Muhaf\u0131zlar\u0131n\u0131n rol\u00fc nedir? \u0130ran\u2019\u0131n h\u00e2lihaz\u0131rdaki y\u00f6netim sistemi nas\u0131l i\u015flemektedir? ABD ve \u0130srail \u0130ran\u2019a sil\u00e2h yard\u0131m\u0131 yapt\u0131 m\u0131? \u0130ran\u2019da yolsuzluk, e\u015fcinsellik var m\u0131? \u0130nsan haklar\u0131 ve kad\u0131nlara bak\u0131\u015f nas\u0131ld\u0131r? \u0130ranl\u0131 ilk kad\u0131n ralli pilotu L\u00e2le S\u0131dd\u0131k yar\u0131\u015fa kat\u0131labilmek i\u00e7in izni kimden ald\u0131?\u0130ran gen\u00e7li\u011finin rahats\u0131zl\u0131klar\u0131 nedir? Rap ve blues m\u00fczi\u011fine izin var m\u0131? Uyu\u015fturucu kullan\u0131m\u0131 patlad\u0131 m\u0131? \u0130ranl\u0131lar neden \u0130ran\u2019dan ka\u00e7\u0131yorlar? Fuhu\u015f ve cinsellik ne durumda? \u0130ran\u2019da ekolojik fel\u00e2ket ya\u015fan\u0131yor mu? Orta Do\u011fu\u2019da g\u00fc\u00e7 dengelerinde \u0130ran\u2019\u0131n yeri nedir? Neden \u0130ran Azerbaycan\u2019a uzak, Ermenistan\u2019a yak\u0131n? \u0130ran ekonomisi\u2026 \u0130ran n\u00fckleer dosyas\u0131\u2026 Ve nihayet \u0130ranl\u0131lar\u0131n tercihi neden \u0130stanbul? T\u00fcrk-\u0130ran ili\u015fkileri ne durumda, gelecekte neler olabilir?Her ikisi de \u0130ran uzman\u0131 olan Mohammad-Reza Djalili ve Thierry Kellner Orta Do\u011fu jeopolitik satran\u00e7 tahtas\u0131n\u0131n pek sevilmeyen ama \u00fcstesinden de gelinemeyen dev \u00fclkesine dair daha pek \u00e7ok soruyu \u00f6zl\u00fc \u015fekilde cevapland\u0131rmaktad\u0131r.Mohammad-Reza Djalili, Cenevre Uluslararas\u0131 Y\u00fcksek \u0130ncelemeler ve Geli\u015fmeler Enstit\u00fcs\u00fc emeritus profes\u00f6r\u00fcd\u00fcr.Thierry Kellner, Br\u00fcksel Serbest \u00dcniversitesi (ULB) Siyasal Bilimler B\u00f6l\u00fcm\u00fc okutman\u0131d\u0131r.Yazarlar\u0131n yay\u0131nevimizde yay\u0131mlanm\u0131\u015f Yeni Orta Asya Jeopoliti\u011fi (2009), \u0130ran\u2019\u0131n Son \u0130ki Y\u00fczy\u0131ll\u0131k Tarihi (2010), Arap Bahar\u0131 Kar\u015f\u0131s\u0131nda \u0130ran ve T\u00fcrkiye (2013) adl\u0131 kitaplar\u0131 bulunmaktad\u0131r.<\/p>\n","protected":false},"excerpt":{"rendered":"<p>\u0130ran \u00fczerinde uluslararas\u0131 iki uzman\u0131n kaleme ald\u0131\u011f\u0131 bu eserde \u00e7e\u015fitli sorularla \u0130ran ve \u0130ranl\u0131lar\u0131 tan\u0131maya y\u00f6nelik \u00e7ok \u00f6nemli bilgiler edinilmektedir.\u0130ranl\u0131lar kimdir? \u0130ran\u2019\u0131n ve \u0130slam devriminin k\u0131sa<span class=\"excerpt-hellip\"> [\u2026]<\/span><\/p>\n","protected":false},"featured_media":0,"template":"","meta":{"_monsterinsights_skip_tracking":false,"_monsterinsights_sitenote_active":false,"_monsterinsights_sitenote_note":"","_monsterinsights_sitenote_category":0},"product_brand":[],"product_cat":[13590,12337],"product_tag":[],"class_list":{"0":"post-715858","1":"product","2":"type-product","3":"status-publish","5":"product_cat-arastirma-inceleme-politika-siyaset","6":"product_cat-politika-siyaset","7":"pa_cilt-ciltsiz","8":"pa_tur-kitap","9":"pa_yayinevi-bilge-kultur-sanat","10":"pa_yazar-mohammad-reza-djalili-thierry-kellner","12":"first","13":"instock","14":"sale","15":"shipping-taxable","16":"purchasable","17":"product-type-simple"},"_links":{"self":[{"href":"https:\/\/roveyayinevi.com.tr\/index.php\/wp-json\/wp\/v2\/product\/715858","targetHints":{"allow":["GET"]}}],"collection":[{"href":"https:\/\/roveyayinevi.com.tr\/index.php\/wp-json\/wp\/v2\/product"}],"about":[{"href":"https:\/\/roveyayinevi.com.tr\/index.php\/wp-json\/wp\/v2\/types\/product"}],"wp:attachment":[{"href":"https:\/\/roveyayinevi.com.tr\/index.php\/wp-json\/wp\/v2\/media?parent=715858"}],"wp:term":[{"taxonomy":"product_brand","embeddable":true,"href":"https:\/\/roveyayinevi.com.tr\/index.php\/wp-json\/wp\/v2\/product_brand?post=715858"},{"taxonomy":"product_cat","embeddable":true,"href":"https:\/\/roveyayinevi.com.tr\/index.php\/wp-json\/wp\/v2\/product_cat?post=715858"},{"taxonomy":"product_tag","embeddable":true,"href":"https:\/\/roveyayinevi.com.tr\/index.php\/wp-json\/wp\/v2\/product_tag?post=715858"}],"curies":[{"name":"wp","href":"https:\/\/api.w.org\/{rel}","templated":true}]}}