{"id":715856,"date":"2025-08-27T17:35:38","date_gmt":"2025-08-27T14:35:38","guid":{"rendered":"https:\/\/roveyayinevi.com.tr\/index.php\/urun\/iyilesmenin-sifresi-sende\/"},"modified":"2026-04-16T02:23:56","modified_gmt":"2026-04-15T23:23:56","slug":"iyilesmenin-sifresi-sende","status":"publish","type":"product","link":"https:\/\/roveyayinevi.com.tr\/index.php\/urun\/iyilesmenin-sifresi-sende\/","title":{"rendered":"\u0130yile\u015fmenin \u015eifresi Sende"},"content":{"rendered":"<p>\u0130\u00e7 Hastal\u0131klar\u0131 ve T\u0131bb\u0131 Onkoloji Uzman\u0131 Dr. Bet\u00fcl A\u00e7\u0131kal\u0131n \u015fifan\u0131n evrensel kurallar\u0131n\u0131 a\u00e7\u0131kl\u0131yor: Kural 1: Bedenini temiz tut, kimyasallardan uzak dur! Kural 2: Az, \u00f6z ve ger\u00e7ek beslen! Kural 3: A\u00e7l\u0131\u011f\u0131n ve iki \u00f6\u011f\u00fcn yemenin iyile\u015ftirici etkisinden faydalan! Kural 4: Damarlar\u0131n\u0131n sesine kulak ver!   Kural 5: Bitkileri ve takviyeleri bilin\u00e7li kullan! Kural 6: V\u00fccudunun kendi kendini iyile\u015ftirme potansiyeline destek ol! <\/p>\n","protected":false},"excerpt":{"rendered":"<p>\u0130\u00e7 Hastal\u0131klar\u0131 ve T\u0131bb\u0131 Onkoloji Uzman\u0131 Dr. Bet\u00fcl A\u00e7\u0131kal\u0131n \u015fifan\u0131n evrensel kurallar\u0131n\u0131 a\u00e7\u0131kl\u0131yor: Kural 1: Bedenini temiz tut, kimyasallardan uzak dur! Kural 2: Az, \u00f6z ve<span class=\"excerpt-hellip\"> [\u2026]<\/span><\/p>\n","protected":false},"featured_media":0,"template":"","meta":{"_monsterinsights_skip_tracking":false,"_monsterinsights_sitenote_active":false,"_monsterinsights_sitenote_note":"","_monsterinsights_sitenote_category":0},"product_brand":[],"product_cat":[16965,13365],"product_tag":[],"class_list":{"0":"post-715856","1":"product","2":"type-product","3":"status-publish","5":"product_cat-genel-saglik-kitaplari","6":"product_cat-saglik","7":"pa_cilt-ciltsiz","8":"pa_tur-kitap","9":"pa_yayinevi-hayykitap","10":"pa_yazar-betul-acikalin","12":"first","13":"instock","14":"sale","15":"shipping-taxable","16":"purchasable","17":"product-type-simple"},"_links":{"self":[{"href":"https:\/\/roveyayinevi.com.tr\/index.php\/wp-json\/wp\/v2\/product\/715856","targetHints":{"allow":["GET"]}}],"collection":[{"href":"https:\/\/roveyayinevi.com.tr\/index.php\/wp-json\/wp\/v2\/product"}],"about":[{"href":"https:\/\/roveyayinevi.com.tr\/index.php\/wp-json\/wp\/v2\/types\/product"}],"wp:attachment":[{"href":"https:\/\/roveyayinevi.com.tr\/index.php\/wp-json\/wp\/v2\/media?parent=715856"}],"wp:term":[{"taxonomy":"product_brand","embeddable":true,"href":"https:\/\/roveyayinevi.com.tr\/index.php\/wp-json\/wp\/v2\/product_brand?post=715856"},{"taxonomy":"product_cat","embeddable":true,"href":"https:\/\/roveyayinevi.com.tr\/index.php\/wp-json\/wp\/v2\/product_cat?post=715856"},{"taxonomy":"product_tag","embeddable":true,"href":"https:\/\/roveyayinevi.com.tr\/index.php\/wp-json\/wp\/v2\/product_tag?post=715856"}],"curies":[{"name":"wp","href":"https:\/\/api.w.org\/{rel}","templated":true}]}}