{"id":715855,"date":"2025-08-27T17:35:38","date_gmt":"2025-08-27T14:35:38","guid":{"rendered":"https:\/\/roveyayinevi.com.tr\/index.php\/urun\/cocuk-ve-aile-2\/"},"modified":"2026-04-16T02:23:56","modified_gmt":"2026-04-15T23:23:56","slug":"cocuk-ve-aile-2","status":"publish","type":"product","link":"https:\/\/roveyayinevi.com.tr\/index.php\/urun\/cocuk-ve-aile-2\/","title":{"rendered":"\u00c7ocuk ve Aile"},"content":{"rendered":"<p>Aile toplumun en k\u00fc\u00e7\u00fck sosyal birimi, sosyal \u00fcnitesidir. \u00c7ocuk, aile i\u00e7indepek \u00e7ok davran\u0131\u015f\u0131 \u00f6\u011frenmekte, ki\u015fili\u011fini \u015fekillendirmektedir. Bu ba\u011flamda \u00e7ocu\u011fa kazand\u0131r\u0131lacak olan davran\u0131\u015flar ve al\u0131\u015fkanl\u0131klar ayn\u0131 zamanda topluma yap\u0131lacak bir yat\u0131r\u0131m olacakt\u0131r. Toplumun sa\u011fl\u0131kl\u0131 i\u015fleyi\u015fi sa\u011fl\u0131kl\u0131 nesillerle m\u00fcmk\u00fcnd\u00fcr. Dolay\u0131s\u0131yla da \u00e7ocu\u011fun hayat\u0131n\u0131 \u015fekillendirdi\u011fi bu ortam\u0131n en iyi \u015fekilde organize edilerek g\u00f6revlerini yapabilmesi bir zorunluluk haline gelmektedir. \u00c7ocu\u011fun t\u00fcm geli\u015fim alanlar\u0131n\u0131 sadece aile etkilemekle kalmamakta, okul ve \u00f6rg\u00fcn e\u011fitim sistemleri de bu konuda \u00f6nemli misyonlar y\u00fcklenmektedir. T\u00fcm bu noktalarda okul sisteminin ve okul sistemi i\u00e7inde \u00e7ocuk ve ailenin ele al\u0131nmas\u0131 gerekmektedir. Toplumda sadece normal geli\u015fim g\u00f6steren \u00e7ocuklar bulunmamakta, yetersizli\u011fi olan \u00e7ocuklar ve aileleri de yer almaktad\u0131r. Bu \u00e7ocuklar\u0131n ve ailelerinin desteklenmesi ise insan\u00ee bir hak ve en \u00f6nemli vatanda\u015fl\u0131k g\u00f6revleri aras\u0131nda yer almaktad\u0131r. \u2018\u00c7ocuk ve Aile\u2019 ad\u0131ndaki bu kitap, \u00e7ok boyutlu olarak haz\u0131rlanm\u0131\u015f ve ebeveynler ba\u015fta olmak \u00fczere, \u00f6\u011fretmenler ve \u00f6\u011fretmen adaylar\u0131n\u0131n ihtiya\u00e7 duyduklar\u0131 konular\u0131 bir arada sunmay\u0131 hedeflemi\u015ftir.<\/p>\n","protected":false},"excerpt":{"rendered":"<p>Aile toplumun en k\u00fc\u00e7\u00fck sosyal birimi, sosyal \u00fcnitesidir. \u00c7ocuk, aile i\u00e7indepek \u00e7ok davran\u0131\u015f\u0131 \u00f6\u011frenmekte, ki\u015fili\u011fini \u015fekillendirmektedir. Bu ba\u011flamda \u00e7ocu\u011fa kazand\u0131r\u0131lacak olan davran\u0131\u015flar ve al\u0131\u015fkanl\u0131klar ayn\u0131 zamanda<span class=\"excerpt-hellip\"> [\u2026]<\/span><\/p>\n","protected":false},"featured_media":0,"template":"","meta":{"_monsterinsights_skip_tracking":false,"_monsterinsights_sitenote_active":false,"_monsterinsights_sitenote_note":"","_monsterinsights_sitenote_category":0},"product_brand":[],"product_cat":[12831,12324],"product_tag":[],"class_list":{"0":"post-715855","1":"product","2":"type-product","3":"status-publish","5":"product_cat-aile-ve-cocuk","6":"product_cat-sosyoloji","7":"pa_cilt-ciltsiz","8":"pa_tur-kitap","9":"pa_yayinevi-ani-yayincilik","10":"pa_yazar-kolektif","12":"first","13":"instock","14":"sale","15":"shipping-taxable","16":"purchasable","17":"product-type-simple"},"_links":{"self":[{"href":"https:\/\/roveyayinevi.com.tr\/index.php\/wp-json\/wp\/v2\/product\/715855","targetHints":{"allow":["GET"]}}],"collection":[{"href":"https:\/\/roveyayinevi.com.tr\/index.php\/wp-json\/wp\/v2\/product"}],"about":[{"href":"https:\/\/roveyayinevi.com.tr\/index.php\/wp-json\/wp\/v2\/types\/product"}],"wp:attachment":[{"href":"https:\/\/roveyayinevi.com.tr\/index.php\/wp-json\/wp\/v2\/media?parent=715855"}],"wp:term":[{"taxonomy":"product_brand","embeddable":true,"href":"https:\/\/roveyayinevi.com.tr\/index.php\/wp-json\/wp\/v2\/product_brand?post=715855"},{"taxonomy":"product_cat","embeddable":true,"href":"https:\/\/roveyayinevi.com.tr\/index.php\/wp-json\/wp\/v2\/product_cat?post=715855"},{"taxonomy":"product_tag","embeddable":true,"href":"https:\/\/roveyayinevi.com.tr\/index.php\/wp-json\/wp\/v2\/product_tag?post=715855"}],"curies":[{"name":"wp","href":"https:\/\/api.w.org\/{rel}","templated":true}]}}