{"id":715854,"date":"2025-08-27T17:35:37","date_gmt":"2025-08-27T14:35:37","guid":{"rendered":"https:\/\/roveyayinevi.com.tr\/index.php\/urun\/cagdas-sosyal-teorisyenler-1\/"},"modified":"2026-04-16T02:23:56","modified_gmt":"2026-04-15T23:23:56","slug":"cagdas-sosyal-teorisyenler-1","status":"publish","type":"product","link":"https:\/\/roveyayinevi.com.tr\/index.php\/urun\/cagdas-sosyal-teorisyenler-1\/","title":{"rendered":"\u00c7a\u011fda\u015f Sosyal Teorisyenler 1"},"content":{"rendered":"<p>Bu eserde, \u00e7a\u011fda\u015f sosyal teorinin k\u00fclt isimlerinden olan AntonioGramsci, TalcottParsons, Charles Wright Mills, Louis Althusser, MichelFoucault, ErvingGoffman ve ZygmuntBauman, kapsaml\u0131 bir inceleme sonucunda T\u00fcrkiye&#8217;de ilk kez bir araya geliyor. Bu kitapta, Gramsci, Parsons, Mills, Althusser, Foucault, Goffman ve Bauman&#8217;\u0131n entelekt\u00fcel portreleri, metodolojileri, sosyal teorileri ve \u00e7a\u011fda\u015f sosyolojik teoriye katk\u0131lar\u0131 ayr\u0131nt\u0131lar\u0131 bir bi\u00e7imde ele al\u0131nm\u0131\u015ft\u0131r. \u00c7a\u011fda\u015f sosyolojinin ikonlar\u0131 ve anahtar teorisyenleri aras\u0131nda \u00f6n planda olan Gramsci, Parsons, Mills, Althusser, Foucault, Goffman ve Bauman&#8217;\u0131n sosyal teorilerini merak edenlere&#8230; Ya\u015fad\u0131\u011f\u0131m\u0131z d\u00fcnyan\u0131n durumunu tahlil etmek, \u00e7a\u011f\u0131m\u0131z\u0131n ruhunu anlamak, toplumlar\u0131n makro ve mikro problemlerini do\u011fru idrak etmek, sosyal yap\u0131lar\u0131n mekanizmalar\u0131 ve kamburlar\u0131 \u00fczerine d\u00fc\u015f\u00fcnmek, sosyal kurumlar\u0131n defolar\u0131n\u0131 irdelemek ve bireyin s\u0131k\u0131nt\u0131lar\u0131na odaklanmak isteyenlere&#8230; \u00c7a\u011fda\u015f sosyoloji kuramlar\u0131n\u0131 \u00f6nemseyenlere&#8230;<\/p>\n","protected":false},"excerpt":{"rendered":"<p>Bu eserde, \u00e7a\u011fda\u015f sosyal teorinin k\u00fclt isimlerinden olan AntonioGramsci, TalcottParsons, Charles Wright Mills, Louis Althusser, MichelFoucault, ErvingGoffman ve ZygmuntBauman, kapsaml\u0131 bir inceleme sonucunda T\u00fcrkiye&#8217;de ilk kez<span class=\"excerpt-hellip\"> [\u2026]<\/span><\/p>\n","protected":false},"featured_media":0,"template":"","meta":{"_monsterinsights_skip_tracking":false,"_monsterinsights_sitenote_active":false,"_monsterinsights_sitenote_note":"","_monsterinsights_sitenote_category":0},"product_brand":[],"product_cat":[12325,12324],"product_tag":[],"class_list":{"0":"post-715854","1":"product","2":"type-product","3":"status-publish","5":"product_cat-diger-sosyoloji","6":"product_cat-sosyoloji","7":"pa_cilt-ciltsiz","8":"pa_tur-kitap","9":"pa_yayinevi-ani-yayincilik","10":"pa_yazar-sezgin-kizilcelik","12":"first","13":"instock","14":"sale","15":"shipping-taxable","16":"purchasable","17":"product-type-simple"},"_links":{"self":[{"href":"https:\/\/roveyayinevi.com.tr\/index.php\/wp-json\/wp\/v2\/product\/715854","targetHints":{"allow":["GET"]}}],"collection":[{"href":"https:\/\/roveyayinevi.com.tr\/index.php\/wp-json\/wp\/v2\/product"}],"about":[{"href":"https:\/\/roveyayinevi.com.tr\/index.php\/wp-json\/wp\/v2\/types\/product"}],"wp:attachment":[{"href":"https:\/\/roveyayinevi.com.tr\/index.php\/wp-json\/wp\/v2\/media?parent=715854"}],"wp:term":[{"taxonomy":"product_brand","embeddable":true,"href":"https:\/\/roveyayinevi.com.tr\/index.php\/wp-json\/wp\/v2\/product_brand?post=715854"},{"taxonomy":"product_cat","embeddable":true,"href":"https:\/\/roveyayinevi.com.tr\/index.php\/wp-json\/wp\/v2\/product_cat?post=715854"},{"taxonomy":"product_tag","embeddable":true,"href":"https:\/\/roveyayinevi.com.tr\/index.php\/wp-json\/wp\/v2\/product_tag?post=715854"}],"curies":[{"name":"wp","href":"https:\/\/api.w.org\/{rel}","templated":true}]}}