{"id":715850,"date":"2025-08-27T17:35:35","date_gmt":"2025-08-27T14:35:35","guid":{"rendered":"https:\/\/roveyayinevi.com.tr\/index.php\/urun\/cizgilerle-set-10-kitap\/"},"modified":"2026-04-16T02:23:56","modified_gmt":"2026-04-15T23:23:56","slug":"cizgilerle-set-10-kitap","status":"publish","type":"product","link":"https:\/\/roveyayinevi.com.tr\/index.php\/urun\/cizgilerle-set-10-kitap\/","title":{"rendered":"\u00c7izgilerle Set (10 Kitap)"},"content":{"rendered":"<p>\u201c\u00c7izgiler hi\u00e7 bu kadar devrimci olmam\u0131\u015ft\u0131\u201d diyerek yola koyulduk. \u00c7izgilerle dizimizde bug\u00fcne kadar Rius\u2019un eserleri ba\u015fta, bir\u00e7ok yap\u0131t\u0131 okurlarla bulu\u015fturduk. \u015eimdi Rius\u2019un \u00e7izgileriyle Soner Tuna\u2019n\u0131n, Rodrigo Elgueta\u2019n\u0131n ve Rodolfo Marcenaro\u2019nun \u00e7izgileri yeni setimizde bir araya geliyor. \u015eimdi Lenin ile N\u00e2z\u0131m Hikmet, Allende ile Madame Curie \u00e7izgilerde bulu\u015fuyor. <\/p>\n","protected":false},"excerpt":{"rendered":"<p>\u201c\u00c7izgiler hi\u00e7 bu kadar devrimci olmam\u0131\u015ft\u0131\u201d diyerek yola koyulduk. \u00c7izgilerle dizimizde bug\u00fcne kadar Rius\u2019un eserleri ba\u015fta, bir\u00e7ok yap\u0131t\u0131 okurlarla bulu\u015fturduk. \u015eimdi Rius\u2019un \u00e7izgileriyle Soner Tuna\u2019n\u0131n, Rodrigo<span class=\"excerpt-hellip\"> [\u2026]<\/span><\/p>\n","protected":false},"featured_media":0,"template":"","meta":{"_monsterinsights_skip_tracking":false,"_monsterinsights_sitenote_active":false,"_monsterinsights_sitenote_note":"","_monsterinsights_sitenote_category":0},"product_brand":[],"product_cat":[12416,12291],"product_tag":[],"class_list":{"0":"post-715850","1":"product","2":"type-product","3":"status-publish","5":"product_cat-cizgi-roman","6":"product_cat-edebiyat","7":"pa_cilt-ciltsiz","8":"pa_tur-kitap","9":"pa_yayinevi-yordam-kitap","10":"pa_yazar-kolektif","12":"first","13":"instock","14":"sale","15":"shipping-taxable","16":"purchasable","17":"product-type-simple"},"_links":{"self":[{"href":"https:\/\/roveyayinevi.com.tr\/index.php\/wp-json\/wp\/v2\/product\/715850","targetHints":{"allow":["GET"]}}],"collection":[{"href":"https:\/\/roveyayinevi.com.tr\/index.php\/wp-json\/wp\/v2\/product"}],"about":[{"href":"https:\/\/roveyayinevi.com.tr\/index.php\/wp-json\/wp\/v2\/types\/product"}],"wp:attachment":[{"href":"https:\/\/roveyayinevi.com.tr\/index.php\/wp-json\/wp\/v2\/media?parent=715850"}],"wp:term":[{"taxonomy":"product_brand","embeddable":true,"href":"https:\/\/roveyayinevi.com.tr\/index.php\/wp-json\/wp\/v2\/product_brand?post=715850"},{"taxonomy":"product_cat","embeddable":true,"href":"https:\/\/roveyayinevi.com.tr\/index.php\/wp-json\/wp\/v2\/product_cat?post=715850"},{"taxonomy":"product_tag","embeddable":true,"href":"https:\/\/roveyayinevi.com.tr\/index.php\/wp-json\/wp\/v2\/product_tag?post=715850"}],"curies":[{"name":"wp","href":"https:\/\/api.w.org\/{rel}","templated":true}]}}