{"id":715849,"date":"2025-08-27T17:35:34","date_gmt":"2025-08-27T14:35:34","guid":{"rendered":"https:\/\/roveyayinevi.com.tr\/index.php\/urun\/gorki-otobiyografik-ucleme-3-kitap\/"},"modified":"2026-04-16T02:23:56","modified_gmt":"2026-04-15T23:23:56","slug":"gorki-otobiyografik-ucleme-3-kitap","status":"publish","type":"product","link":"https:\/\/roveyayinevi.com.tr\/index.php\/urun\/gorki-otobiyografik-ucleme-3-kitap\/","title":{"rendered":"Gorki Otobiyografik \u00dc\u00e7leme  (3 kitap)"},"content":{"rendered":"<p>Sosyalist ger\u00e7ek\u00e7ilik ak\u0131m\u0131n\u0131n \u00f6nc\u00fc isimlerinden Maksim Gorki\u2019nin otobiyografik \u00fc\u00e7lemesi, \u00c7ocuklu\u011fum, Ekme\u011fimi Kazan\u0131rken ve Benim \u00dcniversitelerim\u2019i \u015fimdi bir set haline getirip okurlarla yeniden bulu\u015fturuyoruz. N\u00e2z\u0131m Hikmet\u2019in s\u00f6zleriyle : \u201cYery\u00fcz\u00fcndeki b\u00fct\u00fcn gerici kuvvetlerin, bar\u0131\u015f ve milli ba\u011f\u0131ms\u0131zl\u0131k d\u00fc\u015fman\u0131n\u0131n, fa\u015fistin ve her \u00e7e\u015fit yalanc\u0131, d\u00fczmece demokrat\u0131n en korktu\u011fu yazarlardan biri de Gorki\u2019dir. Neden? \u00c7\u00fcnk\u00fc Maksim Gorki yaln\u0131z kendi halk\u0131na de\u011fil, b\u00fct\u00fcn halklara yurtlar\u0131n\u0131, h\u00fcrriyeti, bar\u0131\u015f\u0131 ve birbirini sevmeyi \u00f6\u011fretir. \u00c7\u00fcnk\u00fc o, insan\u0131n, insanl\u0131\u011f\u0131n gelece\u011finden, g\u00fczel g\u00fcnler g\u00f6rece\u011finden emindir (\u2026) Gorki insanlar ya\u015fad\u0131k\u00e7a ya\u015fayacakt\u0131r. \u00c7\u00fcnk\u00fc yery\u00fcz\u00fcn\u00fcn en b\u00fcy\u00fck \u015fairidir.\u201d <\/p>\n","protected":false},"excerpt":{"rendered":"<p>Sosyalist ger\u00e7ek\u00e7ilik ak\u0131m\u0131n\u0131n \u00f6nc\u00fc isimlerinden Maksim Gorki\u2019nin otobiyografik \u00fc\u00e7lemesi, \u00c7ocuklu\u011fum, Ekme\u011fimi Kazan\u0131rken ve Benim \u00dcniversitelerim\u2019i \u015fimdi bir set haline getirip okurlarla yeniden bulu\u015fturuyoruz. N\u00e2z\u0131m Hikmet\u2019in s\u00f6zleriyle<span class=\"excerpt-hellip\"> [\u2026]<\/span><\/p>\n","protected":false},"featured_media":0,"template":"","meta":{"_monsterinsights_skip_tracking":false,"_monsterinsights_sitenote_active":false,"_monsterinsights_sitenote_note":"","_monsterinsights_sitenote_category":0},"product_brand":[],"product_cat":[12291,13570],"product_tag":[],"class_list":{"0":"post-715849","1":"product","2":"type-product","3":"status-publish","5":"product_cat-edebiyat","6":"product_cat-rus-edebiyati","7":"pa_cilt-ciltsiz","8":"pa_tur-kitap","9":"pa_yayinevi-yordam-kitap","10":"pa_yazar-maksim-gorki","12":"first","13":"instock","14":"sale","15":"shipping-taxable","16":"purchasable","17":"product-type-simple"},"_links":{"self":[{"href":"https:\/\/roveyayinevi.com.tr\/index.php\/wp-json\/wp\/v2\/product\/715849","targetHints":{"allow":["GET"]}}],"collection":[{"href":"https:\/\/roveyayinevi.com.tr\/index.php\/wp-json\/wp\/v2\/product"}],"about":[{"href":"https:\/\/roveyayinevi.com.tr\/index.php\/wp-json\/wp\/v2\/types\/product"}],"wp:attachment":[{"href":"https:\/\/roveyayinevi.com.tr\/index.php\/wp-json\/wp\/v2\/media?parent=715849"}],"wp:term":[{"taxonomy":"product_brand","embeddable":true,"href":"https:\/\/roveyayinevi.com.tr\/index.php\/wp-json\/wp\/v2\/product_brand?post=715849"},{"taxonomy":"product_cat","embeddable":true,"href":"https:\/\/roveyayinevi.com.tr\/index.php\/wp-json\/wp\/v2\/product_cat?post=715849"},{"taxonomy":"product_tag","embeddable":true,"href":"https:\/\/roveyayinevi.com.tr\/index.php\/wp-json\/wp\/v2\/product_tag?post=715849"}],"curies":[{"name":"wp","href":"https:\/\/api.w.org\/{rel}","templated":true}]}}