{"id":715845,"date":"2025-08-27T17:35:32","date_gmt":"2025-08-27T14:35:32","guid":{"rendered":"https:\/\/roveyayinevi.com.tr\/index.php\/urun\/batik-sehrin-isareti-bolbadim-gunlukleri-2\/"},"modified":"2026-04-16T02:23:56","modified_gmt":"2026-04-15T23:23:56","slug":"batik-sehrin-isareti-bolbadim-gunlukleri-2","status":"publish","type":"product","link":"https:\/\/roveyayinevi.com.tr\/index.php\/urun\/batik-sehrin-isareti-bolbadim-gunlukleri-2\/","title":{"rendered":"Bat\u0131k \u015eehrin \u0130\u015fareti &#8211; Bolbadim G\u00fcnl\u00fckleri 2"},"content":{"rendered":"<p>\u00d6zel Bolbadim Koleji \u00f6\u011frencileri i\u00e7in bir yaz kamp\u0131 d\u00fczenlenir. Y\u0131l\u0131n yorgunlu\u011funu atmak i\u00e7in Hatay\u2019daki bu kampa giden \u00e7ocuklar\u0131 tats\u0131z bir s\u00fcrpriz beklemektedir. Kamp\u0131n yak\u0131n\u0131ndaki \u015felale, kimsenin bilmedi\u011fi k\u00f6t\u00fc bir g\u00fcce ev sahipli\u011fi yapmaktad\u0131r. Bat\u0131k bir uygarl\u0131\u011f\u0131n izindeki karanl\u0131k niyetli Nhandular yeni planlar\u0131n\u0131 uygulamaya ba\u015flarlar.  \u00dcstelik planlar\u0131yla aralar\u0131na giren hi\u00e7bir \u015feye kar\u015f\u0131 ac\u0131malar\u0131 yoktur. F\u0131rat, annesi ve S\u00fcreyya\u2019n\u0131n babas\u0131yla ilgili s\u0131rlar\u0131n y\u00fck\u00fc alt\u0131nda ezilse de, iyili\u011fin koruyucusu Otuslar gibi o da tetiktedir. Asl\u0131 Tohumcu\u2019nun s\u0131rlarla dolu \u201cBolbadim G\u00fcnl\u00fckleri\u201d dizisinde macera, ikinci kitapla devam ediyor!<\/p>\n","protected":false},"excerpt":{"rendered":"<p>\u00d6zel Bolbadim Koleji \u00f6\u011frencileri i\u00e7in bir yaz kamp\u0131 d\u00fczenlenir. Y\u0131l\u0131n yorgunlu\u011funu atmak i\u00e7in Hatay\u2019daki bu kampa giden \u00e7ocuklar\u0131 tats\u0131z bir s\u00fcrpriz beklemektedir. Kamp\u0131n yak\u0131n\u0131ndaki \u015felale, kimsenin<span class=\"excerpt-hellip\"> [\u2026]<\/span><\/p>\n","protected":false},"featured_media":0,"template":"","meta":{"_monsterinsights_skip_tracking":false,"_monsterinsights_sitenote_active":false,"_monsterinsights_sitenote_note":"","_monsterinsights_sitenote_category":0},"product_brand":[],"product_cat":[12274,12284],"product_tag":[],"class_list":{"0":"post-715845","1":"product","2":"type-product","3":"status-publish","5":"product_cat-cocuk-ve-genclik-kitaplari","6":"product_cat-hikayeler","7":"pa_cilt-ciltsiz","8":"pa_tur-kitap","9":"pa_yayinevi-can-cocuk-yayinlari","10":"pa_yazar-asli-tohumcu","12":"first","13":"instock","14":"sale","15":"shipping-taxable","16":"purchasable","17":"product-type-simple"},"_links":{"self":[{"href":"https:\/\/roveyayinevi.com.tr\/index.php\/wp-json\/wp\/v2\/product\/715845","targetHints":{"allow":["GET"]}}],"collection":[{"href":"https:\/\/roveyayinevi.com.tr\/index.php\/wp-json\/wp\/v2\/product"}],"about":[{"href":"https:\/\/roveyayinevi.com.tr\/index.php\/wp-json\/wp\/v2\/types\/product"}],"wp:attachment":[{"href":"https:\/\/roveyayinevi.com.tr\/index.php\/wp-json\/wp\/v2\/media?parent=715845"}],"wp:term":[{"taxonomy":"product_brand","embeddable":true,"href":"https:\/\/roveyayinevi.com.tr\/index.php\/wp-json\/wp\/v2\/product_brand?post=715845"},{"taxonomy":"product_cat","embeddable":true,"href":"https:\/\/roveyayinevi.com.tr\/index.php\/wp-json\/wp\/v2\/product_cat?post=715845"},{"taxonomy":"product_tag","embeddable":true,"href":"https:\/\/roveyayinevi.com.tr\/index.php\/wp-json\/wp\/v2\/product_tag?post=715845"}],"curies":[{"name":"wp","href":"https:\/\/api.w.org\/{rel}","templated":true}]}}