{"id":715840,"date":"2025-08-27T17:35:29","date_gmt":"2025-08-27T14:35:29","guid":{"rendered":"https:\/\/roveyayinevi.com.tr\/index.php\/urun\/dirilen-ofke\/"},"modified":"2026-04-16T02:23:56","modified_gmt":"2026-04-15T23:23:56","slug":"dirilen-ofke","status":"publish","type":"product","link":"https:\/\/roveyayinevi.com.tr\/index.php\/urun\/dirilen-ofke\/","title":{"rendered":"Dirilen \u00d6fke"},"content":{"rendered":"<p>Dirilen \u00d6fke ile birlikte Takeshi Kovacs\u2019\u0131n maceras\u0131 nihayete eriyor! Takeshi Kovacs eve d\u00f6nd\u00fc. \u0130ki kez. Quellist devrimin kazan\u0131mlar\u0131 kaybolmu\u015ftu. \u0130lk Aileler, \u015firketler ve yakuza, Harlan D\u00fcnyas\u0131\u2019n\u0131 iliklerine kadar s\u00f6m\u00fcrmenin yolunu ar\u0131yordu. Kovacs ise katledilen r\u00fcyalar\u0131n\u0131n intikam\u0131n\u0131 almak i\u00e7in geri d\u00f6nm\u00fc\u015ft\u00fc. S\u00f6ylentilere g\u00f6re, Quellcrist Falconer da \u00f6yle\u2026 \u0130kinci bir isyan\u0131n s\u00f6ylentileri, makinelerin ele ge\u00e7irdi\u011fi New Hokkaido\u2019nun teknolojik gerilemesi ve Quell\u2019in \u00f6l\u00fcmden d\u00f6n\u00fc\u015f\u00fcne ve \u00f6zg\u00fcr bir d\u00fcnyaya duyulan hasret kar\u015f\u0131s\u0131nda bir siyasi entrika f\u0131rt\u0131nas\u0131 kopmak \u00fczereydi. Fakat isyanla kar\u015f\u0131la\u015fan \u0130lk Aileler harekete ge\u00e7ecek ve isyan\u0131n k\u00f6k\u00fcn\u00fc kaz\u0131mak \u00fczere Kovacs adl\u0131 gen\u00e7 ve vah\u015fi Kordiplomat\u2019\u0131 depodan \u00e7\u0131karacaklard\u0131\u2026 kendini isyan\u0131n g\u00f6be\u011finde bulan daha ya\u015fl\u0131, yorgun ve su\u00e7lu ikinci bir Takeshi Kovasc\u2019la beraber. Kesin olan bir \u015fey vard\u0131, Takeshi Kovacs ad\u0131nda biri \u00f6lecekti. Sonsuza dek. <\/p>\n","protected":false},"excerpt":{"rendered":"<p>Dirilen \u00d6fke ile birlikte Takeshi Kovacs\u2019\u0131n maceras\u0131 nihayete eriyor! Takeshi Kovacs eve d\u00f6nd\u00fc. \u0130ki kez. Quellist devrimin kazan\u0131mlar\u0131 kaybolmu\u015ftu. \u0130lk Aileler, \u015firketler ve yakuza, Harlan D\u00fcnyas\u0131\u2019n\u0131<span class=\"excerpt-hellip\"> [\u2026]<\/span><\/p>\n","protected":false},"featured_media":0,"template":"","meta":{"_monsterinsights_skip_tracking":false,"_monsterinsights_sitenote_active":false,"_monsterinsights_sitenote_note":"","_monsterinsights_sitenote_category":0},"product_brand":[],"product_cat":[12291,14777],"product_tag":[],"class_list":{"0":"post-715840","1":"product","2":"type-product","3":"status-publish","5":"product_cat-edebiyat","6":"product_cat-fantastik","7":"pa_cilt-ciltsiz","8":"pa_tur-kitap","9":"pa_yayinevi-ithaki-yayinlari","10":"pa_yazar-richard-k-morgan","12":"first","13":"instock","14":"sale","15":"shipping-taxable","16":"purchasable","17":"product-type-simple"},"_links":{"self":[{"href":"https:\/\/roveyayinevi.com.tr\/index.php\/wp-json\/wp\/v2\/product\/715840","targetHints":{"allow":["GET"]}}],"collection":[{"href":"https:\/\/roveyayinevi.com.tr\/index.php\/wp-json\/wp\/v2\/product"}],"about":[{"href":"https:\/\/roveyayinevi.com.tr\/index.php\/wp-json\/wp\/v2\/types\/product"}],"wp:attachment":[{"href":"https:\/\/roveyayinevi.com.tr\/index.php\/wp-json\/wp\/v2\/media?parent=715840"}],"wp:term":[{"taxonomy":"product_brand","embeddable":true,"href":"https:\/\/roveyayinevi.com.tr\/index.php\/wp-json\/wp\/v2\/product_brand?post=715840"},{"taxonomy":"product_cat","embeddable":true,"href":"https:\/\/roveyayinevi.com.tr\/index.php\/wp-json\/wp\/v2\/product_cat?post=715840"},{"taxonomy":"product_tag","embeddable":true,"href":"https:\/\/roveyayinevi.com.tr\/index.php\/wp-json\/wp\/v2\/product_tag?post=715840"}],"curies":[{"name":"wp","href":"https:\/\/api.w.org\/{rel}","templated":true}]}}