{"id":715834,"date":"2025-08-27T17:35:18","date_gmt":"2025-08-27T14:35:18","guid":{"rendered":"https:\/\/roveyayinevi.com.tr\/index.php\/urun\/karanliklar-prensesi-vampir-carmilla\/"},"modified":"2026-04-16T02:23:56","modified_gmt":"2026-04-15T23:23:56","slug":"karanliklar-prensesi-vampir-carmilla","status":"publish","type":"product","link":"https:\/\/roveyayinevi.com.tr\/index.php\/urun\/karanliklar-prensesi-vampir-carmilla\/","title":{"rendered":"Karanl\u0131klar Prensesi Vampir Carmilla"},"content":{"rendered":"<p>Hayat ve \u00f6l\u00fcm esrarengiz konulard\u0131r, her ikisinin de kayna\u011f\u0131 hakk\u0131nda \u00e7ok az \u015fey bilinir.\u201dKaranl\u0131klar Prensesi Vampir Carmilla, \u0130rlandal\u0131 yazar Sheridan Le Fanu\u2019nun 1872 y\u0131l\u0131nda, Dracula\u2019dan \u00e7ok \u00f6nce yaz\u0131lm\u0131\u015f vampir hik\u00e2yesidir. Yay\u0131mland\u0131\u011f\u0131 d\u00f6nem ko\u015fullar\u0131nda kad\u0131n vampir ve kurbanlar\u0131 aras\u0131ndaki ili\u015fkiler a\u00e7\u0131s\u0131ndan olduk\u00e7a yad\u0131rganan eser, vampir k\u00fclt\u00fcr\u00fcn\u00fcn giderek artmas\u0131nda \u00f6nc\u00fc bir yere sahip olmu\u015ftur.\u00d6l\u00fcm\u00fcn\u00fcn \u00fczerinden uzun y\u0131llar ge\u00e7en Kontes Mircella Karnestein, kurbanlar\u0131n\u0131 gen\u00e7 k\u0131zlar aras\u0131ndan se\u00e7en cazibeli bir vampir ve Orta Avrupa\u2019da bir \u015fatoda babas\u0131 ve hizmetlileriyle ya\u015fayan Laura adl\u0131 gen\u00e7 k\u0131z\u0131n etraf\u0131nda d\u00f6nen Carmilla, gizemli ve karanl\u0131k atmosferiyle korku edebiyat\u0131ndan zevk alan herkesi y\u0131llard\u0131r kendine \u00e7eken bir klasik.<\/p>\n","protected":false},"excerpt":{"rendered":"<p>Hayat ve \u00f6l\u00fcm esrarengiz konulard\u0131r, her ikisinin de kayna\u011f\u0131 hakk\u0131nda \u00e7ok az \u015fey bilinir.\u201dKaranl\u0131klar Prensesi Vampir Carmilla, \u0130rlandal\u0131 yazar Sheridan Le Fanu\u2019nun 1872 y\u0131l\u0131nda, Dracula\u2019dan \u00e7ok<span class=\"excerpt-hellip\"> [\u2026]<\/span><\/p>\n","protected":false},"featured_media":0,"template":"","meta":{"_monsterinsights_skip_tracking":false,"_monsterinsights_sitenote_active":false,"_monsterinsights_sitenote_note":"","_monsterinsights_sitenote_category":0},"product_brand":[],"product_cat":[12291,14777],"product_tag":[],"class_list":{"0":"post-715834","1":"product","2":"type-product","3":"status-publish","5":"product_cat-edebiyat","6":"product_cat-fantastik","7":"pa_cilt-ciltsiz","8":"pa_tur-kitap","9":"pa_yayinevi-ren-kitap","10":"pa_yazar-sheridan-le-fanu","12":"first","13":"instock","14":"sale","15":"shipping-taxable","16":"purchasable","17":"product-type-simple"},"_links":{"self":[{"href":"https:\/\/roveyayinevi.com.tr\/index.php\/wp-json\/wp\/v2\/product\/715834","targetHints":{"allow":["GET"]}}],"collection":[{"href":"https:\/\/roveyayinevi.com.tr\/index.php\/wp-json\/wp\/v2\/product"}],"about":[{"href":"https:\/\/roveyayinevi.com.tr\/index.php\/wp-json\/wp\/v2\/types\/product"}],"wp:attachment":[{"href":"https:\/\/roveyayinevi.com.tr\/index.php\/wp-json\/wp\/v2\/media?parent=715834"}],"wp:term":[{"taxonomy":"product_brand","embeddable":true,"href":"https:\/\/roveyayinevi.com.tr\/index.php\/wp-json\/wp\/v2\/product_brand?post=715834"},{"taxonomy":"product_cat","embeddable":true,"href":"https:\/\/roveyayinevi.com.tr\/index.php\/wp-json\/wp\/v2\/product_cat?post=715834"},{"taxonomy":"product_tag","embeddable":true,"href":"https:\/\/roveyayinevi.com.tr\/index.php\/wp-json\/wp\/v2\/product_tag?post=715834"}],"curies":[{"name":"wp","href":"https:\/\/api.w.org\/{rel}","templated":true}]}}