{"id":715832,"date":"2025-08-27T17:35:17","date_gmt":"2025-08-27T14:35:17","guid":{"rendered":"https:\/\/roveyayinevi.com.tr\/index.php\/urun\/sevdalarin-yanginindan-gectik-kurtulus-kendini-anlatiyor-6\/"},"modified":"2026-04-16T02:23:56","modified_gmt":"2026-04-15T23:23:56","slug":"sevdalarin-yanginindan-gectik-kurtulus-kendini-anlatiyor-6","status":"publish","type":"product","link":"https:\/\/roveyayinevi.com.tr\/index.php\/urun\/sevdalarin-yanginindan-gectik-kurtulus-kendini-anlatiyor-6\/","title":{"rendered":"Sevdalar\u0131n Yang\u0131n\u0131ndan Ge\u00e7tik &#8211; Kurtulu\u015f Kendini Anlat\u0131yor 6"},"content":{"rendered":"<p>O y\u0131llarda Kurtulu\u015f Hareketi&#8217;nin &#8220;siyasi kadrolar\u0131&#8221; olarak nitelendirilebilecek ve il komitelerinde veya daha alt \u00f6rg\u00fctlerde bulunan bu militanlar siyasi \u00f6rg\u00fctlenmeye, devrimci m\u00fccadeleye ve ili\u015fkilere &#8220;daha a\u015fa\u011f\u0131dan&#8221; ama daha sahici, daha somut bir yakla\u015f\u0131m ortaya koyuyor. Her birinin kendi hayat hikayesi&#8230;  Bu anlat\u0131mlarda, d\u00f6nemin devrimci m\u00fccadelesinin nitelik ve niceli\u011fi ile birlikte devrimci militan\u0131n kimli\u011fi, nas\u0131l ya\u015fad\u0131\u011f\u0131, m\u00fccadele etti\u011fi ve \u00f6ld\u00fc\u011f\u00fc veya tesad\u00fcfen \u00f6lmedi\u011fine tan\u0131kl\u0131k edeceksiniz. O g\u00fcnlerin tarihi, ya\u015fayanlar\u0131n ve eyleyenlerin a\u011fz\u0131ndan aktar\u0131lan ger\u00e7ek ya\u015fam hik\u00e2yelerinde somutla\u015f\u0131yor. <\/p>\n","protected":false},"excerpt":{"rendered":"<p>O y\u0131llarda Kurtulu\u015f Hareketi&#8217;nin &#8220;siyasi kadrolar\u0131&#8221; olarak nitelendirilebilecek ve il komitelerinde veya daha alt \u00f6rg\u00fctlerde bulunan bu militanlar siyasi \u00f6rg\u00fctlenmeye, devrimci m\u00fccadeleye ve ili\u015fkilere &#8220;daha a\u015fa\u011f\u0131dan&#8221;<span class=\"excerpt-hellip\"> [\u2026]<\/span><\/p>\n","protected":false},"featured_media":0,"template":"","meta":{"_monsterinsights_skip_tracking":false,"_monsterinsights_sitenote_active":false,"_monsterinsights_sitenote_note":"","_monsterinsights_sitenote_category":0},"product_brand":[],"product_cat":[12337,14543],"product_tag":[],"class_list":{"0":"post-715832","1":"product","2":"type-product","3":"status-publish","5":"product_cat-politika-siyaset","6":"product_cat-turkiye-siyaseti-ve-politikasi","7":"pa_cilt-ciltsiz","8":"pa_tur-kitap","9":"pa_yayinevi-dipnot-yayinlari","10":"pa_yazar-kolektif","12":"first","13":"instock","14":"sale","15":"shipping-taxable","16":"purchasable","17":"product-type-simple"},"_links":{"self":[{"href":"https:\/\/roveyayinevi.com.tr\/index.php\/wp-json\/wp\/v2\/product\/715832","targetHints":{"allow":["GET"]}}],"collection":[{"href":"https:\/\/roveyayinevi.com.tr\/index.php\/wp-json\/wp\/v2\/product"}],"about":[{"href":"https:\/\/roveyayinevi.com.tr\/index.php\/wp-json\/wp\/v2\/types\/product"}],"wp:attachment":[{"href":"https:\/\/roveyayinevi.com.tr\/index.php\/wp-json\/wp\/v2\/media?parent=715832"}],"wp:term":[{"taxonomy":"product_brand","embeddable":true,"href":"https:\/\/roveyayinevi.com.tr\/index.php\/wp-json\/wp\/v2\/product_brand?post=715832"},{"taxonomy":"product_cat","embeddable":true,"href":"https:\/\/roveyayinevi.com.tr\/index.php\/wp-json\/wp\/v2\/product_cat?post=715832"},{"taxonomy":"product_tag","embeddable":true,"href":"https:\/\/roveyayinevi.com.tr\/index.php\/wp-json\/wp\/v2\/product_tag?post=715832"}],"curies":[{"name":"wp","href":"https:\/\/api.w.org\/{rel}","templated":true}]}}