{"id":715829,"date":"2025-08-27T17:35:15","date_gmt":"2025-08-27T14:35:15","guid":{"rendered":"https:\/\/roveyayinevi.com.tr\/index.php\/urun\/notlar-ic-savas-uzerine\/"},"modified":"2026-04-16T02:23:56","modified_gmt":"2026-04-15T23:23:56","slug":"notlar-ic-savas-uzerine","status":"publish","type":"product","link":"https:\/\/roveyayinevi.com.tr\/index.php\/urun\/notlar-ic-savas-uzerine\/","title":{"rendered":"Notlar &#8211;  \u0130\u00e7 Sava\u015f \u00dczerine"},"content":{"rendered":"<p>M\u00d6 49 y\u0131l\u0131n\u0131n hen\u00fcz ilk g\u00fcnlerinde Roma Cumhuriyeti, bir i\u00e7 sava\u015fa girmek \u00fczereydi. Roma\u2019n\u0131n en kuvvetli ve b\u00fcy\u00fck iki devlet adam\u0131 ve askeri olan Gaius Iulius Caesar ile Gnaeus Pompeius Magnus\u2019un \u00e7arp\u0131\u015faca\u011f\u0131 yakla\u015f\u0131k bir bu\u00e7uk y\u0131ll\u0131k bu s\u00fcrede ya\u015fananlar, daha \u00f6nce sekiz sene ge\u00e7irdi\u011fi Galya\u2019da oldu\u011fu gibi notlar tutan Caesar\u2019\u0131n aktar\u0131m\u0131yla g\u00fcn\u00fcm\u00fcze kadar ula\u015fm\u0131\u015ft\u0131r. Eser, 49 y\u0131l\u0131n\u0131n ilk g\u00fcnleriyle ba\u015flayarak 48 y\u0131l\u0131n\u0131n yaz aylar\u0131nda zuhur eden Pharsalus Muharebesi\u2019nden sonra M\u0131s\u0131r\u2019a ka\u00e7an Pompeius\u2019un burada \u00f6ld\u00fcr\u00fclmesi ve \u0130skenderiye Sava\u015f\u0131\u2019n\u0131n ba\u015flamas\u0131yla son bulur. Roma\u2019n\u0131n ya\u015fayaca\u011f\u0131 bu ikinci i\u00e7 sava\u015f ilk olarak yaln\u0131zca Caesar ve Pompeius\u2019un sava\u015f\u0131 de\u011fildir ve bir\u00e7ok soruna dayan\u0131r. Sava\u015f\u0131n ba\u015flamas\u0131ndan \u00f6nceki y\u0131llar ve genel olarak Romal\u0131lar\u0131n y\u00fczy\u0131llard\u0131r ya\u015fad\u0131\u011f\u0131 s\u0131n\u0131f \u00e7at\u0131\u015fmalar\u0131 ve di\u011fer sorunlar b\u00f6yle b\u00fcy\u00fck bir i\u00e7 sava\u015f \u00e7\u0131karmasa da zaten halihaz\u0131rda toplumda b\u00fcy\u00fck ayr\u0131\u015fmalara ve kutupla\u015fmalara yol a\u00e7maktayd\u0131; 49 y\u0131l\u0131 bu sorunlar\u0131n art\u0131k barda\u011f\u0131 ta\u015f\u0131rd\u0131\u011f\u0131 bir y\u0131l olmu\u015ftu. Bununla birlikte bu i\u00e7 sava\u015f, hi\u00e7 \u015f\u00fcphesiz b\u00fcy\u00fck g\u00fc\u00e7 elde eden demokrat Caesar ile asil aristokratlar\u0131n ve onlar\u0131n adam\u0131 ve temsilcisi Pompeius\u2019un sava\u015f\u0131d\u0131r. Bu eser, Latince\u2019den T\u00fcrk\u00e7eye ilk defa \u00e7evrilen bir \u00e7eviri olmas\u0131 yan\u0131nda ayr\u0131ca, i\u00e7 sava\u015f \u00f6nceki durumu a\u00e7\u0131klama gayesi g\u00fcden bir \u00e7al\u0131\u015fma olarak d\u00fc\u015f\u00fcn\u00fcld\u00fc. Roma Cumhuriyeti\u2019nin son y\u0131llar\u0131na dair \u00f6nemli sorun ve tart\u0131\u015fmalar\u0131n ele al\u0131nmas\u0131yla birlikte \u00e7\u00f6z\u00fcm ve yorum odakl\u0131 bilgiler aktar\u0131lmaya \u00e7al\u0131\u015f\u0131ld\u0131. Acaba birbirleriyle sava\u015fanlar halk\u00e7\u0131lar ve aristokratlar m\u0131yd\u0131, yoksa kibirli devlet adamlar\u0131 m\u0131?<\/p>\n","protected":false},"excerpt":{"rendered":"<p>M\u00d6 49 y\u0131l\u0131n\u0131n hen\u00fcz ilk g\u00fcnlerinde Roma Cumhuriyeti, bir i\u00e7 sava\u015fa girmek \u00fczereydi. Roma\u2019n\u0131n en kuvvetli ve b\u00fcy\u00fck iki devlet adam\u0131 ve askeri olan Gaius Iulius<span class=\"excerpt-hellip\"> [\u2026]<\/span><\/p>\n","protected":false},"featured_media":0,"template":"","meta":{"_monsterinsights_skip_tracking":false,"_monsterinsights_sitenote_active":false,"_monsterinsights_sitenote_note":"","_monsterinsights_sitenote_category":0},"product_brand":[],"product_cat":[12370,12304],"product_tag":[],"class_list":{"0":"post-715829","1":"product","2":"type-product","3":"status-publish","5":"product_cat-arastirma-inceleme","6":"product_cat-tarih","7":"pa_cilt-ciltsiz","8":"pa_tur-kitap","9":"pa_yayinevi-dogu-bati-yayinlari","10":"pa_yazar-gaius-iulius-caesar","12":"first","13":"instock","14":"sale","15":"shipping-taxable","16":"purchasable","17":"product-type-simple"},"_links":{"self":[{"href":"https:\/\/roveyayinevi.com.tr\/index.php\/wp-json\/wp\/v2\/product\/715829","targetHints":{"allow":["GET"]}}],"collection":[{"href":"https:\/\/roveyayinevi.com.tr\/index.php\/wp-json\/wp\/v2\/product"}],"about":[{"href":"https:\/\/roveyayinevi.com.tr\/index.php\/wp-json\/wp\/v2\/types\/product"}],"wp:attachment":[{"href":"https:\/\/roveyayinevi.com.tr\/index.php\/wp-json\/wp\/v2\/media?parent=715829"}],"wp:term":[{"taxonomy":"product_brand","embeddable":true,"href":"https:\/\/roveyayinevi.com.tr\/index.php\/wp-json\/wp\/v2\/product_brand?post=715829"},{"taxonomy":"product_cat","embeddable":true,"href":"https:\/\/roveyayinevi.com.tr\/index.php\/wp-json\/wp\/v2\/product_cat?post=715829"},{"taxonomy":"product_tag","embeddable":true,"href":"https:\/\/roveyayinevi.com.tr\/index.php\/wp-json\/wp\/v2\/product_tag?post=715829"}],"curies":[{"name":"wp","href":"https:\/\/api.w.org\/{rel}","templated":true}]}}