{"id":715825,"date":"2025-08-27T17:35:13","date_gmt":"2025-08-27T14:35:13","guid":{"rendered":"https:\/\/roveyayinevi.com.tr\/index.php\/urun\/ay-isigi-sokagi-2\/"},"modified":"2026-04-16T02:23:56","modified_gmt":"2026-04-15T23:23:56","slug":"ay-isigi-sokagi-2","status":"publish","type":"product","link":"https:\/\/roveyayinevi.com.tr\/index.php\/urun\/ay-isigi-sokagi-2\/","title":{"rendered":"Ay I\u015f\u0131\u011f\u0131 Soka\u011f\u0131"},"content":{"rendered":"<p>Kitab\u0131n kahraman\u0131, k\u00fc\u00e7\u00fck bir Frans\u0131z liman kentine iner. Gece trenini ka\u00e7\u0131r\u0131r, zaman\u0131n\u0131, ay \u0131\u015f\u0131\u011f\u0131n\u0131n ayd\u0131nlatt\u0131\u011f\u0131 liman \u015fehrindeki sokaklar\u0131 ke\u015ffederek ge\u00e7irir. Bu esnada tesad\u00fcfen girdi\u011fi bir lokalde kad\u0131n garson kendine de bira sipari\u015f eder ve sahte bir s\u0131rna\u015fmayla kahraman\u0131n yan\u0131na oturur. Kad\u0131n, lokale gelen ba\u015fka bir m\u00fc\u015fteriye ise olduk\u00e7a kaba davranmakta, ona hakaretler savurmaktad\u0131r. Kahraman, gittik\u00e7e \u015fiddetlenen gerilimden rahats\u0131z olur ve onlar\u0131 kendi hallerine b\u0131rakarak lokali terk eder. Hakarete u\u011frayan adam, Ay I\u015f\u0131\u011f\u0131 Soka\u011f\u0131\u2019nda y\u00fcr\u00fcyen kahramana yeti\u015fip esrarengiz hik\u00e2yesini anlatmaya ba\u015flar.<\/p>\n","protected":false},"excerpt":{"rendered":"<p>Kitab\u0131n kahraman\u0131, k\u00fc\u00e7\u00fck bir Frans\u0131z liman kentine iner. Gece trenini ka\u00e7\u0131r\u0131r, zaman\u0131n\u0131, ay \u0131\u015f\u0131\u011f\u0131n\u0131n ayd\u0131nlatt\u0131\u011f\u0131 liman \u015fehrindeki sokaklar\u0131 ke\u015ffederek ge\u00e7irir. Bu esnada tesad\u00fcfen girdi\u011fi bir lokalde<span class=\"excerpt-hellip\"> [\u2026]<\/span><\/p>\n","protected":false},"featured_media":0,"template":"","meta":{"_monsterinsights_skip_tracking":false,"_monsterinsights_sitenote_active":false,"_monsterinsights_sitenote_note":"","_monsterinsights_sitenote_category":0},"product_brand":[],"product_cat":[12291,12711],"product_tag":[],"class_list":{"0":"post-715825","1":"product","2":"type-product","3":"status-publish","5":"product_cat-edebiyat","6":"product_cat-roman-oyku","7":"pa_cilt-ciltsiz","8":"pa_tur-kitap","9":"pa_yayinevi-bilgi-yayinevi","10":"pa_yazar-stefan-zweig","12":"first","13":"instock","14":"sale","15":"shipping-taxable","16":"purchasable","17":"product-type-simple"},"_links":{"self":[{"href":"https:\/\/roveyayinevi.com.tr\/index.php\/wp-json\/wp\/v2\/product\/715825","targetHints":{"allow":["GET"]}}],"collection":[{"href":"https:\/\/roveyayinevi.com.tr\/index.php\/wp-json\/wp\/v2\/product"}],"about":[{"href":"https:\/\/roveyayinevi.com.tr\/index.php\/wp-json\/wp\/v2\/types\/product"}],"wp:attachment":[{"href":"https:\/\/roveyayinevi.com.tr\/index.php\/wp-json\/wp\/v2\/media?parent=715825"}],"wp:term":[{"taxonomy":"product_brand","embeddable":true,"href":"https:\/\/roveyayinevi.com.tr\/index.php\/wp-json\/wp\/v2\/product_brand?post=715825"},{"taxonomy":"product_cat","embeddable":true,"href":"https:\/\/roveyayinevi.com.tr\/index.php\/wp-json\/wp\/v2\/product_cat?post=715825"},{"taxonomy":"product_tag","embeddable":true,"href":"https:\/\/roveyayinevi.com.tr\/index.php\/wp-json\/wp\/v2\/product_tag?post=715825"}],"curies":[{"name":"wp","href":"https:\/\/api.w.org\/{rel}","templated":true}]}}