{"id":715823,"date":"2025-08-27T17:35:12","date_gmt":"2025-08-27T14:35:12","guid":{"rendered":"https:\/\/roveyayinevi.com.tr\/index.php\/urun\/bilgi-sosyolojisi\/"},"modified":"2026-04-16T02:23:56","modified_gmt":"2026-04-15T23:23:56","slug":"bilgi-sosyolojisi","status":"publish","type":"product","link":"https:\/\/roveyayinevi.com.tr\/index.php\/urun\/bilgi-sosyolojisi\/","title":{"rendered":"Bilgi Sosyolojisi"},"content":{"rendered":"<p>Bilgi Sosyolojisi, bilginin toplumu etkilemesi anlam\u0131ndan ziyade bilginin toplumdan etkilenmesi anlam\u0131nda bir bilgi sosyolojisi. \u201cGeorg Lukacs\u2019\u0131n \u2018Roman Kuram\u0131\u2019 Kitab\u0131na Ele\u015ftiri Yaz\u0131s\u0131\u201d, \u201cWeltanschauungun Yorumlanmas\u0131 \u00dczerine\u201d, \u201cTarihselcilik\u201d, \u201cBilgi Sosyolojisi Sorunu\u201d, \u201cK\u00fclt\u00fcrel Bir Fenomen Olarak Rekabet\u201d, \u201cEkonomik H\u0131rs\u0131n \u00d6z\u00fc ve Anlam\u0131\u201d, \u201cKu\u015faklar Problemi\u201d ba\u015fl\u0131kl\u0131 yedi makaleden olu\u015fan bu kitapta, salt bir epistemoloji ele\u015ftirisiyle yetinmeyen Mannheim\u2019\u0131n ana iddias\u0131 \u015fudur; d\u00fc\u015f\u00fcnce, hatta kuramsal ya da sistematik d\u00fc\u015f\u00fcnce, \u00e7e\u015fitli d\u00f6nemlerde geli\u015fen entelekt\u00fcel ak\u0131mlar, \u00e7e\u015fitli d\u00fcnya g\u00f6r\u00fc\u015fleri \u201cbo\u015flukta sal\u0131nmazlar\u201d veya \u201chavada bir yerlerde\u201d kendi kendilerine geli\u015fmezler. Bunlar\u0131 geli\u015ftiren bir insand\u0131r; her \u015feyden \u00f6nce bir toplulukta ve toplumda do\u011fan, b\u00fcy\u00fcyen, geli\u015fen ve \u00e7al\u0131\u015fan insan.<\/p>\n","protected":false},"excerpt":{"rendered":"<p>Bilgi Sosyolojisi, bilginin toplumu etkilemesi anlam\u0131ndan ziyade bilginin toplumdan etkilenmesi anlam\u0131nda bir bilgi sosyolojisi. \u201cGeorg Lukacs\u2019\u0131n \u2018Roman Kuram\u0131\u2019 Kitab\u0131na Ele\u015ftiri Yaz\u0131s\u0131\u201d, \u201cWeltanschauungun Yorumlanmas\u0131 \u00dczerine\u201d, \u201cTarihselcilik\u201d, \u201cBilgi<span class=\"excerpt-hellip\"> [\u2026]<\/span><\/p>\n","protected":false},"featured_media":0,"template":"","meta":{"_monsterinsights_skip_tracking":false,"_monsterinsights_sitenote_active":false,"_monsterinsights_sitenote_note":"","_monsterinsights_sitenote_category":0},"product_brand":[],"product_cat":[12835,12324],"product_tag":[],"class_list":{"0":"post-715823","1":"product","2":"type-product","3":"status-publish","5":"product_cat-genel-sosyoloji","6":"product_cat-sosyoloji","7":"pa_cilt-ciltsiz","8":"pa_tur-kitap","9":"pa_yayinevi-pinhan-yayincilik","10":"pa_yazar-karl-mannheim","12":"first","13":"instock","14":"sale","15":"shipping-taxable","16":"purchasable","17":"product-type-simple"},"_links":{"self":[{"href":"https:\/\/roveyayinevi.com.tr\/index.php\/wp-json\/wp\/v2\/product\/715823","targetHints":{"allow":["GET"]}}],"collection":[{"href":"https:\/\/roveyayinevi.com.tr\/index.php\/wp-json\/wp\/v2\/product"}],"about":[{"href":"https:\/\/roveyayinevi.com.tr\/index.php\/wp-json\/wp\/v2\/types\/product"}],"wp:attachment":[{"href":"https:\/\/roveyayinevi.com.tr\/index.php\/wp-json\/wp\/v2\/media?parent=715823"}],"wp:term":[{"taxonomy":"product_brand","embeddable":true,"href":"https:\/\/roveyayinevi.com.tr\/index.php\/wp-json\/wp\/v2\/product_brand?post=715823"},{"taxonomy":"product_cat","embeddable":true,"href":"https:\/\/roveyayinevi.com.tr\/index.php\/wp-json\/wp\/v2\/product_cat?post=715823"},{"taxonomy":"product_tag","embeddable":true,"href":"https:\/\/roveyayinevi.com.tr\/index.php\/wp-json\/wp\/v2\/product_tag?post=715823"}],"curies":[{"name":"wp","href":"https:\/\/api.w.org\/{rel}","templated":true}]}}